{"id":4767,"date":"2020-09-08T13:00:05","date_gmt":"2020-09-08T13:00:05","guid":{"rendered":"https:\/\/jnegre.com\/?post_type=product&#038;p=4767"},"modified":"2022-12-09T12:21:43","modified_gmt":"2022-12-09T12:21:43","slug":"panells-dhumidificacio-adiabatics-per-a-qualsevol-marca-o-model","status":"publish","type":"product","link":"https:\/\/jnegre.com\/ca\/producto\/panells-dhumidificacio-adiabatics-per-a-qualsevol-marca-o-model\/","title":{"rendered":"Panells d&#8217;humidificaci\u00f3 adiab\u00e0tics per a qualsevol marca o model"},"content":{"rendered":"<div class=\"wpb-content-wrapper\"><p>[vc_row][vc_column width=&#8221;1\/2&#8243;][vc_column_text]<\/p>\n<h5>Avantatges<\/h5>\n<ul>\n<li>Augment de l&#8217;efici\u00e8ncia de la refrigeraci\u00f3<\/li>\n<li>Baixes caigudes de pressi\u00f3<\/li>\n<li>Alta resist\u00e8ncia mec\u00e0nica<\/li>\n<li>Simplicitat de posicionament gr\u00e0cies a la modularitat<\/li>\n<li>Lleuger, cosa que permet una f\u00e0cil manipulaci\u00f3<\/li>\n<li>Llarga vida \u00fatil<\/li>\n<li>Autosuportaci\u00f3<\/li>\n<li>Material reciclable<\/li>\n<\/ul>\n<p>[\/vc_column_text][\/vc_column][vc_column width=&#8221;1\/2&#8243;][\/vc_column][\/vc_row]<\/p>\n<\/div>","protected":false},"excerpt":{"rendered":"<p>Els panells d&#8217;humidificaci\u00f3 s&#8217;empren a les instal\u00b7lacions de tractament d&#8217;aire o aerorefredadors adiab\u00e0tics per maximitzar l&#8217;efici\u00e8ncia d&#8217;humidificaci\u00f3 i refrigeraci\u00f3, limitant les caigudes de pressi\u00f3 i els costos.<\/p>\n<p>J.Negre pots subministrar models diferents de panells d&#8217;humificaci\u00f3 adiab\u00e0tics de cel\u00b7lulosa que es fan servir \u00e0mpliament en el maneig d&#8217;aire industrial i d&#8217;edificis i per a prop\u00f2sits de refredament adiab\u00e0tic. Els productes es poden tallar a mida i s\u00f3n de les prestacions m\u00e9s altes del mercat tant des del punt de vista de l&#8217;intercanvi de calor i massa com per la seva alta resist\u00e8ncia mec\u00e0nica. La darrera arribada a la gamma de productes.<\/p>\n<p>Podem adaptar els nostres panells adiab\u00e0tics a qualsevol marca o model de Aerorefredador adiab\u00e0tic.<\/p>\n<p>Amb el suport del nostre departament de tractament d&#8217;aig\u00fces podem recomanar-vos l&#8217;aigua d&#8217;aportaci\u00f3 ideal per a la m\u00e0xima durabilitat i podem dur a terme neteges de panells adiab\u00e0tics per reutilitzar-los.<\/p>\n<p>A la galeria de fotos podeu veure exemples de panells substitu\u00efts o netejats (abans i despr\u00e9s de l&#8217;actuaci\u00f3).<\/p>\n","protected":false},"featured_media":4794,"template":"","meta":[],"product_brand":[],"product_cat":[106],"product_tag":[],"class_list":{"0":"post-4767","1":"product","2":"type-product","3":"status-publish","4":"has-post-thumbnail","6":"product_cat-torres-i-condensadors","8":"first","9":"instock","10":"shipping-taxable","11":"product-type-simple"},"yoast_head":"<!-- This site is optimized with the Yoast SEO plugin v27.5 - https:\/\/yoast.com\/product\/yoast-seo-wordpress\/ -->\n<title>Panells d&#039;humidificaci\u00f3 adiab\u00e0tics per a qualsevol marca o model | Torres i Condensadors - J.Negre | Expertos en Intercambio T\u00e9rmico y Refrigeraci\u00f3n Industrial desde 1978<\/title>\n<meta name=\"description\" content=\"Model EWK Oberta. Torres de refrigeraci\u00f3 compactes de circuit obert, pre-muntades en f\u00e0brica. Equips complets per a tractament de l&#039;aigua de l&#039;circuit\" \/>\n<meta name=\"robots\" content=\"index, follow, max-snippet:-1, max-image-preview:large, max-video-preview:-1\" \/>\n<link rel=\"canonical\" href=\"https:\/\/jnegre.com\/ca\/producto\/panells-dhumidificacio-adiabatics-per-a-qualsevol-marca-o-model\/\" \/>\n<meta property=\"og:locale\" content=\"ca_ES\" \/>\n<meta property=\"og:type\" content=\"article\" \/>\n<meta property=\"og:title\" content=\"Panells d&#039;humidificaci\u00f3 adiab\u00e0tics per a qualsevol marca o model | Torres i Condensadors - J.Negre | Expertos en Intercambio T\u00e9rmico y Refrigeraci\u00f3n Industrial desde 1978\" \/>\n<meta property=\"og:description\" content=\"Model EWK Oberta. Torres de refrigeraci\u00f3 compactes de circuit obert, pre-muntades en f\u00e0brica. Equips complets per a tractament de l&#039;aigua de l&#039;circuit\" \/>\n<meta property=\"og:url\" content=\"https:\/\/jnegre.com\/ca\/producto\/panells-dhumidificacio-adiabatics-per-a-qualsevol-marca-o-model\/\" \/>\n<meta property=\"og:site_name\" content=\"J.Negre | Expertos en Intercambio T\u00e9rmico y Refrigeraci\u00f3n Industrial desde 1978\" \/>\n<meta property=\"article:modified_time\" content=\"2022-12-09T12:21:43+00:00\" \/>\n<meta property=\"og:image\" content=\"https:\/\/jnegre.com\/wp-content\/uploads\/2022\/12\/jnegre-paneles-humidificacion-dest.jpg\" \/>\n\t<meta property=\"og:image:width\" content=\"800\" \/>\n\t<meta property=\"og:image:height\" content=\"800\" \/>\n\t<meta property=\"og:image:type\" content=\"image\/jpeg\" \/>\n<meta name=\"twitter:card\" content=\"summary_large_image\" \/>\n<meta name=\"twitter:label1\" content=\"Temps estimat de lectura\" \/>\n\t<meta name=\"twitter:data1\" content=\"1 minut\" \/>\n<script type=\"application\/ld+json\" class=\"yoast-schema-graph\">{\"@context\":\"https:\\\/\\\/schema.org\",\"@graph\":[{\"@type\":\"WebPage\",\"@id\":\"https:\\\/\\\/jnegre.com\\\/ca\\\/producto\\\/panells-dhumidificacio-adiabatics-per-a-qualsevol-marca-o-model\\\/\",\"url\":\"https:\\\/\\\/jnegre.com\\\/ca\\\/producto\\\/panells-dhumidificacio-adiabatics-per-a-qualsevol-marca-o-model\\\/\",\"name\":\"Panells d'humidificaci\u00f3 adiab\u00e0tics per a qualsevol marca o model | Torres i Condensadors - J.Negre | Expertos en Intercambio T\u00e9rmico y Refrigeraci\u00f3n Industrial desde 1978\",\"isPartOf\":{\"@id\":\"https:\\\/\\\/jnegre.com\\\/ca\\\/#website\"},\"primaryImageOfPage\":{\"@id\":\"https:\\\/\\\/jnegre.com\\\/ca\\\/producto\\\/panells-dhumidificacio-adiabatics-per-a-qualsevol-marca-o-model\\\/#primaryimage\"},\"image\":{\"@id\":\"https:\\\/\\\/jnegre.com\\\/ca\\\/producto\\\/panells-dhumidificacio-adiabatics-per-a-qualsevol-marca-o-model\\\/#primaryimage\"},\"thumbnailUrl\":\"https:\\\/\\\/jnegre.com\\\/wp-content\\\/uploads\\\/2022\\\/12\\\/jnegre-paneles-humidificacion-dest.jpg\",\"datePublished\":\"2020-09-08T13:00:05+00:00\",\"dateModified\":\"2022-12-09T12:21:43+00:00\",\"description\":\"Model EWK Oberta. Torres de refrigeraci\u00f3 compactes de circuit obert, pre-muntades en f\u00e0brica. Equips complets per a tractament de l'aigua de l'circuit\",\"breadcrumb\":{\"@id\":\"https:\\\/\\\/jnegre.com\\\/ca\\\/producto\\\/panells-dhumidificacio-adiabatics-per-a-qualsevol-marca-o-model\\\/#breadcrumb\"},\"inLanguage\":\"ca\",\"potentialAction\":[{\"@type\":\"ReadAction\",\"target\":[\"https:\\\/\\\/jnegre.com\\\/ca\\\/producto\\\/panells-dhumidificacio-adiabatics-per-a-qualsevol-marca-o-model\\\/\"]}]},{\"@type\":\"ImageObject\",\"inLanguage\":\"ca\",\"@id\":\"https:\\\/\\\/jnegre.com\\\/ca\\\/producto\\\/panells-dhumidificacio-adiabatics-per-a-qualsevol-marca-o-model\\\/#primaryimage\",\"url\":\"https:\\\/\\\/jnegre.com\\\/wp-content\\\/uploads\\\/2022\\\/12\\\/jnegre-paneles-humidificacion-dest.jpg\",\"contentUrl\":\"https:\\\/\\\/jnegre.com\\\/wp-content\\\/uploads\\\/2022\\\/12\\\/jnegre-paneles-humidificacion-dest.jpg\",\"width\":800,\"height\":800},{\"@type\":\"BreadcrumbList\",\"@id\":\"https:\\\/\\\/jnegre.com\\\/ca\\\/producto\\\/panells-dhumidificacio-adiabatics-per-a-qualsevol-marca-o-model\\\/#breadcrumb\",\"itemListElement\":[{\"@type\":\"ListItem\",\"position\":1,\"name\":\"Inicio\",\"item\":\"https:\\\/\\\/jnegre.com\\\/ca\\\/\"},{\"@type\":\"ListItem\",\"position\":2,\"name\":\"Tienda\",\"item\":\"https:\\\/\\\/jnegre.com\\\/ca\\\/tienda\\\/\"},{\"@type\":\"ListItem\",\"position\":3,\"name\":\"Torres i condensadors\",\"item\":\"https:\\\/\\\/jnegre.com\\\/ca\\\/categoria-producto\\\/torres-i-condensadors\\\/\"},{\"@type\":\"ListItem\",\"position\":4,\"name\":\"Panells d&#8217;humidificaci\u00f3 adiab\u00e0tics per a qualsevol marca o model\"}]},{\"@type\":\"WebSite\",\"@id\":\"https:\\\/\\\/jnegre.com\\\/ca\\\/#website\",\"url\":\"https:\\\/\\\/jnegre.com\\\/ca\\\/\",\"name\":\"J.Negre | Expertos en Intercambio T\u00e9rmico y Refrigeraci\u00f3n Industrial desde 1978\",\"description\":\"Intercambiadores de placas Sondex, torres de refrigeraci\u00f3n, enfriadoras magn\u00e9ticas y m\u00e1s. Servicio t\u00e9cnico y suministro con m\u00e1s de 30 a\u00f1os de experiencia\",\"publisher\":{\"@id\":\"https:\\\/\\\/jnegre.com\\\/ca\\\/#organization\"},\"potentialAction\":[{\"@type\":\"SearchAction\",\"target\":{\"@type\":\"EntryPoint\",\"urlTemplate\":\"https:\\\/\\\/jnegre.com\\\/ca\\\/?s={search_term_string}\"},\"query-input\":{\"@type\":\"PropertyValueSpecification\",\"valueRequired\":true,\"valueName\":\"search_term_string\"}}],\"inLanguage\":\"ca\"},{\"@type\":\"Organization\",\"@id\":\"https:\\\/\\\/jnegre.com\\\/ca\\\/#organization\",\"name\":\"J. Negre C.\",\"url\":\"https:\\\/\\\/jnegre.com\\\/ca\\\/\",\"logo\":{\"@type\":\"ImageObject\",\"inLanguage\":\"ca\",\"@id\":\"https:\\\/\\\/jnegre.com\\\/ca\\\/#\\\/schema\\\/logo\\\/image\\\/\",\"url\":\"https:\\\/\\\/jnegre.com\\\/wp-content\\\/uploads\\\/2021\\\/05\\\/jnegre-logo-tagline.png\",\"contentUrl\":\"https:\\\/\\\/jnegre.com\\\/wp-content\\\/uploads\\\/2021\\\/05\\\/jnegre-logo-tagline.png\",\"width\":1411,\"height\":380,\"caption\":\"J. Negre C.\"},\"image\":{\"@id\":\"https:\\\/\\\/jnegre.com\\\/ca\\\/#\\\/schema\\\/logo\\\/image\\\/\"}}]}<\/script>\n<!-- \/ Yoast SEO plugin. -->","yoast_head_json":{"title":"Panells d'humidificaci\u00f3 adiab\u00e0tics per a qualsevol marca o model | Torres i Condensadors - J.Negre | Expertos en Intercambio T\u00e9rmico y Refrigeraci\u00f3n Industrial desde 1978","description":"Model EWK Oberta. Torres de refrigeraci\u00f3 compactes de circuit obert, pre-muntades en f\u00e0brica. Equips complets per a tractament de l'aigua de l'circuit","robots":{"index":"index","follow":"follow","max-snippet":"max-snippet:-1","max-image-preview":"max-image-preview:large","max-video-preview":"max-video-preview:-1"},"canonical":"https:\/\/jnegre.com\/ca\/producto\/panells-dhumidificacio-adiabatics-per-a-qualsevol-marca-o-model\/","og_locale":"ca_ES","og_type":"article","og_title":"Panells d'humidificaci\u00f3 adiab\u00e0tics per a qualsevol marca o model | Torres i Condensadors - J.Negre | Expertos en Intercambio T\u00e9rmico y Refrigeraci\u00f3n Industrial desde 1978","og_description":"Model EWK Oberta. Torres de refrigeraci\u00f3 compactes de circuit obert, pre-muntades en f\u00e0brica. Equips complets per a tractament de l'aigua de l'circuit","og_url":"https:\/\/jnegre.com\/ca\/producto\/panells-dhumidificacio-adiabatics-per-a-qualsevol-marca-o-model\/","og_site_name":"J.Negre | Expertos en Intercambio T\u00e9rmico y Refrigeraci\u00f3n Industrial desde 1978","article_modified_time":"2022-12-09T12:21:43+00:00","og_image":[{"width":800,"height":800,"url":"https:\/\/jnegre.com\/wp-content\/uploads\/2022\/12\/jnegre-paneles-humidificacion-dest.jpg","type":"image\/jpeg"}],"twitter_card":"summary_large_image","twitter_misc":{"Temps estimat de lectura":"1 minut"},"schema":{"@context":"https:\/\/schema.org","@graph":[{"@type":"WebPage","@id":"https:\/\/jnegre.com\/ca\/producto\/panells-dhumidificacio-adiabatics-per-a-qualsevol-marca-o-model\/","url":"https:\/\/jnegre.com\/ca\/producto\/panells-dhumidificacio-adiabatics-per-a-qualsevol-marca-o-model\/","name":"Panells d'humidificaci\u00f3 adiab\u00e0tics per a qualsevol marca o model | Torres i Condensadors - J.Negre | Expertos en Intercambio T\u00e9rmico y Refrigeraci\u00f3n Industrial desde 1978","isPartOf":{"@id":"https:\/\/jnegre.com\/ca\/#website"},"primaryImageOfPage":{"@id":"https:\/\/jnegre.com\/ca\/producto\/panells-dhumidificacio-adiabatics-per-a-qualsevol-marca-o-model\/#primaryimage"},"image":{"@id":"https:\/\/jnegre.com\/ca\/producto\/panells-dhumidificacio-adiabatics-per-a-qualsevol-marca-o-model\/#primaryimage"},"thumbnailUrl":"https:\/\/jnegre.com\/wp-content\/uploads\/2022\/12\/jnegre-paneles-humidificacion-dest.jpg","datePublished":"2020-09-08T13:00:05+00:00","dateModified":"2022-12-09T12:21:43+00:00","description":"Model EWK Oberta. Torres de refrigeraci\u00f3 compactes de circuit obert, pre-muntades en f\u00e0brica. Equips complets per a tractament de l'aigua de l'circuit","breadcrumb":{"@id":"https:\/\/jnegre.com\/ca\/producto\/panells-dhumidificacio-adiabatics-per-a-qualsevol-marca-o-model\/#breadcrumb"},"inLanguage":"ca","potentialAction":[{"@type":"ReadAction","target":["https:\/\/jnegre.com\/ca\/producto\/panells-dhumidificacio-adiabatics-per-a-qualsevol-marca-o-model\/"]}]},{"@type":"ImageObject","inLanguage":"ca","@id":"https:\/\/jnegre.com\/ca\/producto\/panells-dhumidificacio-adiabatics-per-a-qualsevol-marca-o-model\/#primaryimage","url":"https:\/\/jnegre.com\/wp-content\/uploads\/2022\/12\/jnegre-paneles-humidificacion-dest.jpg","contentUrl":"https:\/\/jnegre.com\/wp-content\/uploads\/2022\/12\/jnegre-paneles-humidificacion-dest.jpg","width":800,"height":800},{"@type":"BreadcrumbList","@id":"https:\/\/jnegre.com\/ca\/producto\/panells-dhumidificacio-adiabatics-per-a-qualsevol-marca-o-model\/#breadcrumb","itemListElement":[{"@type":"ListItem","position":1,"name":"Inicio","item":"https:\/\/jnegre.com\/ca\/"},{"@type":"ListItem","position":2,"name":"Tienda","item":"https:\/\/jnegre.com\/ca\/tienda\/"},{"@type":"ListItem","position":3,"name":"Torres i condensadors","item":"https:\/\/jnegre.com\/ca\/categoria-producto\/torres-i-condensadors\/"},{"@type":"ListItem","position":4,"name":"Panells d&#8217;humidificaci\u00f3 adiab\u00e0tics per a qualsevol marca o model"}]},{"@type":"WebSite","@id":"https:\/\/jnegre.com\/ca\/#website","url":"https:\/\/jnegre.com\/ca\/","name":"J.Negre | Expertos en Intercambio T\u00e9rmico y Refrigeraci\u00f3n Industrial desde 1978","description":"Intercambiadores de placas Sondex, torres de refrigeraci\u00f3n, enfriadoras magn\u00e9ticas y m\u00e1s. Servicio t\u00e9cnico y suministro con m\u00e1s de 30 a\u00f1os de experiencia","publisher":{"@id":"https:\/\/jnegre.com\/ca\/#organization"},"potentialAction":[{"@type":"SearchAction","target":{"@type":"EntryPoint","urlTemplate":"https:\/\/jnegre.com\/ca\/?s={search_term_string}"},"query-input":{"@type":"PropertyValueSpecification","valueRequired":true,"valueName":"search_term_string"}}],"inLanguage":"ca"},{"@type":"Organization","@id":"https:\/\/jnegre.com\/ca\/#organization","name":"J. Negre C.","url":"https:\/\/jnegre.com\/ca\/","logo":{"@type":"ImageObject","inLanguage":"ca","@id":"https:\/\/jnegre.com\/ca\/#\/schema\/logo\/image\/","url":"https:\/\/jnegre.com\/wp-content\/uploads\/2021\/05\/jnegre-logo-tagline.png","contentUrl":"https:\/\/jnegre.com\/wp-content\/uploads\/2021\/05\/jnegre-logo-tagline.png","width":1411,"height":380,"caption":"J. Negre C."},"image":{"@id":"https:\/\/jnegre.com\/ca\/#\/schema\/logo\/image\/"}}]}},"_links":{"self":[{"href":"https:\/\/jnegre.com\/ca\/wp-json\/wp\/v2\/product\/4767","targetHints":{"allow":["GET"]}}],"collection":[{"href":"https:\/\/jnegre.com\/ca\/wp-json\/wp\/v2\/product"}],"about":[{"href":"https:\/\/jnegre.com\/ca\/wp-json\/wp\/v2\/types\/product"}],"wp:featuredmedia":[{"embeddable":true,"href":"https:\/\/jnegre.com\/ca\/wp-json\/wp\/v2\/media\/4794"}],"wp:attachment":[{"href":"https:\/\/jnegre.com\/ca\/wp-json\/wp\/v2\/media?parent=4767"}],"wp:term":[{"taxonomy":"product_brand","embeddable":true,"href":"https:\/\/jnegre.com\/ca\/wp-json\/wp\/v2\/product_brand?post=4767"},{"taxonomy":"product_cat","embeddable":true,"href":"https:\/\/jnegre.com\/ca\/wp-json\/wp\/v2\/product_cat?post=4767"},{"taxonomy":"product_tag","embeddable":true,"href":"https:\/\/jnegre.com\/ca\/wp-json\/wp\/v2\/product_tag?post=4767"}],"curies":[{"name":"wp","href":"https:\/\/api.w.org\/{rel}","templated":true}]}}