{"id":4389,"date":"2021-03-24T12:01:07","date_gmt":"2021-03-24T12:01:07","guid":{"rendered":"https:\/\/jnegre.com\/producto\/refrigerant-ecologic\/"},"modified":"2021-03-30T08:13:49","modified_gmt":"2021-03-30T08:13:49","slug":"refrigerant-ecologic","status":"publish","type":"product","link":"https:\/\/jnegre.com\/ca\/producto\/refrigerant-ecologic\/","title":{"rendered":"Refrigerant ecol\u00f2gic"},"content":{"rendered":"<div class=\"wpb-content-wrapper\"><p>[vc_row el_class=&#8221;screen-reader-text&#8221;][vc_column][vc_column_text]<\/p>\n<h2>Refrigerant ecol\u00f2gic<\/h2>\n<p>Refrigerant ecol\u00f2gic HFO1234ze. Refrigerant per a refrigeradores que redueix les emissions directes de CO\u2082, no \u00e9s inflamable i no \u00e9s t\u00f2xic.<\/p>\n<h5>Refrigerant HFO1234ze<\/h5>\n<p>Simplement&#8230; Els primers en el m\u00f3n<\/p>\n<h5>Caracter\u00edstiques generals<\/h5>\n<ul>\n<li>Redueix les emissions directes de CO\u2082 un 99,6% respecte al R134a GWP:1<\/li>\n<li>No hi ha c\u00e0rrega d&#8217;impostos<\/li>\n<li>Vida en l&#8217;atmosfera de 18 dies comparat amb els 13 anys del R134a (font Honeywell)<\/li>\n<li>No inflamable<\/li>\n<li>No t\u00f2xic<\/li>\n<\/ul>\n<p>[\/vc_column_text][\/vc_column][\/vc_row][vc_row][vc_column width=&#8221;1\/2&#8243;][vc_single_image image=&#8221;3340&#8243; img_size=&#8221;full&#8221;][\/vc_column][vc_column width=&#8221;1\/2&#8243;][vc_column_text]El comprom\u00eds de Geoclima amb el medi ambient no s\u00f3n nom\u00e9s paraules boniques en fullets, \u00e9s una realitat palpable. Geoclima va desenvolupar juntament amb Honeywell la introducci\u00f3 del refrigerant HFO1234ze i va fabricar les primeres refrigeradores funcionant amb aquest refrigerant en 2011. Aquests equips estan funcionant en el supermercat Waitrose de Londres des de 2011 i van ser els primers del m\u00f3n a funcionar amb aquest refrigerant.[\/vc_column_text][\/vc_column][\/vc_row][vc_row][vc_column][vc_empty_space height=&#8221;65px&#8221;][\/vc_column][\/vc_row][vc_row][vc_column width=&#8221;1\/2&#8243;][vc_column_text]Mentre Geoclima exerceix de pioner, les grans multinacionals esclaves de l&#8217;estandarditzaci\u00f3 continuen apurant fins que la llei li ho permeti l&#8217;\u00fas de tecnologies mes nocives per al medi ambient. El fet de ser els primers en l&#8217;\u00fas del refrigerant ecol\u00f2gic R1234ze ha suposat nombrosos premis i reconeixements a Geoclima.<br \/>\n[\/vc_column_text][\/vc_column][vc_column width=&#8221;1\/2&#8243;][vc_single_image image=&#8221;3342&#8243; img_size=&#8221;full&#8221;][\/vc_column][\/vc_row][vc_row][vc_column][vc_empty_space height=&#8221;65px&#8221;][\/vc_column][\/vc_row][vc_row][vc_column width=&#8221;1\/3&#8243;][vc_column_text]<\/p>\n<h5>La nostra experi\u00e8ncia en comparar<\/h5>\n<p>HFO1234ze amb R134a en els compressors Turbocor indiquen una p\u00e8rdua de capacitat d&#8217;al voltant de 24% en comparaci\u00f3 amb el R134a en diverses condicions de treball. No obstant aix\u00f2, la pot\u00e8ncia mitjana absorbida \u00e9s gaireb\u00e9 un 28%<br \/>\nmenor, donant un EER general un 5% millor que el R134a en una \u00e0mplia gamma de punts i condicions de treball[\/vc_column_text][\/vc_column][vc_column width=&#8221;2\/3&#8243;][vc_single_image image=&#8221;3343&#8243; img_size=&#8221;full&#8221;][\/vc_column][\/vc_row]<\/p>\n<\/div>","protected":false},"excerpt":{"rendered":"<h5>Refrigerant HFO1234ze<\/h5>\n<p>Simplement&#8230; Els primers en el m\u00f3n<\/p>\n<h5>Caracter\u00edstiques generals<\/h5>\n<ul>\n<li>Redueix les emissions directes de CO\u2082 un 99,6% respecte al R134a GWP:1<\/li>\n<li>No hi ha c\u00e0rrega d&#8217;impostos<\/li>\n<li>Vida en l&#8217;atmosfera de 18 dies comparat amb els 13 anys del R134a (font Honeywell)<\/li>\n<li>No inflamable<\/li>\n<li>No t\u00f2xic<\/li>\n<\/ul>\n","protected":false},"featured_media":4158,"template":"","meta":[],"product_brand":[],"product_cat":[113],"product_tag":[],"class_list":{"0":"post-4389","1":"product","2":"type-product","3":"status-publish","4":"has-post-thumbnail","6":"product_cat-opcionals","8":"first","9":"instock","10":"shipping-taxable","11":"product-type-simple"},"yoast_head":"<!-- This site is optimized with the Yoast SEO plugin v27.5 - https:\/\/yoast.com\/product\/yoast-seo-wordpress\/ -->\n<title>Refrigerant ecol\u00f2gic per a refrigeradores | J.Negre | Expertos en Intercambio T\u00e9rmico y Refrigeraci\u00f3n Industrial desde 1978<\/title>\n<meta name=\"description\" content=\"Refrigerant ecol\u00f2gic HFO1234ze. Refrigerant per a refrigeradores que redueix les emissions directes de CO\u2082, no \u00e9s inflamable i no \u00e9s t\u00f2xic.\" \/>\n<meta name=\"robots\" content=\"index, follow, max-snippet:-1, max-image-preview:large, max-video-preview:-1\" \/>\n<link rel=\"canonical\" href=\"https:\/\/jnegre.com\/ca\/producto\/refrigerant-ecologic\/\" \/>\n<meta property=\"og:locale\" content=\"ca_ES\" \/>\n<meta property=\"og:type\" content=\"article\" \/>\n<meta property=\"og:title\" content=\"Refrigerant ecol\u00f2gic per a refrigeradores | J.Negre | Expertos en Intercambio T\u00e9rmico y Refrigeraci\u00f3n Industrial desde 1978\" \/>\n<meta property=\"og:description\" content=\"Refrigerant ecol\u00f2gic HFO1234ze. Refrigerant per a refrigeradores que redueix les emissions directes de CO\u2082, no \u00e9s inflamable i no \u00e9s t\u00f2xic.\" \/>\n<meta property=\"og:url\" content=\"https:\/\/jnegre.com\/ca\/producto\/refrigerant-ecologic\/\" \/>\n<meta property=\"og:site_name\" content=\"J.Negre | Expertos en Intercambio T\u00e9rmico y Refrigeraci\u00f3n Industrial desde 1978\" \/>\n<meta property=\"article:modified_time\" content=\"2021-03-30T08:13:49+00:00\" \/>\n<meta property=\"og:image\" content=\"https:\/\/jnegre.com\/wp-content\/uploads\/2020\/12\/jnegre-refrigerante-ecologico-dest.jpg\" \/>\n\t<meta property=\"og:image:width\" content=\"800\" \/>\n\t<meta property=\"og:image:height\" content=\"800\" \/>\n\t<meta property=\"og:image:type\" content=\"image\/jpeg\" \/>\n<meta name=\"twitter:card\" content=\"summary_large_image\" \/>\n<meta name=\"twitter:label1\" content=\"Temps estimat de lectura\" \/>\n\t<meta name=\"twitter:data1\" content=\"2 minuts\" \/>\n<script type=\"application\/ld+json\" class=\"yoast-schema-graph\">{\"@context\":\"https:\\\/\\\/schema.org\",\"@graph\":[{\"@type\":\"WebPage\",\"@id\":\"https:\\\/\\\/jnegre.com\\\/ca\\\/producto\\\/refrigerant-ecologic\\\/\",\"url\":\"https:\\\/\\\/jnegre.com\\\/ca\\\/producto\\\/refrigerant-ecologic\\\/\",\"name\":\"Refrigerant ecol\u00f2gic per a refrigeradores | J.Negre | Expertos en Intercambio T\u00e9rmico y Refrigeraci\u00f3n Industrial desde 1978\",\"isPartOf\":{\"@id\":\"https:\\\/\\\/jnegre.com\\\/ca\\\/#website\"},\"primaryImageOfPage\":{\"@id\":\"https:\\\/\\\/jnegre.com\\\/ca\\\/producto\\\/refrigerant-ecologic\\\/#primaryimage\"},\"image\":{\"@id\":\"https:\\\/\\\/jnegre.com\\\/ca\\\/producto\\\/refrigerant-ecologic\\\/#primaryimage\"},\"thumbnailUrl\":\"https:\\\/\\\/jnegre.com\\\/wp-content\\\/uploads\\\/2020\\\/12\\\/jnegre-refrigerante-ecologico-dest.jpg\",\"datePublished\":\"2021-03-24T12:01:07+00:00\",\"dateModified\":\"2021-03-30T08:13:49+00:00\",\"description\":\"Refrigerant ecol\u00f2gic HFO1234ze. Refrigerant per a refrigeradores que redueix les emissions directes de CO\u2082, no \u00e9s inflamable i no \u00e9s t\u00f2xic.\",\"breadcrumb\":{\"@id\":\"https:\\\/\\\/jnegre.com\\\/ca\\\/producto\\\/refrigerant-ecologic\\\/#breadcrumb\"},\"inLanguage\":\"ca\",\"potentialAction\":[{\"@type\":\"ReadAction\",\"target\":[\"https:\\\/\\\/jnegre.com\\\/ca\\\/producto\\\/refrigerant-ecologic\\\/\"]}]},{\"@type\":\"ImageObject\",\"inLanguage\":\"ca\",\"@id\":\"https:\\\/\\\/jnegre.com\\\/ca\\\/producto\\\/refrigerant-ecologic\\\/#primaryimage\",\"url\":\"https:\\\/\\\/jnegre.com\\\/wp-content\\\/uploads\\\/2020\\\/12\\\/jnegre-refrigerante-ecologico-dest.jpg\",\"contentUrl\":\"https:\\\/\\\/jnegre.com\\\/wp-content\\\/uploads\\\/2020\\\/12\\\/jnegre-refrigerante-ecologico-dest.jpg\",\"width\":800,\"height\":800,\"caption\":\"JNEGRE - Refrigerant ecol\u00f2gic\"},{\"@type\":\"BreadcrumbList\",\"@id\":\"https:\\\/\\\/jnegre.com\\\/ca\\\/producto\\\/refrigerant-ecologic\\\/#breadcrumb\",\"itemListElement\":[{\"@type\":\"ListItem\",\"position\":1,\"name\":\"Inicio\",\"item\":\"https:\\\/\\\/jnegre.com\\\/ca\\\/\"},{\"@type\":\"ListItem\",\"position\":2,\"name\":\"Tienda\",\"item\":\"https:\\\/\\\/jnegre.com\\\/ca\\\/tienda\\\/\"},{\"@type\":\"ListItem\",\"position\":3,\"name\":\"Refrigeradores d'aigua\",\"item\":\"https:\\\/\\\/jnegre.com\\\/ca\\\/categoria-producto\\\/refrigeradores-daigua\\\/\"},{\"@type\":\"ListItem\",\"position\":4,\"name\":\"Opcionals\",\"item\":\"https:\\\/\\\/jnegre.com\\\/ca\\\/categoria-producto\\\/refrigeradores-daigua\\\/opcionals\\\/\"},{\"@type\":\"ListItem\",\"position\":5,\"name\":\"Refrigerant ecol\u00f2gic\"}]},{\"@type\":\"WebSite\",\"@id\":\"https:\\\/\\\/jnegre.com\\\/ca\\\/#website\",\"url\":\"https:\\\/\\\/jnegre.com\\\/ca\\\/\",\"name\":\"J.Negre | Expertos en Intercambio T\u00e9rmico y Refrigeraci\u00f3n Industrial desde 1978\",\"description\":\"Intercambiadores de placas Sondex, torres de refrigeraci\u00f3n, enfriadoras magn\u00e9ticas y m\u00e1s. Servicio t\u00e9cnico y suministro con m\u00e1s de 30 a\u00f1os de experiencia\",\"publisher\":{\"@id\":\"https:\\\/\\\/jnegre.com\\\/ca\\\/#organization\"},\"potentialAction\":[{\"@type\":\"SearchAction\",\"target\":{\"@type\":\"EntryPoint\",\"urlTemplate\":\"https:\\\/\\\/jnegre.com\\\/ca\\\/?s={search_term_string}\"},\"query-input\":{\"@type\":\"PropertyValueSpecification\",\"valueRequired\":true,\"valueName\":\"search_term_string\"}}],\"inLanguage\":\"ca\"},{\"@type\":\"Organization\",\"@id\":\"https:\\\/\\\/jnegre.com\\\/ca\\\/#organization\",\"name\":\"J. Negre C.\",\"url\":\"https:\\\/\\\/jnegre.com\\\/ca\\\/\",\"logo\":{\"@type\":\"ImageObject\",\"inLanguage\":\"ca\",\"@id\":\"https:\\\/\\\/jnegre.com\\\/ca\\\/#\\\/schema\\\/logo\\\/image\\\/\",\"url\":\"https:\\\/\\\/jnegre.com\\\/wp-content\\\/uploads\\\/2021\\\/05\\\/jnegre-logo-tagline.png\",\"contentUrl\":\"https:\\\/\\\/jnegre.com\\\/wp-content\\\/uploads\\\/2021\\\/05\\\/jnegre-logo-tagline.png\",\"width\":1411,\"height\":380,\"caption\":\"J. Negre C.\"},\"image\":{\"@id\":\"https:\\\/\\\/jnegre.com\\\/ca\\\/#\\\/schema\\\/logo\\\/image\\\/\"}}]}<\/script>\n<!-- \/ Yoast SEO plugin. -->","yoast_head_json":{"title":"Refrigerant ecol\u00f2gic per a refrigeradores | J.Negre | Expertos en Intercambio T\u00e9rmico y Refrigeraci\u00f3n Industrial desde 1978","description":"Refrigerant ecol\u00f2gic HFO1234ze. Refrigerant per a refrigeradores que redueix les emissions directes de CO\u2082, no \u00e9s inflamable i no \u00e9s t\u00f2xic.","robots":{"index":"index","follow":"follow","max-snippet":"max-snippet:-1","max-image-preview":"max-image-preview:large","max-video-preview":"max-video-preview:-1"},"canonical":"https:\/\/jnegre.com\/ca\/producto\/refrigerant-ecologic\/","og_locale":"ca_ES","og_type":"article","og_title":"Refrigerant ecol\u00f2gic per a refrigeradores | J.Negre | Expertos en Intercambio T\u00e9rmico y Refrigeraci\u00f3n Industrial desde 1978","og_description":"Refrigerant ecol\u00f2gic HFO1234ze. Refrigerant per a refrigeradores que redueix les emissions directes de CO\u2082, no \u00e9s inflamable i no \u00e9s t\u00f2xic.","og_url":"https:\/\/jnegre.com\/ca\/producto\/refrigerant-ecologic\/","og_site_name":"J.Negre | Expertos en Intercambio T\u00e9rmico y Refrigeraci\u00f3n Industrial desde 1978","article_modified_time":"2021-03-30T08:13:49+00:00","og_image":[{"width":800,"height":800,"url":"https:\/\/jnegre.com\/wp-content\/uploads\/2020\/12\/jnegre-refrigerante-ecologico-dest.jpg","type":"image\/jpeg"}],"twitter_card":"summary_large_image","twitter_misc":{"Temps estimat de lectura":"2 minuts"},"schema":{"@context":"https:\/\/schema.org","@graph":[{"@type":"WebPage","@id":"https:\/\/jnegre.com\/ca\/producto\/refrigerant-ecologic\/","url":"https:\/\/jnegre.com\/ca\/producto\/refrigerant-ecologic\/","name":"Refrigerant ecol\u00f2gic per a refrigeradores | J.Negre | Expertos en Intercambio T\u00e9rmico y Refrigeraci\u00f3n Industrial desde 1978","isPartOf":{"@id":"https:\/\/jnegre.com\/ca\/#website"},"primaryImageOfPage":{"@id":"https:\/\/jnegre.com\/ca\/producto\/refrigerant-ecologic\/#primaryimage"},"image":{"@id":"https:\/\/jnegre.com\/ca\/producto\/refrigerant-ecologic\/#primaryimage"},"thumbnailUrl":"https:\/\/jnegre.com\/wp-content\/uploads\/2020\/12\/jnegre-refrigerante-ecologico-dest.jpg","datePublished":"2021-03-24T12:01:07+00:00","dateModified":"2021-03-30T08:13:49+00:00","description":"Refrigerant ecol\u00f2gic HFO1234ze. Refrigerant per a refrigeradores que redueix les emissions directes de CO\u2082, no \u00e9s inflamable i no \u00e9s t\u00f2xic.","breadcrumb":{"@id":"https:\/\/jnegre.com\/ca\/producto\/refrigerant-ecologic\/#breadcrumb"},"inLanguage":"ca","potentialAction":[{"@type":"ReadAction","target":["https:\/\/jnegre.com\/ca\/producto\/refrigerant-ecologic\/"]}]},{"@type":"ImageObject","inLanguage":"ca","@id":"https:\/\/jnegre.com\/ca\/producto\/refrigerant-ecologic\/#primaryimage","url":"https:\/\/jnegre.com\/wp-content\/uploads\/2020\/12\/jnegre-refrigerante-ecologico-dest.jpg","contentUrl":"https:\/\/jnegre.com\/wp-content\/uploads\/2020\/12\/jnegre-refrigerante-ecologico-dest.jpg","width":800,"height":800,"caption":"JNEGRE - Refrigerant ecol\u00f2gic"},{"@type":"BreadcrumbList","@id":"https:\/\/jnegre.com\/ca\/producto\/refrigerant-ecologic\/#breadcrumb","itemListElement":[{"@type":"ListItem","position":1,"name":"Inicio","item":"https:\/\/jnegre.com\/ca\/"},{"@type":"ListItem","position":2,"name":"Tienda","item":"https:\/\/jnegre.com\/ca\/tienda\/"},{"@type":"ListItem","position":3,"name":"Refrigeradores d'aigua","item":"https:\/\/jnegre.com\/ca\/categoria-producto\/refrigeradores-daigua\/"},{"@type":"ListItem","position":4,"name":"Opcionals","item":"https:\/\/jnegre.com\/ca\/categoria-producto\/refrigeradores-daigua\/opcionals\/"},{"@type":"ListItem","position":5,"name":"Refrigerant ecol\u00f2gic"}]},{"@type":"WebSite","@id":"https:\/\/jnegre.com\/ca\/#website","url":"https:\/\/jnegre.com\/ca\/","name":"J.Negre | Expertos en Intercambio T\u00e9rmico y Refrigeraci\u00f3n Industrial desde 1978","description":"Intercambiadores de placas Sondex, torres de refrigeraci\u00f3n, enfriadoras magn\u00e9ticas y m\u00e1s. Servicio t\u00e9cnico y suministro con m\u00e1s de 30 a\u00f1os de experiencia","publisher":{"@id":"https:\/\/jnegre.com\/ca\/#organization"},"potentialAction":[{"@type":"SearchAction","target":{"@type":"EntryPoint","urlTemplate":"https:\/\/jnegre.com\/ca\/?s={search_term_string}"},"query-input":{"@type":"PropertyValueSpecification","valueRequired":true,"valueName":"search_term_string"}}],"inLanguage":"ca"},{"@type":"Organization","@id":"https:\/\/jnegre.com\/ca\/#organization","name":"J. Negre C.","url":"https:\/\/jnegre.com\/ca\/","logo":{"@type":"ImageObject","inLanguage":"ca","@id":"https:\/\/jnegre.com\/ca\/#\/schema\/logo\/image\/","url":"https:\/\/jnegre.com\/wp-content\/uploads\/2021\/05\/jnegre-logo-tagline.png","contentUrl":"https:\/\/jnegre.com\/wp-content\/uploads\/2021\/05\/jnegre-logo-tagline.png","width":1411,"height":380,"caption":"J. Negre C."},"image":{"@id":"https:\/\/jnegre.com\/ca\/#\/schema\/logo\/image\/"}}]}},"_links":{"self":[{"href":"https:\/\/jnegre.com\/ca\/wp-json\/wp\/v2\/product\/4389","targetHints":{"allow":["GET"]}}],"collection":[{"href":"https:\/\/jnegre.com\/ca\/wp-json\/wp\/v2\/product"}],"about":[{"href":"https:\/\/jnegre.com\/ca\/wp-json\/wp\/v2\/types\/product"}],"wp:featuredmedia":[{"embeddable":true,"href":"https:\/\/jnegre.com\/ca\/wp-json\/wp\/v2\/media\/4158"}],"wp:attachment":[{"href":"https:\/\/jnegre.com\/ca\/wp-json\/wp\/v2\/media?parent=4389"}],"wp:term":[{"taxonomy":"product_brand","embeddable":true,"href":"https:\/\/jnegre.com\/ca\/wp-json\/wp\/v2\/product_brand?post=4389"},{"taxonomy":"product_cat","embeddable":true,"href":"https:\/\/jnegre.com\/ca\/wp-json\/wp\/v2\/product_cat?post=4389"},{"taxonomy":"product_tag","embeddable":true,"href":"https:\/\/jnegre.com\/ca\/wp-json\/wp\/v2\/product_tag?post=4389"}],"curies":[{"name":"wp","href":"https:\/\/api.w.org\/{rel}","templated":true}]}}