{"id":4295,"date":"2021-03-19T11:34:39","date_gmt":"2021-03-19T11:34:39","guid":{"rendered":"https:\/\/jnegre.com\/producto\/filtres-senzills-i-dobles\/"},"modified":"2021-06-02T11:04:55","modified_gmt":"2021-06-02T11:04:55","slug":"filtres-senzills-i-dobles","status":"publish","type":"product","link":"https:\/\/jnegre.com\/ca\/producto\/filtres-senzills-i-dobles\/","title":{"rendered":"Filtres senzills i dobles"},"content":{"rendered":"<div class=\"wpb-content-wrapper\"><p>[vc_row el_class=&#8221;screen-reader-text&#8221;][vc_column][vc_column_text]<\/p>\n<h2>Filtres senzills i dobles<\/h2>\n<p>Filtres senzills i dobles per a tractaments d&#8217;aigua. Marca MAHLE AKO. Gran resist\u00e8ncia. Adequats per al filtrar l\u00edquids de tota mena.<\/p>\n<h5>ROBUST I FLEXIBLE<br \/>\nEFIC\u00c0CIA GR\u00c0CIES ALS FILTRES DE CISTELLA<\/h5>\n<p>Els filtres senzills i dobles de MAHLE AKO s\u00f3n adequats per al filtrar l\u00edquids de tota mena gr\u00e0cies a la seva construcci\u00f3 perfeccionada. Estan equipats cistelles o cartutxos met\u00e0l\u00b7lics que conjuminen un maneig i una neteja senzills amb una gran resist\u00e8ncia i una llarga vida \u00fatil.<\/p>\n<h5>Documentaci\u00f3<\/h5>\n<p><a href=\"https:\/\/jnegre.com\/wp-content\/uploads\/pdf\/jnegre-folleto-tratamiento-de-agua-2018.pdf\" target=\"_blank\" rel=\"noopener noreferrer\">Descarregar Cat\u00e0leg<\/a>[\/vc_column_text][\/vc_column][\/vc_row][vc_row][vc_column][vc_raw_html]PGlmcmFtZSBzcmM9Imh0dHA6Ly9qbmVncmUuY29tLm1pYWxpYXMubmV0L3dwLWNvbnRlbnQvdXBsb2Fkcy9wZGYvam5lZ3JlLWZpbHRyb3Mtc2VuY2lsbG9zLXktZG9ibGVzLnBkZiIgd2lkdGg9IjEwMCUiIGhlaWdodD0iNzIwIj48L2lmcmFtZT4=[\/vc_raw_html][\/vc_column][\/vc_row]<\/p>\n<\/div>","protected":false},"excerpt":{"rendered":"<h5>ROBUST I FLEXIBLE<br \/>\nEFIC\u00c0CIA GR\u00c0CIES ALS FILTRES DE CISTELLA<\/h5>\n<p>Els filtres senzills i dobles de MAHLE AKO s\u00f3n adequats per al filtrar l\u00edquids de tota mena gr\u00e0cies a la seva construcci\u00f3 perfeccionada. Estan equipats cistelles o cartutxos met\u00e0l\u00b7lics que conjuminen un maneig i una neteja senzills amb una gran resist\u00e8ncia i una llarga vida \u00fatil.<\/p>\n<h5>Documentaci\u00f3<\/h5>\n<p><a href=\"https:\/\/jnegre.com\/wp-content\/uploads\/pdf\/jnegre-folleto-tratamiento-de-agua-2018.pdf\" target=\"_blank\" rel=\"noopener noreferrer\">Descarregar Cat\u00e0leg<\/a><\/p>\n","protected":false},"featured_media":4198,"template":"","meta":[],"product_brand":[],"product_cat":[117],"product_tag":[],"class_list":{"0":"post-4295","1":"product","2":"type-product","3":"status-publish","4":"has-post-thumbnail","6":"product_cat-tractaments-daigua","8":"first","9":"instock","10":"shipping-taxable","11":"product-type-simple"},"yoast_head":"<!-- This site is optimized with the Yoast SEO plugin v27.5 - https:\/\/yoast.com\/product\/yoast-seo-wordpress\/ -->\n<title>Filtres senzills i dobles | Tractaments d&#039;aigua - J.Negre | Expertos en Intercambio T\u00e9rmico y Refrigeraci\u00f3n Industrial desde 1978<\/title>\n<meta name=\"description\" content=\"Filtres senzills i dobles per a tractaments d&#039;aigua. Marca MAHLE AKO. Gran resist\u00e8ncia. Adequats per al filtrar l\u00edquids de tota mena.\" \/>\n<meta name=\"robots\" content=\"index, follow, max-snippet:-1, max-image-preview:large, max-video-preview:-1\" \/>\n<link rel=\"canonical\" href=\"https:\/\/jnegre.com\/ca\/producto\/filtres-senzills-i-dobles\/\" \/>\n<meta property=\"og:locale\" content=\"ca_ES\" \/>\n<meta property=\"og:type\" content=\"article\" \/>\n<meta property=\"og:title\" content=\"Filtres senzills i dobles | Tractaments d&#039;aigua - J.Negre | Expertos en Intercambio T\u00e9rmico y Refrigeraci\u00f3n Industrial desde 1978\" \/>\n<meta property=\"og:description\" content=\"Filtres senzills i dobles per a tractaments d&#039;aigua. Marca MAHLE AKO. Gran resist\u00e8ncia. Adequats per al filtrar l\u00edquids de tota mena.\" \/>\n<meta property=\"og:url\" content=\"https:\/\/jnegre.com\/ca\/producto\/filtres-senzills-i-dobles\/\" \/>\n<meta property=\"og:site_name\" content=\"J.Negre | Expertos en Intercambio T\u00e9rmico y Refrigeraci\u00f3n Industrial desde 1978\" \/>\n<meta property=\"article:modified_time\" content=\"2021-06-02T11:04:55+00:00\" \/>\n<meta property=\"og:image\" content=\"https:\/\/jnegre.com\/wp-content\/uploads\/2020\/08\/jnegre-filtros-simples-dest.jpg\" \/>\n\t<meta property=\"og:image:width\" content=\"800\" \/>\n\t<meta property=\"og:image:height\" content=\"800\" \/>\n\t<meta property=\"og:image:type\" content=\"image\/jpeg\" \/>\n<meta name=\"twitter:card\" content=\"summary_large_image\" \/>\n<meta name=\"twitter:label1\" content=\"Temps estimat de lectura\" \/>\n\t<meta name=\"twitter:data1\" content=\"1 minut\" \/>\n<script type=\"application\/ld+json\" class=\"yoast-schema-graph\">{\"@context\":\"https:\\\/\\\/schema.org\",\"@graph\":[{\"@type\":\"WebPage\",\"@id\":\"https:\\\/\\\/jnegre.com\\\/ca\\\/producto\\\/filtres-senzills-i-dobles\\\/\",\"url\":\"https:\\\/\\\/jnegre.com\\\/ca\\\/producto\\\/filtres-senzills-i-dobles\\\/\",\"name\":\"Filtres senzills i dobles | Tractaments d'aigua - J.Negre | Expertos en Intercambio T\u00e9rmico y Refrigeraci\u00f3n Industrial desde 1978\",\"isPartOf\":{\"@id\":\"https:\\\/\\\/jnegre.com\\\/ca\\\/#website\"},\"primaryImageOfPage\":{\"@id\":\"https:\\\/\\\/jnegre.com\\\/ca\\\/producto\\\/filtres-senzills-i-dobles\\\/#primaryimage\"},\"image\":{\"@id\":\"https:\\\/\\\/jnegre.com\\\/ca\\\/producto\\\/filtres-senzills-i-dobles\\\/#primaryimage\"},\"thumbnailUrl\":\"https:\\\/\\\/jnegre.com\\\/wp-content\\\/uploads\\\/2020\\\/08\\\/jnegre-filtros-simples-dest.jpg\",\"datePublished\":\"2021-03-19T11:34:39+00:00\",\"dateModified\":\"2021-06-02T11:04:55+00:00\",\"description\":\"Filtres senzills i dobles per a tractaments d'aigua. Marca MAHLE AKO. Gran resist\u00e8ncia. Adequats per al filtrar l\u00edquids de tota mena.\",\"breadcrumb\":{\"@id\":\"https:\\\/\\\/jnegre.com\\\/ca\\\/producto\\\/filtres-senzills-i-dobles\\\/#breadcrumb\"},\"inLanguage\":\"ca\",\"potentialAction\":[{\"@type\":\"ReadAction\",\"target\":[\"https:\\\/\\\/jnegre.com\\\/ca\\\/producto\\\/filtres-senzills-i-dobles\\\/\"]}]},{\"@type\":\"ImageObject\",\"inLanguage\":\"ca\",\"@id\":\"https:\\\/\\\/jnegre.com\\\/ca\\\/producto\\\/filtres-senzills-i-dobles\\\/#primaryimage\",\"url\":\"https:\\\/\\\/jnegre.com\\\/wp-content\\\/uploads\\\/2020\\\/08\\\/jnegre-filtros-simples-dest.jpg\",\"contentUrl\":\"https:\\\/\\\/jnegre.com\\\/wp-content\\\/uploads\\\/2020\\\/08\\\/jnegre-filtros-simples-dest.jpg\",\"width\":800,\"height\":800,\"caption\":\"JNEGRE - Filtres senzills i dobles\"},{\"@type\":\"BreadcrumbList\",\"@id\":\"https:\\\/\\\/jnegre.com\\\/ca\\\/producto\\\/filtres-senzills-i-dobles\\\/#breadcrumb\",\"itemListElement\":[{\"@type\":\"ListItem\",\"position\":1,\"name\":\"Inicio\",\"item\":\"https:\\\/\\\/jnegre.com\\\/ca\\\/\"},{\"@type\":\"ListItem\",\"position\":2,\"name\":\"Tienda\",\"item\":\"https:\\\/\\\/jnegre.com\\\/ca\\\/tienda\\\/\"},{\"@type\":\"ListItem\",\"position\":3,\"name\":\"Tractaments d&#039;aigua\",\"item\":\"https:\\\/\\\/jnegre.com\\\/ca\\\/categoria-producto\\\/tractaments-daigua\\\/\"},{\"@type\":\"ListItem\",\"position\":4,\"name\":\"Filtres senzills i dobles\"}]},{\"@type\":\"WebSite\",\"@id\":\"https:\\\/\\\/jnegre.com\\\/ca\\\/#website\",\"url\":\"https:\\\/\\\/jnegre.com\\\/ca\\\/\",\"name\":\"J.Negre | Expertos en Intercambio T\u00e9rmico y Refrigeraci\u00f3n Industrial desde 1978\",\"description\":\"Intercambiadores de placas Sondex, torres de refrigeraci\u00f3n, enfriadoras magn\u00e9ticas y m\u00e1s. Servicio t\u00e9cnico y suministro con m\u00e1s de 30 a\u00f1os de experiencia\",\"publisher\":{\"@id\":\"https:\\\/\\\/jnegre.com\\\/ca\\\/#organization\"},\"potentialAction\":[{\"@type\":\"SearchAction\",\"target\":{\"@type\":\"EntryPoint\",\"urlTemplate\":\"https:\\\/\\\/jnegre.com\\\/ca\\\/?s={search_term_string}\"},\"query-input\":{\"@type\":\"PropertyValueSpecification\",\"valueRequired\":true,\"valueName\":\"search_term_string\"}}],\"inLanguage\":\"ca\"},{\"@type\":\"Organization\",\"@id\":\"https:\\\/\\\/jnegre.com\\\/ca\\\/#organization\",\"name\":\"J. Negre C.\",\"url\":\"https:\\\/\\\/jnegre.com\\\/ca\\\/\",\"logo\":{\"@type\":\"ImageObject\",\"inLanguage\":\"ca\",\"@id\":\"https:\\\/\\\/jnegre.com\\\/ca\\\/#\\\/schema\\\/logo\\\/image\\\/\",\"url\":\"https:\\\/\\\/jnegre.com\\\/wp-content\\\/uploads\\\/2021\\\/05\\\/jnegre-logo-tagline.png\",\"contentUrl\":\"https:\\\/\\\/jnegre.com\\\/wp-content\\\/uploads\\\/2021\\\/05\\\/jnegre-logo-tagline.png\",\"width\":1411,\"height\":380,\"caption\":\"J. Negre C.\"},\"image\":{\"@id\":\"https:\\\/\\\/jnegre.com\\\/ca\\\/#\\\/schema\\\/logo\\\/image\\\/\"}}]}<\/script>\n<!-- \/ Yoast SEO plugin. -->","yoast_head_json":{"title":"Filtres senzills i dobles | Tractaments d'aigua - J.Negre | Expertos en Intercambio T\u00e9rmico y Refrigeraci\u00f3n Industrial desde 1978","description":"Filtres senzills i dobles per a tractaments d'aigua. Marca MAHLE AKO. Gran resist\u00e8ncia. Adequats per al filtrar l\u00edquids de tota mena.","robots":{"index":"index","follow":"follow","max-snippet":"max-snippet:-1","max-image-preview":"max-image-preview:large","max-video-preview":"max-video-preview:-1"},"canonical":"https:\/\/jnegre.com\/ca\/producto\/filtres-senzills-i-dobles\/","og_locale":"ca_ES","og_type":"article","og_title":"Filtres senzills i dobles | Tractaments d'aigua - J.Negre | Expertos en Intercambio T\u00e9rmico y Refrigeraci\u00f3n Industrial desde 1978","og_description":"Filtres senzills i dobles per a tractaments d'aigua. Marca MAHLE AKO. Gran resist\u00e8ncia. Adequats per al filtrar l\u00edquids de tota mena.","og_url":"https:\/\/jnegre.com\/ca\/producto\/filtres-senzills-i-dobles\/","og_site_name":"J.Negre | Expertos en Intercambio T\u00e9rmico y Refrigeraci\u00f3n Industrial desde 1978","article_modified_time":"2021-06-02T11:04:55+00:00","og_image":[{"width":800,"height":800,"url":"https:\/\/jnegre.com\/wp-content\/uploads\/2020\/08\/jnegre-filtros-simples-dest.jpg","type":"image\/jpeg"}],"twitter_card":"summary_large_image","twitter_misc":{"Temps estimat de lectura":"1 minut"},"schema":{"@context":"https:\/\/schema.org","@graph":[{"@type":"WebPage","@id":"https:\/\/jnegre.com\/ca\/producto\/filtres-senzills-i-dobles\/","url":"https:\/\/jnegre.com\/ca\/producto\/filtres-senzills-i-dobles\/","name":"Filtres senzills i dobles | Tractaments d'aigua - J.Negre | Expertos en Intercambio T\u00e9rmico y Refrigeraci\u00f3n Industrial desde 1978","isPartOf":{"@id":"https:\/\/jnegre.com\/ca\/#website"},"primaryImageOfPage":{"@id":"https:\/\/jnegre.com\/ca\/producto\/filtres-senzills-i-dobles\/#primaryimage"},"image":{"@id":"https:\/\/jnegre.com\/ca\/producto\/filtres-senzills-i-dobles\/#primaryimage"},"thumbnailUrl":"https:\/\/jnegre.com\/wp-content\/uploads\/2020\/08\/jnegre-filtros-simples-dest.jpg","datePublished":"2021-03-19T11:34:39+00:00","dateModified":"2021-06-02T11:04:55+00:00","description":"Filtres senzills i dobles per a tractaments d'aigua. Marca MAHLE AKO. Gran resist\u00e8ncia. Adequats per al filtrar l\u00edquids de tota mena.","breadcrumb":{"@id":"https:\/\/jnegre.com\/ca\/producto\/filtres-senzills-i-dobles\/#breadcrumb"},"inLanguage":"ca","potentialAction":[{"@type":"ReadAction","target":["https:\/\/jnegre.com\/ca\/producto\/filtres-senzills-i-dobles\/"]}]},{"@type":"ImageObject","inLanguage":"ca","@id":"https:\/\/jnegre.com\/ca\/producto\/filtres-senzills-i-dobles\/#primaryimage","url":"https:\/\/jnegre.com\/wp-content\/uploads\/2020\/08\/jnegre-filtros-simples-dest.jpg","contentUrl":"https:\/\/jnegre.com\/wp-content\/uploads\/2020\/08\/jnegre-filtros-simples-dest.jpg","width":800,"height":800,"caption":"JNEGRE - Filtres senzills i dobles"},{"@type":"BreadcrumbList","@id":"https:\/\/jnegre.com\/ca\/producto\/filtres-senzills-i-dobles\/#breadcrumb","itemListElement":[{"@type":"ListItem","position":1,"name":"Inicio","item":"https:\/\/jnegre.com\/ca\/"},{"@type":"ListItem","position":2,"name":"Tienda","item":"https:\/\/jnegre.com\/ca\/tienda\/"},{"@type":"ListItem","position":3,"name":"Tractaments d&#039;aigua","item":"https:\/\/jnegre.com\/ca\/categoria-producto\/tractaments-daigua\/"},{"@type":"ListItem","position":4,"name":"Filtres senzills i dobles"}]},{"@type":"WebSite","@id":"https:\/\/jnegre.com\/ca\/#website","url":"https:\/\/jnegre.com\/ca\/","name":"J.Negre | Expertos en Intercambio T\u00e9rmico y Refrigeraci\u00f3n Industrial desde 1978","description":"Intercambiadores de placas Sondex, torres de refrigeraci\u00f3n, enfriadoras magn\u00e9ticas y m\u00e1s. Servicio t\u00e9cnico y suministro con m\u00e1s de 30 a\u00f1os de experiencia","publisher":{"@id":"https:\/\/jnegre.com\/ca\/#organization"},"potentialAction":[{"@type":"SearchAction","target":{"@type":"EntryPoint","urlTemplate":"https:\/\/jnegre.com\/ca\/?s={search_term_string}"},"query-input":{"@type":"PropertyValueSpecification","valueRequired":true,"valueName":"search_term_string"}}],"inLanguage":"ca"},{"@type":"Organization","@id":"https:\/\/jnegre.com\/ca\/#organization","name":"J. Negre C.","url":"https:\/\/jnegre.com\/ca\/","logo":{"@type":"ImageObject","inLanguage":"ca","@id":"https:\/\/jnegre.com\/ca\/#\/schema\/logo\/image\/","url":"https:\/\/jnegre.com\/wp-content\/uploads\/2021\/05\/jnegre-logo-tagline.png","contentUrl":"https:\/\/jnegre.com\/wp-content\/uploads\/2021\/05\/jnegre-logo-tagline.png","width":1411,"height":380,"caption":"J. Negre C."},"image":{"@id":"https:\/\/jnegre.com\/ca\/#\/schema\/logo\/image\/"}}]}},"_links":{"self":[{"href":"https:\/\/jnegre.com\/ca\/wp-json\/wp\/v2\/product\/4295","targetHints":{"allow":["GET"]}}],"collection":[{"href":"https:\/\/jnegre.com\/ca\/wp-json\/wp\/v2\/product"}],"about":[{"href":"https:\/\/jnegre.com\/ca\/wp-json\/wp\/v2\/types\/product"}],"wp:featuredmedia":[{"embeddable":true,"href":"https:\/\/jnegre.com\/ca\/wp-json\/wp\/v2\/media\/4198"}],"wp:attachment":[{"href":"https:\/\/jnegre.com\/ca\/wp-json\/wp\/v2\/media?parent=4295"}],"wp:term":[{"taxonomy":"product_brand","embeddable":true,"href":"https:\/\/jnegre.com\/ca\/wp-json\/wp\/v2\/product_brand?post=4295"},{"taxonomy":"product_cat","embeddable":true,"href":"https:\/\/jnegre.com\/ca\/wp-json\/wp\/v2\/product_cat?post=4295"},{"taxonomy":"product_tag","embeddable":true,"href":"https:\/\/jnegre.com\/ca\/wp-json\/wp\/v2\/product_tag?post=4295"}],"curies":[{"name":"wp","href":"https:\/\/api.w.org\/{rel}","templated":true}]}}