{"id":4292,"date":"2021-03-19T11:20:28","date_gmt":"2021-03-19T11:20:28","guid":{"rendered":"https:\/\/jnegre.com\/producto\/tractaments-daigua-en-calderes\/"},"modified":"2021-03-30T08:00:19","modified_gmt":"2021-03-30T08:00:19","slug":"tractaments-daigua-en-calderes","status":"publish","type":"product","link":"https:\/\/jnegre.com\/ca\/producto\/tractaments-daigua-en-calderes\/","title":{"rendered":"Tractaments d&#8217;aigua en Calderes"},"content":{"rendered":"<div class=\"wpb-content-wrapper\"><p>[vc_row el_class=&#8221;screen-reader-text&#8221;][vc_column][vc_column_text]<\/p>\n<h2>Tractaments d&#8217;aigua en Calderes<\/h2>\n<p>Tractaments d&#8217;aigua en Calderes. Subministrament de productes acondicionants. Programa de tractament d&#8217;aigua i seguiment anal\u00edtic.<\/p>\n<p>Subministrem productes acondicionants i realitzem el programa de tractament d&#8217;aigua i el seguiment anal\u00edtic d&#8217;aquest.<\/p>\n<p>Si cal, oferim el nostre servei de neteja i desincrustaci\u00f3.<\/p>\n<p>Disposem aix\u00ed mateix de la tecnologia de les amines filmantes de protecci\u00f3 total del circuit<\/p>\n<h5>Documentaci\u00f3<\/h5>\n<p><a href=\"https:\/\/jnegre.com\/wp-content\/uploads\/pdf\/jnegre-folleto-tratamiento-de-agua-2018.pdf\" target=\"_blank\" rel=\"noopener noreferrer\">Descarregar Cat\u00e0leg<\/a>[\/vc_column_text][\/vc_column][\/vc_row][vc_row][vc_column width=&#8221;1\/2&#8243;][vc_column_text]Les amines filmantes permeten tractar tot el circuit de vapor amb un sol producte. Aquest producte genera un film protector sobre totes les superf\u00edcies que evita la corrosi\u00f3 per oxigen dissolt en aigua i les incrustacions.[\/vc_column_text][\/vc_column][vc_column width=&#8221;1\/2&#8243;][vc_column_text]<\/p>\n<h5>Avantatges amines filmantes:<\/h5>\n<ul>\n<li>Reducci\u00f3 de productes a dosar, nom\u00e9s un additiu<\/li>\n<li>Menor volum de qu\u00edmics a dosar<\/li>\n<li>Major facilitat i rapidesa en el control anal\u00edtic<\/li>\n<\/ul>\n<p>[\/vc_column_text][\/vc_column][\/vc_row][vc_row][vc_column][vc_empty_space height=&#8221;65px&#8221;][\/vc_column][\/vc_row][vc_row][vc_column width=&#8221;1\/2&#8243;][vc_single_image image=&#8221;3372&#8243; img_size=&#8221;full&#8221;][\/vc_column][vc_column width=&#8221;1\/2&#8243;][vc_single_image image=&#8221;3371&#8243; img_size=&#8221;full&#8221;][\/vc_column][\/vc_row]<\/p>\n<\/div>","protected":false},"excerpt":{"rendered":"<p>Subministrem productes acondicionants i realitzem el programa de tractament d&#8217;aigua i el seguiment anal\u00edtic d&#8217;aquest.<\/p>\n<p>Si cal, oferim el nostre servei de neteja i desincrustaci\u00f3.<\/p>\n<p>Disposem aix\u00ed mateix de la tecnologia de les amines filmantes de protecci\u00f3 total del circuit <\/p>\n<h5>Documentaci\u00f3<\/h5>\n<p><a href=\"https:\/\/jnegre.com\/wp-content\/uploads\/pdf\/jnegre-folleto-tratamiento-de-agua-2018.pdf\" target=\"_blank\" rel=\"noopener noreferrer\">Descarregar Cat\u00e0leg<\/a><\/p>\n","protected":false},"featured_media":4185,"template":"","meta":[],"product_brand":[],"product_cat":[117],"product_tag":[],"class_list":{"0":"post-4292","1":"product","2":"type-product","3":"status-publish","4":"has-post-thumbnail","6":"product_cat-tractaments-daigua","8":"first","9":"instock","10":"shipping-taxable","11":"product-type-simple"},"yoast_head":"<!-- This site is optimized with the Yoast SEO plugin v27.5 - https:\/\/yoast.com\/product\/yoast-seo-wordpress\/ -->\n<title>Tractaments d&#039;aigua en Calderes | J.Negre | Expertos en Intercambio T\u00e9rmico y Refrigeraci\u00f3n Industrial desde 1978<\/title>\n<meta name=\"description\" content=\"Tractaments d&#039;aigua en Calderes. Subministrament de productes acondicionants. Programa de tractament d&#039;aigua i seguiment anal\u00edtic.\" \/>\n<meta name=\"robots\" content=\"index, follow, max-snippet:-1, max-image-preview:large, max-video-preview:-1\" \/>\n<link rel=\"canonical\" href=\"https:\/\/jnegre.com\/ca\/producto\/tractaments-daigua-en-calderes\/\" \/>\n<meta property=\"og:locale\" content=\"ca_ES\" \/>\n<meta property=\"og:type\" content=\"article\" \/>\n<meta property=\"og:title\" content=\"Tractaments d&#039;aigua en Calderes | J.Negre | Expertos en Intercambio T\u00e9rmico y Refrigeraci\u00f3n Industrial desde 1978\" \/>\n<meta property=\"og:description\" content=\"Tractaments d&#039;aigua en Calderes. Subministrament de productes acondicionants. Programa de tractament d&#039;aigua i seguiment anal\u00edtic.\" \/>\n<meta property=\"og:url\" content=\"https:\/\/jnegre.com\/ca\/producto\/tractaments-daigua-en-calderes\/\" \/>\n<meta property=\"og:site_name\" content=\"J.Negre | Expertos en Intercambio T\u00e9rmico y Refrigeraci\u00f3n Industrial desde 1978\" \/>\n<meta property=\"article:modified_time\" content=\"2021-03-30T08:00:19+00:00\" \/>\n<meta property=\"og:image\" content=\"https:\/\/jnegre.com\/wp-content\/uploads\/2020\/09\/jnegre-tratamiento-calderas-01.jpg\" \/>\n\t<meta property=\"og:image:width\" content=\"800\" \/>\n\t<meta property=\"og:image:height\" content=\"800\" \/>\n\t<meta property=\"og:image:type\" content=\"image\/jpeg\" \/>\n<meta name=\"twitter:card\" content=\"summary_large_image\" \/>\n<meta name=\"twitter:label1\" content=\"Temps estimat de lectura\" \/>\n\t<meta name=\"twitter:data1\" content=\"1 minut\" \/>\n<script type=\"application\/ld+json\" class=\"yoast-schema-graph\">{\"@context\":\"https:\\\/\\\/schema.org\",\"@graph\":[{\"@type\":\"WebPage\",\"@id\":\"https:\\\/\\\/jnegre.com\\\/ca\\\/producto\\\/tractaments-daigua-en-calderes\\\/\",\"url\":\"https:\\\/\\\/jnegre.com\\\/ca\\\/producto\\\/tractaments-daigua-en-calderes\\\/\",\"name\":\"Tractaments d'aigua en Calderes | J.Negre | Expertos en Intercambio T\u00e9rmico y Refrigeraci\u00f3n Industrial desde 1978\",\"isPartOf\":{\"@id\":\"https:\\\/\\\/jnegre.com\\\/ca\\\/#website\"},\"primaryImageOfPage\":{\"@id\":\"https:\\\/\\\/jnegre.com\\\/ca\\\/producto\\\/tractaments-daigua-en-calderes\\\/#primaryimage\"},\"image\":{\"@id\":\"https:\\\/\\\/jnegre.com\\\/ca\\\/producto\\\/tractaments-daigua-en-calderes\\\/#primaryimage\"},\"thumbnailUrl\":\"https:\\\/\\\/jnegre.com\\\/wp-content\\\/uploads\\\/2020\\\/09\\\/jnegre-tratamiento-calderas-01.jpg\",\"datePublished\":\"2021-03-19T11:20:28+00:00\",\"dateModified\":\"2021-03-30T08:00:19+00:00\",\"description\":\"Tractaments d'aigua en Calderes. Subministrament de productes acondicionants. Programa de tractament d'aigua i seguiment anal\u00edtic.\",\"breadcrumb\":{\"@id\":\"https:\\\/\\\/jnegre.com\\\/ca\\\/producto\\\/tractaments-daigua-en-calderes\\\/#breadcrumb\"},\"inLanguage\":\"ca\",\"potentialAction\":[{\"@type\":\"ReadAction\",\"target\":[\"https:\\\/\\\/jnegre.com\\\/ca\\\/producto\\\/tractaments-daigua-en-calderes\\\/\"]}]},{\"@type\":\"ImageObject\",\"inLanguage\":\"ca\",\"@id\":\"https:\\\/\\\/jnegre.com\\\/ca\\\/producto\\\/tractaments-daigua-en-calderes\\\/#primaryimage\",\"url\":\"https:\\\/\\\/jnegre.com\\\/wp-content\\\/uploads\\\/2020\\\/09\\\/jnegre-tratamiento-calderas-01.jpg\",\"contentUrl\":\"https:\\\/\\\/jnegre.com\\\/wp-content\\\/uploads\\\/2020\\\/09\\\/jnegre-tratamiento-calderas-01.jpg\",\"width\":800,\"height\":800,\"caption\":\"JNEGRE - Tractaments d'aigua en Calderes\"},{\"@type\":\"BreadcrumbList\",\"@id\":\"https:\\\/\\\/jnegre.com\\\/ca\\\/producto\\\/tractaments-daigua-en-calderes\\\/#breadcrumb\",\"itemListElement\":[{\"@type\":\"ListItem\",\"position\":1,\"name\":\"Inicio\",\"item\":\"https:\\\/\\\/jnegre.com\\\/ca\\\/\"},{\"@type\":\"ListItem\",\"position\":2,\"name\":\"Tienda\",\"item\":\"https:\\\/\\\/jnegre.com\\\/ca\\\/tienda\\\/\"},{\"@type\":\"ListItem\",\"position\":3,\"name\":\"Tractaments d&#039;aigua\",\"item\":\"https:\\\/\\\/jnegre.com\\\/ca\\\/categoria-producto\\\/tractaments-daigua\\\/\"},{\"@type\":\"ListItem\",\"position\":4,\"name\":\"Tractaments d&#8217;aigua en Calderes\"}]},{\"@type\":\"WebSite\",\"@id\":\"https:\\\/\\\/jnegre.com\\\/ca\\\/#website\",\"url\":\"https:\\\/\\\/jnegre.com\\\/ca\\\/\",\"name\":\"J.Negre | Expertos en Intercambio T\u00e9rmico y Refrigeraci\u00f3n Industrial desde 1978\",\"description\":\"Intercambiadores de placas Sondex, torres de refrigeraci\u00f3n, enfriadoras magn\u00e9ticas y m\u00e1s. Servicio t\u00e9cnico y suministro con m\u00e1s de 30 a\u00f1os de experiencia\",\"publisher\":{\"@id\":\"https:\\\/\\\/jnegre.com\\\/ca\\\/#organization\"},\"potentialAction\":[{\"@type\":\"SearchAction\",\"target\":{\"@type\":\"EntryPoint\",\"urlTemplate\":\"https:\\\/\\\/jnegre.com\\\/ca\\\/?s={search_term_string}\"},\"query-input\":{\"@type\":\"PropertyValueSpecification\",\"valueRequired\":true,\"valueName\":\"search_term_string\"}}],\"inLanguage\":\"ca\"},{\"@type\":\"Organization\",\"@id\":\"https:\\\/\\\/jnegre.com\\\/ca\\\/#organization\",\"name\":\"J. Negre C.\",\"url\":\"https:\\\/\\\/jnegre.com\\\/ca\\\/\",\"logo\":{\"@type\":\"ImageObject\",\"inLanguage\":\"ca\",\"@id\":\"https:\\\/\\\/jnegre.com\\\/ca\\\/#\\\/schema\\\/logo\\\/image\\\/\",\"url\":\"https:\\\/\\\/jnegre.com\\\/wp-content\\\/uploads\\\/2021\\\/05\\\/jnegre-logo-tagline.png\",\"contentUrl\":\"https:\\\/\\\/jnegre.com\\\/wp-content\\\/uploads\\\/2021\\\/05\\\/jnegre-logo-tagline.png\",\"width\":1411,\"height\":380,\"caption\":\"J. Negre C.\"},\"image\":{\"@id\":\"https:\\\/\\\/jnegre.com\\\/ca\\\/#\\\/schema\\\/logo\\\/image\\\/\"}}]}<\/script>\n<!-- \/ Yoast SEO plugin. -->","yoast_head_json":{"title":"Tractaments d'aigua en Calderes | J.Negre | Expertos en Intercambio T\u00e9rmico y Refrigeraci\u00f3n Industrial desde 1978","description":"Tractaments d'aigua en Calderes. Subministrament de productes acondicionants. Programa de tractament d'aigua i seguiment anal\u00edtic.","robots":{"index":"index","follow":"follow","max-snippet":"max-snippet:-1","max-image-preview":"max-image-preview:large","max-video-preview":"max-video-preview:-1"},"canonical":"https:\/\/jnegre.com\/ca\/producto\/tractaments-daigua-en-calderes\/","og_locale":"ca_ES","og_type":"article","og_title":"Tractaments d'aigua en Calderes | J.Negre | Expertos en Intercambio T\u00e9rmico y Refrigeraci\u00f3n Industrial desde 1978","og_description":"Tractaments d'aigua en Calderes. Subministrament de productes acondicionants. Programa de tractament d'aigua i seguiment anal\u00edtic.","og_url":"https:\/\/jnegre.com\/ca\/producto\/tractaments-daigua-en-calderes\/","og_site_name":"J.Negre | Expertos en Intercambio T\u00e9rmico y Refrigeraci\u00f3n Industrial desde 1978","article_modified_time":"2021-03-30T08:00:19+00:00","og_image":[{"width":800,"height":800,"url":"https:\/\/jnegre.com\/wp-content\/uploads\/2020\/09\/jnegre-tratamiento-calderas-01.jpg","type":"image\/jpeg"}],"twitter_card":"summary_large_image","twitter_misc":{"Temps estimat de lectura":"1 minut"},"schema":{"@context":"https:\/\/schema.org","@graph":[{"@type":"WebPage","@id":"https:\/\/jnegre.com\/ca\/producto\/tractaments-daigua-en-calderes\/","url":"https:\/\/jnegre.com\/ca\/producto\/tractaments-daigua-en-calderes\/","name":"Tractaments d'aigua en Calderes | J.Negre | Expertos en Intercambio T\u00e9rmico y Refrigeraci\u00f3n Industrial desde 1978","isPartOf":{"@id":"https:\/\/jnegre.com\/ca\/#website"},"primaryImageOfPage":{"@id":"https:\/\/jnegre.com\/ca\/producto\/tractaments-daigua-en-calderes\/#primaryimage"},"image":{"@id":"https:\/\/jnegre.com\/ca\/producto\/tractaments-daigua-en-calderes\/#primaryimage"},"thumbnailUrl":"https:\/\/jnegre.com\/wp-content\/uploads\/2020\/09\/jnegre-tratamiento-calderas-01.jpg","datePublished":"2021-03-19T11:20:28+00:00","dateModified":"2021-03-30T08:00:19+00:00","description":"Tractaments d'aigua en Calderes. Subministrament de productes acondicionants. Programa de tractament d'aigua i seguiment anal\u00edtic.","breadcrumb":{"@id":"https:\/\/jnegre.com\/ca\/producto\/tractaments-daigua-en-calderes\/#breadcrumb"},"inLanguage":"ca","potentialAction":[{"@type":"ReadAction","target":["https:\/\/jnegre.com\/ca\/producto\/tractaments-daigua-en-calderes\/"]}]},{"@type":"ImageObject","inLanguage":"ca","@id":"https:\/\/jnegre.com\/ca\/producto\/tractaments-daigua-en-calderes\/#primaryimage","url":"https:\/\/jnegre.com\/wp-content\/uploads\/2020\/09\/jnegre-tratamiento-calderas-01.jpg","contentUrl":"https:\/\/jnegre.com\/wp-content\/uploads\/2020\/09\/jnegre-tratamiento-calderas-01.jpg","width":800,"height":800,"caption":"JNEGRE - Tractaments d'aigua en Calderes"},{"@type":"BreadcrumbList","@id":"https:\/\/jnegre.com\/ca\/producto\/tractaments-daigua-en-calderes\/#breadcrumb","itemListElement":[{"@type":"ListItem","position":1,"name":"Inicio","item":"https:\/\/jnegre.com\/ca\/"},{"@type":"ListItem","position":2,"name":"Tienda","item":"https:\/\/jnegre.com\/ca\/tienda\/"},{"@type":"ListItem","position":3,"name":"Tractaments d&#039;aigua","item":"https:\/\/jnegre.com\/ca\/categoria-producto\/tractaments-daigua\/"},{"@type":"ListItem","position":4,"name":"Tractaments d&#8217;aigua en Calderes"}]},{"@type":"WebSite","@id":"https:\/\/jnegre.com\/ca\/#website","url":"https:\/\/jnegre.com\/ca\/","name":"J.Negre | Expertos en Intercambio T\u00e9rmico y Refrigeraci\u00f3n Industrial desde 1978","description":"Intercambiadores de placas Sondex, torres de refrigeraci\u00f3n, enfriadoras magn\u00e9ticas y m\u00e1s. Servicio t\u00e9cnico y suministro con m\u00e1s de 30 a\u00f1os de experiencia","publisher":{"@id":"https:\/\/jnegre.com\/ca\/#organization"},"potentialAction":[{"@type":"SearchAction","target":{"@type":"EntryPoint","urlTemplate":"https:\/\/jnegre.com\/ca\/?s={search_term_string}"},"query-input":{"@type":"PropertyValueSpecification","valueRequired":true,"valueName":"search_term_string"}}],"inLanguage":"ca"},{"@type":"Organization","@id":"https:\/\/jnegre.com\/ca\/#organization","name":"J. Negre C.","url":"https:\/\/jnegre.com\/ca\/","logo":{"@type":"ImageObject","inLanguage":"ca","@id":"https:\/\/jnegre.com\/ca\/#\/schema\/logo\/image\/","url":"https:\/\/jnegre.com\/wp-content\/uploads\/2021\/05\/jnegre-logo-tagline.png","contentUrl":"https:\/\/jnegre.com\/wp-content\/uploads\/2021\/05\/jnegre-logo-tagline.png","width":1411,"height":380,"caption":"J. Negre C."},"image":{"@id":"https:\/\/jnegre.com\/ca\/#\/schema\/logo\/image\/"}}]}},"_links":{"self":[{"href":"https:\/\/jnegre.com\/ca\/wp-json\/wp\/v2\/product\/4292","targetHints":{"allow":["GET"]}}],"collection":[{"href":"https:\/\/jnegre.com\/ca\/wp-json\/wp\/v2\/product"}],"about":[{"href":"https:\/\/jnegre.com\/ca\/wp-json\/wp\/v2\/types\/product"}],"wp:featuredmedia":[{"embeddable":true,"href":"https:\/\/jnegre.com\/ca\/wp-json\/wp\/v2\/media\/4185"}],"wp:attachment":[{"href":"https:\/\/jnegre.com\/ca\/wp-json\/wp\/v2\/media?parent=4292"}],"wp:term":[{"taxonomy":"product_brand","embeddable":true,"href":"https:\/\/jnegre.com\/ca\/wp-json\/wp\/v2\/product_brand?post=4292"},{"taxonomy":"product_cat","embeddable":true,"href":"https:\/\/jnegre.com\/ca\/wp-json\/wp\/v2\/product_cat?post=4292"},{"taxonomy":"product_tag","embeddable":true,"href":"https:\/\/jnegre.com\/ca\/wp-json\/wp\/v2\/product_tag?post=4292"}],"curies":[{"name":"wp","href":"https:\/\/api.w.org\/{rel}","templated":true}]}}