{"id":4290,"date":"2021-03-19T11:09:48","date_gmt":"2021-03-19T11:09:48","guid":{"rendered":"https:\/\/jnegre.com\/producto\/descalcificadors-osmosi-filtres-de-sorra\/"},"modified":"2021-03-30T08:00:10","modified_gmt":"2021-03-30T08:00:10","slug":"descalcificadors-osmosi-filtres-de-sorra","status":"publish","type":"product","link":"https:\/\/jnegre.com\/ca\/producto\/descalcificadors-osmosi-filtres-de-sorra\/","title":{"rendered":"Descalcificadors, osmosi, filtres de sorra"},"content":{"rendered":"<div class=\"wpb-content-wrapper\"><p>[vc_row el_class=&#8221;screen-reader-text&#8221;][vc_column][vc_column_text]<\/p>\n<h2>Descalcificadors, osmosi, filtres de sorra<\/h2>\n<p>Descalcificadors, osmosi, filtres de sorra. Assessorament d&#8217;equips segons necessitats del client. Instal\u00b7laci\u00f3 de equips.<\/p>\n<h5>Equips per al tractament d&#8217;aigua<\/h5>\n<p>Aconsellem en cada cas l&#8217;equip m\u00e9s idoni i realitzem la instal\u00b7laci\u00f3 corresponent:<\/p>\n<ul>\n<li>Descalcificadors, per a torres de refrigeraci\u00f3, circuits tancats, etc.<\/li>\n<li>Osmosi, per a calderes, circuits de proc\u00e9s, etc.<\/li>\n<li>Filtres de sorra o filtres autonetejadors, per a circuits de torre, circuits tancats, etc.<\/li>\n<li>Bombes dosificadores<\/li>\n<li>Equips de cloraci\u00f3 autom\u00e0tica<\/li>\n<li>Equip Redox<\/li>\n<li>Controlador de conductivitat, (purga conductim\u00e8trica).<\/li>\n<li>Electrov\u00e0lvules d&#8217;obertura autom\u00e0tica<\/li>\n<li>Controladors remots dels equips de dosificaci\u00f3.<\/li>\n<\/ul>\n<p>Consulti amb el nostre departament t\u00e8cnic sobre les seves necessitats i li guiarem sobre els equips que millor s&#8217;adapten a la seva instal\u00b7laci\u00f3.<\/p>\n<h5>Documentaci\u00f3<\/h5>\n<p><a href=\"https:\/\/jnegre.com\/wp-content\/uploads\/pdf\/jnegre-folleto-tratamiento-de-agua-2018.pdf\" target=\"_blank\" rel=\"noopener noreferrer\">Descarregar Cat\u00e0leg<\/a><\/p>\n<p><a href=\"https:\/\/jnegre.com\/ca\/producto\/control-remot-tractament-daigua\/\" target=\"_blank\" rel=\"noopener noreferrer\">Control remot en tractament d&#8217;aigua<\/a>[\/vc_column_text][\/vc_column][\/vc_row]<\/p>\n<\/div>","protected":false},"excerpt":{"rendered":"<h5>Equips per al tractament d&#8217;aigua<\/h5>\n<p>Aconsellem en cada cas l&#8217;equip m\u00e9s idoni i realitzem la instal\u00b7laci\u00f3 corresponent:<\/p>\n<ul>\n<li>Descalcificadors, per a torres de refrigeraci\u00f3, circuits tancats, etc.<\/li>\n<li>Osmosi, per a calderes, circuits de proc\u00e9s, etc.<\/li>\n<li>Filtres de sorra o filtres autonetejadors, per a circuits de torre, circuits tancats, etc.<\/li>\n<li>Bombes dosificadores<\/li>\n<li>Equips de cloraci\u00f3 autom\u00e0tica<\/li>\n<li>Equip Redox<\/li>\n<li>Controlador de conductivitat, (purga conductim\u00e8trica).<\/li>\n<li>Electrov\u00e0lvules d&#8217;obertura autom\u00e0tica<\/li>\n<li>Controladors remots dels equips de dosificaci\u00f3.<\/li>\n<\/ul>\n<p>Consulti amb el nostre departament t\u00e8cnic sobre les seves necessitats i li guiarem sobre els equips que millor s&#8217;adapten a la seva instal\u00b7laci\u00f3.<\/p>\n<h5>Documentaci\u00f3<\/h5>\n<p><a href=\"https:\/\/jnegre.com\/wp-content\/uploads\/pdf\/jnegre-folleto-tratamiento-de-agua-2018.pdf\" target=\"_blank\" rel=\"noopener noreferrer\">Descarregar Cat\u00e0leg<\/a><\/p>\n<p><a href=\"https:\/\/jnegre.com\/producto\/control-remoto-tratamiento-de-agua\/\" target=\"_blank\" rel=\"noopener noreferrer\">Control remot en tractament d&#8217;aigua<\/a><\/p>\n","protected":false},"featured_media":4205,"template":"","meta":[],"product_brand":[],"product_cat":[117],"product_tag":[],"class_list":{"0":"post-4290","1":"product","2":"type-product","3":"status-publish","4":"has-post-thumbnail","6":"product_cat-tractaments-daigua","8":"first","9":"instock","10":"shipping-taxable","11":"product-type-simple"},"yoast_head":"<!-- This site is optimized with the Yoast SEO plugin v27.5 - https:\/\/yoast.com\/product\/yoast-seo-wordpress\/ -->\n<title>Descalcificadors, osmosi, filtres de sorra | J.Negre | Expertos en Intercambio T\u00e9rmico y Refrigeraci\u00f3n Industrial desde 1978<\/title>\n<meta name=\"description\" content=\"Descalcificadors, osmosi, filtres de sorra. Assessorament d&#039;equips segons necessitats del client. Instal\u00b7laci\u00f3 de equips.\" \/>\n<meta name=\"robots\" content=\"index, follow, max-snippet:-1, max-image-preview:large, max-video-preview:-1\" \/>\n<link rel=\"canonical\" href=\"https:\/\/jnegre.com\/ca\/producto\/descalcificadors-osmosi-filtres-de-sorra\/\" \/>\n<meta property=\"og:locale\" content=\"ca_ES\" \/>\n<meta property=\"og:type\" content=\"article\" \/>\n<meta property=\"og:title\" content=\"Descalcificadors, osmosi, filtres de sorra | J.Negre | Expertos en Intercambio T\u00e9rmico y Refrigeraci\u00f3n Industrial desde 1978\" \/>\n<meta property=\"og:description\" content=\"Descalcificadors, osmosi, filtres de sorra. Assessorament d&#039;equips segons necessitats del client. Instal\u00b7laci\u00f3 de equips.\" \/>\n<meta property=\"og:url\" content=\"https:\/\/jnegre.com\/ca\/producto\/descalcificadors-osmosi-filtres-de-sorra\/\" \/>\n<meta property=\"og:site_name\" content=\"J.Negre | Expertos en Intercambio T\u00e9rmico y Refrigeraci\u00f3n Industrial desde 1978\" \/>\n<meta property=\"article:modified_time\" content=\"2021-03-30T08:00:10+00:00\" \/>\n<meta property=\"og:image\" content=\"https:\/\/jnegre.com\/wp-content\/uploads\/2020\/09\/jnegre-descalsificadores-dest.jpg\" \/>\n\t<meta property=\"og:image:width\" content=\"800\" \/>\n\t<meta property=\"og:image:height\" content=\"800\" \/>\n\t<meta property=\"og:image:type\" content=\"image\/jpeg\" \/>\n<meta name=\"twitter:card\" content=\"summary_large_image\" \/>\n<meta name=\"twitter:label1\" content=\"Temps estimat de lectura\" \/>\n\t<meta name=\"twitter:data1\" content=\"1 minut\" \/>\n<script type=\"application\/ld+json\" class=\"yoast-schema-graph\">{\"@context\":\"https:\\\/\\\/schema.org\",\"@graph\":[{\"@type\":\"WebPage\",\"@id\":\"https:\\\/\\\/jnegre.com\\\/ca\\\/producto\\\/descalcificadors-osmosi-filtres-de-sorra\\\/\",\"url\":\"https:\\\/\\\/jnegre.com\\\/ca\\\/producto\\\/descalcificadors-osmosi-filtres-de-sorra\\\/\",\"name\":\"Descalcificadors, osmosi, filtres de sorra | J.Negre | Expertos en Intercambio T\u00e9rmico y Refrigeraci\u00f3n Industrial desde 1978\",\"isPartOf\":{\"@id\":\"https:\\\/\\\/jnegre.com\\\/ca\\\/#website\"},\"primaryImageOfPage\":{\"@id\":\"https:\\\/\\\/jnegre.com\\\/ca\\\/producto\\\/descalcificadors-osmosi-filtres-de-sorra\\\/#primaryimage\"},\"image\":{\"@id\":\"https:\\\/\\\/jnegre.com\\\/ca\\\/producto\\\/descalcificadors-osmosi-filtres-de-sorra\\\/#primaryimage\"},\"thumbnailUrl\":\"https:\\\/\\\/jnegre.com\\\/wp-content\\\/uploads\\\/2020\\\/09\\\/jnegre-descalsificadores-dest.jpg\",\"datePublished\":\"2021-03-19T11:09:48+00:00\",\"dateModified\":\"2021-03-30T08:00:10+00:00\",\"description\":\"Descalcificadors, osmosi, filtres de sorra. Assessorament d'equips segons necessitats del client. Instal\u00b7laci\u00f3 de equips.\",\"breadcrumb\":{\"@id\":\"https:\\\/\\\/jnegre.com\\\/ca\\\/producto\\\/descalcificadors-osmosi-filtres-de-sorra\\\/#breadcrumb\"},\"inLanguage\":\"ca\",\"potentialAction\":[{\"@type\":\"ReadAction\",\"target\":[\"https:\\\/\\\/jnegre.com\\\/ca\\\/producto\\\/descalcificadors-osmosi-filtres-de-sorra\\\/\"]}]},{\"@type\":\"ImageObject\",\"inLanguage\":\"ca\",\"@id\":\"https:\\\/\\\/jnegre.com\\\/ca\\\/producto\\\/descalcificadors-osmosi-filtres-de-sorra\\\/#primaryimage\",\"url\":\"https:\\\/\\\/jnegre.com\\\/wp-content\\\/uploads\\\/2020\\\/09\\\/jnegre-descalsificadores-dest.jpg\",\"contentUrl\":\"https:\\\/\\\/jnegre.com\\\/wp-content\\\/uploads\\\/2020\\\/09\\\/jnegre-descalsificadores-dest.jpg\",\"width\":800,\"height\":800,\"caption\":\"JNEGRE - Descalcificadors, osmosi, filtres de sorra\"},{\"@type\":\"BreadcrumbList\",\"@id\":\"https:\\\/\\\/jnegre.com\\\/ca\\\/producto\\\/descalcificadors-osmosi-filtres-de-sorra\\\/#breadcrumb\",\"itemListElement\":[{\"@type\":\"ListItem\",\"position\":1,\"name\":\"Inicio\",\"item\":\"https:\\\/\\\/jnegre.com\\\/ca\\\/\"},{\"@type\":\"ListItem\",\"position\":2,\"name\":\"Tienda\",\"item\":\"https:\\\/\\\/jnegre.com\\\/ca\\\/tienda\\\/\"},{\"@type\":\"ListItem\",\"position\":3,\"name\":\"Tractaments d&#039;aigua\",\"item\":\"https:\\\/\\\/jnegre.com\\\/ca\\\/categoria-producto\\\/tractaments-daigua\\\/\"},{\"@type\":\"ListItem\",\"position\":4,\"name\":\"Descalcificadors, osmosi, filtres de sorra\"}]},{\"@type\":\"WebSite\",\"@id\":\"https:\\\/\\\/jnegre.com\\\/ca\\\/#website\",\"url\":\"https:\\\/\\\/jnegre.com\\\/ca\\\/\",\"name\":\"J.Negre | Expertos en Intercambio T\u00e9rmico y Refrigeraci\u00f3n Industrial desde 1978\",\"description\":\"Intercambiadores de placas Sondex, torres de refrigeraci\u00f3n, enfriadoras magn\u00e9ticas y m\u00e1s. Servicio t\u00e9cnico y suministro con m\u00e1s de 30 a\u00f1os de experiencia\",\"publisher\":{\"@id\":\"https:\\\/\\\/jnegre.com\\\/ca\\\/#organization\"},\"potentialAction\":[{\"@type\":\"SearchAction\",\"target\":{\"@type\":\"EntryPoint\",\"urlTemplate\":\"https:\\\/\\\/jnegre.com\\\/ca\\\/?s={search_term_string}\"},\"query-input\":{\"@type\":\"PropertyValueSpecification\",\"valueRequired\":true,\"valueName\":\"search_term_string\"}}],\"inLanguage\":\"ca\"},{\"@type\":\"Organization\",\"@id\":\"https:\\\/\\\/jnegre.com\\\/ca\\\/#organization\",\"name\":\"J. Negre C.\",\"url\":\"https:\\\/\\\/jnegre.com\\\/ca\\\/\",\"logo\":{\"@type\":\"ImageObject\",\"inLanguage\":\"ca\",\"@id\":\"https:\\\/\\\/jnegre.com\\\/ca\\\/#\\\/schema\\\/logo\\\/image\\\/\",\"url\":\"https:\\\/\\\/jnegre.com\\\/wp-content\\\/uploads\\\/2021\\\/05\\\/jnegre-logo-tagline.png\",\"contentUrl\":\"https:\\\/\\\/jnegre.com\\\/wp-content\\\/uploads\\\/2021\\\/05\\\/jnegre-logo-tagline.png\",\"width\":1411,\"height\":380,\"caption\":\"J. Negre C.\"},\"image\":{\"@id\":\"https:\\\/\\\/jnegre.com\\\/ca\\\/#\\\/schema\\\/logo\\\/image\\\/\"}}]}<\/script>\n<!-- \/ Yoast SEO plugin. -->","yoast_head_json":{"title":"Descalcificadors, osmosi, filtres de sorra | J.Negre | Expertos en Intercambio T\u00e9rmico y Refrigeraci\u00f3n Industrial desde 1978","description":"Descalcificadors, osmosi, filtres de sorra. Assessorament d'equips segons necessitats del client. Instal\u00b7laci\u00f3 de equips.","robots":{"index":"index","follow":"follow","max-snippet":"max-snippet:-1","max-image-preview":"max-image-preview:large","max-video-preview":"max-video-preview:-1"},"canonical":"https:\/\/jnegre.com\/ca\/producto\/descalcificadors-osmosi-filtres-de-sorra\/","og_locale":"ca_ES","og_type":"article","og_title":"Descalcificadors, osmosi, filtres de sorra | J.Negre | Expertos en Intercambio T\u00e9rmico y Refrigeraci\u00f3n Industrial desde 1978","og_description":"Descalcificadors, osmosi, filtres de sorra. Assessorament d'equips segons necessitats del client. Instal\u00b7laci\u00f3 de equips.","og_url":"https:\/\/jnegre.com\/ca\/producto\/descalcificadors-osmosi-filtres-de-sorra\/","og_site_name":"J.Negre | Expertos en Intercambio T\u00e9rmico y Refrigeraci\u00f3n Industrial desde 1978","article_modified_time":"2021-03-30T08:00:10+00:00","og_image":[{"width":800,"height":800,"url":"https:\/\/jnegre.com\/wp-content\/uploads\/2020\/09\/jnegre-descalsificadores-dest.jpg","type":"image\/jpeg"}],"twitter_card":"summary_large_image","twitter_misc":{"Temps estimat de lectura":"1 minut"},"schema":{"@context":"https:\/\/schema.org","@graph":[{"@type":"WebPage","@id":"https:\/\/jnegre.com\/ca\/producto\/descalcificadors-osmosi-filtres-de-sorra\/","url":"https:\/\/jnegre.com\/ca\/producto\/descalcificadors-osmosi-filtres-de-sorra\/","name":"Descalcificadors, osmosi, filtres de sorra | J.Negre | Expertos en Intercambio T\u00e9rmico y Refrigeraci\u00f3n Industrial desde 1978","isPartOf":{"@id":"https:\/\/jnegre.com\/ca\/#website"},"primaryImageOfPage":{"@id":"https:\/\/jnegre.com\/ca\/producto\/descalcificadors-osmosi-filtres-de-sorra\/#primaryimage"},"image":{"@id":"https:\/\/jnegre.com\/ca\/producto\/descalcificadors-osmosi-filtres-de-sorra\/#primaryimage"},"thumbnailUrl":"https:\/\/jnegre.com\/wp-content\/uploads\/2020\/09\/jnegre-descalsificadores-dest.jpg","datePublished":"2021-03-19T11:09:48+00:00","dateModified":"2021-03-30T08:00:10+00:00","description":"Descalcificadors, osmosi, filtres de sorra. Assessorament d'equips segons necessitats del client. Instal\u00b7laci\u00f3 de equips.","breadcrumb":{"@id":"https:\/\/jnegre.com\/ca\/producto\/descalcificadors-osmosi-filtres-de-sorra\/#breadcrumb"},"inLanguage":"ca","potentialAction":[{"@type":"ReadAction","target":["https:\/\/jnegre.com\/ca\/producto\/descalcificadors-osmosi-filtres-de-sorra\/"]}]},{"@type":"ImageObject","inLanguage":"ca","@id":"https:\/\/jnegre.com\/ca\/producto\/descalcificadors-osmosi-filtres-de-sorra\/#primaryimage","url":"https:\/\/jnegre.com\/wp-content\/uploads\/2020\/09\/jnegre-descalsificadores-dest.jpg","contentUrl":"https:\/\/jnegre.com\/wp-content\/uploads\/2020\/09\/jnegre-descalsificadores-dest.jpg","width":800,"height":800,"caption":"JNEGRE - Descalcificadors, osmosi, filtres de sorra"},{"@type":"BreadcrumbList","@id":"https:\/\/jnegre.com\/ca\/producto\/descalcificadors-osmosi-filtres-de-sorra\/#breadcrumb","itemListElement":[{"@type":"ListItem","position":1,"name":"Inicio","item":"https:\/\/jnegre.com\/ca\/"},{"@type":"ListItem","position":2,"name":"Tienda","item":"https:\/\/jnegre.com\/ca\/tienda\/"},{"@type":"ListItem","position":3,"name":"Tractaments d&#039;aigua","item":"https:\/\/jnegre.com\/ca\/categoria-producto\/tractaments-daigua\/"},{"@type":"ListItem","position":4,"name":"Descalcificadors, osmosi, filtres de sorra"}]},{"@type":"WebSite","@id":"https:\/\/jnegre.com\/ca\/#website","url":"https:\/\/jnegre.com\/ca\/","name":"J.Negre | Expertos en Intercambio T\u00e9rmico y Refrigeraci\u00f3n Industrial desde 1978","description":"Intercambiadores de placas Sondex, torres de refrigeraci\u00f3n, enfriadoras magn\u00e9ticas y m\u00e1s. Servicio t\u00e9cnico y suministro con m\u00e1s de 30 a\u00f1os de experiencia","publisher":{"@id":"https:\/\/jnegre.com\/ca\/#organization"},"potentialAction":[{"@type":"SearchAction","target":{"@type":"EntryPoint","urlTemplate":"https:\/\/jnegre.com\/ca\/?s={search_term_string}"},"query-input":{"@type":"PropertyValueSpecification","valueRequired":true,"valueName":"search_term_string"}}],"inLanguage":"ca"},{"@type":"Organization","@id":"https:\/\/jnegre.com\/ca\/#organization","name":"J. Negre C.","url":"https:\/\/jnegre.com\/ca\/","logo":{"@type":"ImageObject","inLanguage":"ca","@id":"https:\/\/jnegre.com\/ca\/#\/schema\/logo\/image\/","url":"https:\/\/jnegre.com\/wp-content\/uploads\/2021\/05\/jnegre-logo-tagline.png","contentUrl":"https:\/\/jnegre.com\/wp-content\/uploads\/2021\/05\/jnegre-logo-tagline.png","width":1411,"height":380,"caption":"J. Negre C."},"image":{"@id":"https:\/\/jnegre.com\/ca\/#\/schema\/logo\/image\/"}}]}},"_links":{"self":[{"href":"https:\/\/jnegre.com\/ca\/wp-json\/wp\/v2\/product\/4290","targetHints":{"allow":["GET"]}}],"collection":[{"href":"https:\/\/jnegre.com\/ca\/wp-json\/wp\/v2\/product"}],"about":[{"href":"https:\/\/jnegre.com\/ca\/wp-json\/wp\/v2\/types\/product"}],"wp:featuredmedia":[{"embeddable":true,"href":"https:\/\/jnegre.com\/ca\/wp-json\/wp\/v2\/media\/4205"}],"wp:attachment":[{"href":"https:\/\/jnegre.com\/ca\/wp-json\/wp\/v2\/media?parent=4290"}],"wp:term":[{"taxonomy":"product_brand","embeddable":true,"href":"https:\/\/jnegre.com\/ca\/wp-json\/wp\/v2\/product_brand?post=4290"},{"taxonomy":"product_cat","embeddable":true,"href":"https:\/\/jnegre.com\/ca\/wp-json\/wp\/v2\/product_cat?post=4290"},{"taxonomy":"product_tag","embeddable":true,"href":"https:\/\/jnegre.com\/ca\/wp-json\/wp\/v2\/product_tag?post=4290"}],"curies":[{"name":"wp","href":"https:\/\/api.w.org\/{rel}","templated":true}]}}