{"id":4289,"date":"2021-03-19T11:01:31","date_gmt":"2021-03-19T11:01:31","guid":{"rendered":"https:\/\/jnegre.com\/producto\/tractaments-legionella-aigua-freda-i-aigua-calenta-sanitaria\/"},"modified":"2021-03-30T08:00:10","modified_gmt":"2021-03-30T08:00:10","slug":"tractaments-legionella-aigua-freda-i-aigua-calenta-sanitaria","status":"publish","type":"product","link":"https:\/\/jnegre.com\/ca\/producto\/tractaments-legionella-aigua-freda-i-aigua-calenta-sanitaria\/","title":{"rendered":"Tractaments legionel\u00b7la aigua freda i aigua calenta sanit\u00e0ria"},"content":{"rendered":"<div class=\"wpb-content-wrapper\"><p>[vc_row el_class=&#8221;screen-reader-text&#8221;][vc_column][vc_column_text]<\/p>\n<h2>Tractaments legionel\u00b7la aigua freda i aigua calenta sanit\u00e0ria<\/h2>\n<p>Tractaments legionel\u00b7la per a aigua freda i aigua calenta sanit\u00e0ria. Programes de tractament, manteniment i desinfeccions.<\/p>\n<p>Efectuem programes de tractament-manteniment i desinfeccions.<\/p>\n<p>Disposem aix\u00ec mateix de sistemes de cloraci\u00f3 i productes anticorrosius per a aig\u00fces potables.<\/p>\n<p>Les diferents proves i experi\u00e8ncies indiquen que la desinfecci\u00f3 t\u00e8rmica \u00e9s un dels processos m\u00e9s eficients per a les xarxes d&#8217;aigua potable. En conseq\u00fc\u00e8ncia disposem de sistemes de desinfecci\u00f3 t\u00e8rmica per a circuits d&#8217;aigua freda sanit\u00e0ria.<\/p>\n<h5>PROPOSTA DE MILLORES EN LA INSTAL\u00b7LACI\u00d3<\/h5>\n<p>Entre altres opcions podem proposar, si es considera oport\u00fa, modificacions per a poder realitzar desinfeccions t\u00e8rmiques en instal\u00b7lacions d&#8217;Aigua Freda<\/p>\n<h5>Documentaci\u00f3<\/h5>\n<p><a href=\"https:\/\/jnegre.com\/wp-content\/uploads\/pdf\/jnegre-folleto-tratamiento-de-agua-2018.pdf\" target=\"_blank\" rel=\"noopener noreferrer\">Descarregar Cat\u00e0leg<\/a><\/p>\n<p><a href=\"https:\/\/jnegre.com\/ca\/producto\/control-remot-tractament-daigua\/\" target=\"_blank\" rel=\"noopener noreferrer\">Control remot en tractament d&#8217;aigua<\/a>[\/vc_column_text][\/vc_column][\/vc_row]<\/p>\n<\/div>","protected":false},"excerpt":{"rendered":"<p>Efectuem programes de tractament-manteniment i desinfeccions.<\/p>\n<p>Disposem aix\u00ec mateix de sistemes de cloraci\u00f3 i productes anticorrosius per a aig\u00fces potables.<\/p>\n<p>Les diferents proves i experi\u00e8ncies indiquen que la desinfecci\u00f3 t\u00e8rmica \u00e9s un dels processos m\u00e9s eficients per a les xarxes d&#8217;aigua potable. En conseq\u00fc\u00e8ncia disposem de sistemes de desinfecci\u00f3 t\u00e8rmica per a circuits d&#8217;aigua freda sanit\u00e0ria.<\/p>\n<h5>PROPOSTA DE MILLORES EN LA INSTAL\u00b7LACI\u00d3<\/h5>\n<p>Entre altres opcions podem proposar, si es considera oport\u00fa, modificacions per a poder realitzar desinfeccions t\u00e8rmiques en instal\u00b7lacions d&#8217;Aigua Freda<\/p>\n<h5>Documentaci\u00f3<\/h5>\n<p><a href=\"https:\/\/jnegre.com\/wp-content\/uploads\/pdf\/jnegre-folleto-tratamiento-de-agua-2018.pdf\" target=\"_blank\" rel=\"noopener noreferrer\">Descarregar Cat\u00e0leg<\/a><\/p>\n<p><a href=\"https:\/\/jnegre.com\/producto\/control-remoto-tratamiento-de-agua\/\" target=\"_blank\" rel=\"noopener noreferrer\">Control remot en tractament d&#8217;aigua<\/a><\/p>\n","protected":false},"featured_media":3954,"template":"","meta":[],"product_brand":[],"product_cat":[117],"product_tag":[],"class_list":{"0":"post-4289","1":"product","2":"type-product","3":"status-publish","4":"has-post-thumbnail","6":"product_cat-tractaments-daigua","8":"first","9":"instock","10":"shipping-taxable","11":"product-type-simple"},"yoast_head":"<!-- This site is optimized with the Yoast SEO plugin v27.5 - https:\/\/yoast.com\/product\/yoast-seo-wordpress\/ -->\n<title>Tractaments legionel\u00b7la aigua freda i aigua calenta sanit\u00e0ria | J.Negre | Expertos en Intercambio T\u00e9rmico y Refrigeraci\u00f3n Industrial desde 1978<\/title>\n<meta name=\"description\" content=\"Tractaments legionel\u00b7la per a aigua freda i aigua calenta sanit\u00e0ria. Programes de tractament, manteniment i desinfeccions.\" \/>\n<meta name=\"robots\" content=\"index, follow, max-snippet:-1, max-image-preview:large, max-video-preview:-1\" \/>\n<link rel=\"canonical\" href=\"https:\/\/jnegre.com\/ca\/producto\/tractaments-legionella-aigua-freda-i-aigua-calenta-sanitaria\/\" \/>\n<meta property=\"og:locale\" content=\"ca_ES\" \/>\n<meta property=\"og:type\" content=\"article\" \/>\n<meta property=\"og:title\" content=\"Tractaments legionel\u00b7la aigua freda i aigua calenta sanit\u00e0ria | J.Negre | Expertos en Intercambio T\u00e9rmico y Refrigeraci\u00f3n Industrial desde 1978\" \/>\n<meta property=\"og:description\" content=\"Tractaments legionel\u00b7la per a aigua freda i aigua calenta sanit\u00e0ria. Programes de tractament, manteniment i desinfeccions.\" \/>\n<meta property=\"og:url\" content=\"https:\/\/jnegre.com\/ca\/producto\/tractaments-legionella-aigua-freda-i-aigua-calenta-sanitaria\/\" \/>\n<meta property=\"og:site_name\" content=\"J.Negre | Expertos en Intercambio T\u00e9rmico y Refrigeraci\u00f3n Industrial desde 1978\" \/>\n<meta property=\"article:modified_time\" content=\"2021-03-30T08:00:10+00:00\" \/>\n<meta property=\"og:image\" content=\"https:\/\/jnegre.com\/wp-content\/uploads\/2020\/09\/jnegre-tratamientos-legionella-02.jpg\" \/>\n\t<meta property=\"og:image:width\" content=\"800\" \/>\n\t<meta property=\"og:image:height\" content=\"800\" \/>\n\t<meta property=\"og:image:type\" content=\"image\/jpeg\" \/>\n<meta name=\"twitter:card\" content=\"summary_large_image\" \/>\n<meta name=\"twitter:label1\" content=\"Temps estimat de lectura\" \/>\n\t<meta name=\"twitter:data1\" content=\"1 minut\" \/>\n<script type=\"application\/ld+json\" class=\"yoast-schema-graph\">{\"@context\":\"https:\\\/\\\/schema.org\",\"@graph\":[{\"@type\":\"WebPage\",\"@id\":\"https:\\\/\\\/jnegre.com\\\/ca\\\/producto\\\/tractaments-legionella-aigua-freda-i-aigua-calenta-sanitaria\\\/\",\"url\":\"https:\\\/\\\/jnegre.com\\\/ca\\\/producto\\\/tractaments-legionella-aigua-freda-i-aigua-calenta-sanitaria\\\/\",\"name\":\"Tractaments legionel\u00b7la aigua freda i aigua calenta sanit\u00e0ria | J.Negre | Expertos en Intercambio T\u00e9rmico y Refrigeraci\u00f3n Industrial desde 1978\",\"isPartOf\":{\"@id\":\"https:\\\/\\\/jnegre.com\\\/ca\\\/#website\"},\"primaryImageOfPage\":{\"@id\":\"https:\\\/\\\/jnegre.com\\\/ca\\\/producto\\\/tractaments-legionella-aigua-freda-i-aigua-calenta-sanitaria\\\/#primaryimage\"},\"image\":{\"@id\":\"https:\\\/\\\/jnegre.com\\\/ca\\\/producto\\\/tractaments-legionella-aigua-freda-i-aigua-calenta-sanitaria\\\/#primaryimage\"},\"thumbnailUrl\":\"https:\\\/\\\/jnegre.com\\\/wp-content\\\/uploads\\\/2020\\\/09\\\/jnegre-tratamientos-legionella-02.jpg\",\"datePublished\":\"2021-03-19T11:01:31+00:00\",\"dateModified\":\"2021-03-30T08:00:10+00:00\",\"description\":\"Tractaments legionel\u00b7la per a aigua freda i aigua calenta sanit\u00e0ria. Programes de tractament, manteniment i desinfeccions.\",\"breadcrumb\":{\"@id\":\"https:\\\/\\\/jnegre.com\\\/ca\\\/producto\\\/tractaments-legionella-aigua-freda-i-aigua-calenta-sanitaria\\\/#breadcrumb\"},\"inLanguage\":\"ca\",\"potentialAction\":[{\"@type\":\"ReadAction\",\"target\":[\"https:\\\/\\\/jnegre.com\\\/ca\\\/producto\\\/tractaments-legionella-aigua-freda-i-aigua-calenta-sanitaria\\\/\"]}]},{\"@type\":\"ImageObject\",\"inLanguage\":\"ca\",\"@id\":\"https:\\\/\\\/jnegre.com\\\/ca\\\/producto\\\/tractaments-legionella-aigua-freda-i-aigua-calenta-sanitaria\\\/#primaryimage\",\"url\":\"https:\\\/\\\/jnegre.com\\\/wp-content\\\/uploads\\\/2020\\\/09\\\/jnegre-tratamientos-legionella-02.jpg\",\"contentUrl\":\"https:\\\/\\\/jnegre.com\\\/wp-content\\\/uploads\\\/2020\\\/09\\\/jnegre-tratamientos-legionella-02.jpg\",\"width\":800,\"height\":800,\"caption\":\"JNEGRE - Tractaments legionel\u00b7la aigua freda i aigua calenta sanit\u00e0ria\"},{\"@type\":\"BreadcrumbList\",\"@id\":\"https:\\\/\\\/jnegre.com\\\/ca\\\/producto\\\/tractaments-legionella-aigua-freda-i-aigua-calenta-sanitaria\\\/#breadcrumb\",\"itemListElement\":[{\"@type\":\"ListItem\",\"position\":1,\"name\":\"Inicio\",\"item\":\"https:\\\/\\\/jnegre.com\\\/ca\\\/\"},{\"@type\":\"ListItem\",\"position\":2,\"name\":\"Tienda\",\"item\":\"https:\\\/\\\/jnegre.com\\\/ca\\\/tienda\\\/\"},{\"@type\":\"ListItem\",\"position\":3,\"name\":\"Tractaments d&#039;aigua\",\"item\":\"https:\\\/\\\/jnegre.com\\\/ca\\\/categoria-producto\\\/tractaments-daigua\\\/\"},{\"@type\":\"ListItem\",\"position\":4,\"name\":\"Tractaments legionel\u00b7la aigua freda i aigua calenta sanit\u00e0ria\"}]},{\"@type\":\"WebSite\",\"@id\":\"https:\\\/\\\/jnegre.com\\\/ca\\\/#website\",\"url\":\"https:\\\/\\\/jnegre.com\\\/ca\\\/\",\"name\":\"J.Negre | Expertos en Intercambio T\u00e9rmico y Refrigeraci\u00f3n Industrial desde 1978\",\"description\":\"Intercambiadores de placas Sondex, torres de refrigeraci\u00f3n, enfriadoras magn\u00e9ticas y m\u00e1s. Servicio t\u00e9cnico y suministro con m\u00e1s de 30 a\u00f1os de experiencia\",\"publisher\":{\"@id\":\"https:\\\/\\\/jnegre.com\\\/ca\\\/#organization\"},\"potentialAction\":[{\"@type\":\"SearchAction\",\"target\":{\"@type\":\"EntryPoint\",\"urlTemplate\":\"https:\\\/\\\/jnegre.com\\\/ca\\\/?s={search_term_string}\"},\"query-input\":{\"@type\":\"PropertyValueSpecification\",\"valueRequired\":true,\"valueName\":\"search_term_string\"}}],\"inLanguage\":\"ca\"},{\"@type\":\"Organization\",\"@id\":\"https:\\\/\\\/jnegre.com\\\/ca\\\/#organization\",\"name\":\"J. Negre C.\",\"url\":\"https:\\\/\\\/jnegre.com\\\/ca\\\/\",\"logo\":{\"@type\":\"ImageObject\",\"inLanguage\":\"ca\",\"@id\":\"https:\\\/\\\/jnegre.com\\\/ca\\\/#\\\/schema\\\/logo\\\/image\\\/\",\"url\":\"https:\\\/\\\/jnegre.com\\\/wp-content\\\/uploads\\\/2021\\\/05\\\/jnegre-logo-tagline.png\",\"contentUrl\":\"https:\\\/\\\/jnegre.com\\\/wp-content\\\/uploads\\\/2021\\\/05\\\/jnegre-logo-tagline.png\",\"width\":1411,\"height\":380,\"caption\":\"J. Negre C.\"},\"image\":{\"@id\":\"https:\\\/\\\/jnegre.com\\\/ca\\\/#\\\/schema\\\/logo\\\/image\\\/\"}}]}<\/script>\n<!-- \/ Yoast SEO plugin. -->","yoast_head_json":{"title":"Tractaments legionel\u00b7la aigua freda i aigua calenta sanit\u00e0ria | J.Negre | Expertos en Intercambio T\u00e9rmico y Refrigeraci\u00f3n Industrial desde 1978","description":"Tractaments legionel\u00b7la per a aigua freda i aigua calenta sanit\u00e0ria. Programes de tractament, manteniment i desinfeccions.","robots":{"index":"index","follow":"follow","max-snippet":"max-snippet:-1","max-image-preview":"max-image-preview:large","max-video-preview":"max-video-preview:-1"},"canonical":"https:\/\/jnegre.com\/ca\/producto\/tractaments-legionella-aigua-freda-i-aigua-calenta-sanitaria\/","og_locale":"ca_ES","og_type":"article","og_title":"Tractaments legionel\u00b7la aigua freda i aigua calenta sanit\u00e0ria | J.Negre | Expertos en Intercambio T\u00e9rmico y Refrigeraci\u00f3n Industrial desde 1978","og_description":"Tractaments legionel\u00b7la per a aigua freda i aigua calenta sanit\u00e0ria. Programes de tractament, manteniment i desinfeccions.","og_url":"https:\/\/jnegre.com\/ca\/producto\/tractaments-legionella-aigua-freda-i-aigua-calenta-sanitaria\/","og_site_name":"J.Negre | Expertos en Intercambio T\u00e9rmico y Refrigeraci\u00f3n Industrial desde 1978","article_modified_time":"2021-03-30T08:00:10+00:00","og_image":[{"width":800,"height":800,"url":"https:\/\/jnegre.com\/wp-content\/uploads\/2020\/09\/jnegre-tratamientos-legionella-02.jpg","type":"image\/jpeg"}],"twitter_card":"summary_large_image","twitter_misc":{"Temps estimat de lectura":"1 minut"},"schema":{"@context":"https:\/\/schema.org","@graph":[{"@type":"WebPage","@id":"https:\/\/jnegre.com\/ca\/producto\/tractaments-legionella-aigua-freda-i-aigua-calenta-sanitaria\/","url":"https:\/\/jnegre.com\/ca\/producto\/tractaments-legionella-aigua-freda-i-aigua-calenta-sanitaria\/","name":"Tractaments legionel\u00b7la aigua freda i aigua calenta sanit\u00e0ria | J.Negre | Expertos en Intercambio T\u00e9rmico y Refrigeraci\u00f3n Industrial desde 1978","isPartOf":{"@id":"https:\/\/jnegre.com\/ca\/#website"},"primaryImageOfPage":{"@id":"https:\/\/jnegre.com\/ca\/producto\/tractaments-legionella-aigua-freda-i-aigua-calenta-sanitaria\/#primaryimage"},"image":{"@id":"https:\/\/jnegre.com\/ca\/producto\/tractaments-legionella-aigua-freda-i-aigua-calenta-sanitaria\/#primaryimage"},"thumbnailUrl":"https:\/\/jnegre.com\/wp-content\/uploads\/2020\/09\/jnegre-tratamientos-legionella-02.jpg","datePublished":"2021-03-19T11:01:31+00:00","dateModified":"2021-03-30T08:00:10+00:00","description":"Tractaments legionel\u00b7la per a aigua freda i aigua calenta sanit\u00e0ria. Programes de tractament, manteniment i desinfeccions.","breadcrumb":{"@id":"https:\/\/jnegre.com\/ca\/producto\/tractaments-legionella-aigua-freda-i-aigua-calenta-sanitaria\/#breadcrumb"},"inLanguage":"ca","potentialAction":[{"@type":"ReadAction","target":["https:\/\/jnegre.com\/ca\/producto\/tractaments-legionella-aigua-freda-i-aigua-calenta-sanitaria\/"]}]},{"@type":"ImageObject","inLanguage":"ca","@id":"https:\/\/jnegre.com\/ca\/producto\/tractaments-legionella-aigua-freda-i-aigua-calenta-sanitaria\/#primaryimage","url":"https:\/\/jnegre.com\/wp-content\/uploads\/2020\/09\/jnegre-tratamientos-legionella-02.jpg","contentUrl":"https:\/\/jnegre.com\/wp-content\/uploads\/2020\/09\/jnegre-tratamientos-legionella-02.jpg","width":800,"height":800,"caption":"JNEGRE - Tractaments legionel\u00b7la aigua freda i aigua calenta sanit\u00e0ria"},{"@type":"BreadcrumbList","@id":"https:\/\/jnegre.com\/ca\/producto\/tractaments-legionella-aigua-freda-i-aigua-calenta-sanitaria\/#breadcrumb","itemListElement":[{"@type":"ListItem","position":1,"name":"Inicio","item":"https:\/\/jnegre.com\/ca\/"},{"@type":"ListItem","position":2,"name":"Tienda","item":"https:\/\/jnegre.com\/ca\/tienda\/"},{"@type":"ListItem","position":3,"name":"Tractaments d&#039;aigua","item":"https:\/\/jnegre.com\/ca\/categoria-producto\/tractaments-daigua\/"},{"@type":"ListItem","position":4,"name":"Tractaments legionel\u00b7la aigua freda i aigua calenta sanit\u00e0ria"}]},{"@type":"WebSite","@id":"https:\/\/jnegre.com\/ca\/#website","url":"https:\/\/jnegre.com\/ca\/","name":"J.Negre | Expertos en Intercambio T\u00e9rmico y Refrigeraci\u00f3n Industrial desde 1978","description":"Intercambiadores de placas Sondex, torres de refrigeraci\u00f3n, enfriadoras magn\u00e9ticas y m\u00e1s. Servicio t\u00e9cnico y suministro con m\u00e1s de 30 a\u00f1os de experiencia","publisher":{"@id":"https:\/\/jnegre.com\/ca\/#organization"},"potentialAction":[{"@type":"SearchAction","target":{"@type":"EntryPoint","urlTemplate":"https:\/\/jnegre.com\/ca\/?s={search_term_string}"},"query-input":{"@type":"PropertyValueSpecification","valueRequired":true,"valueName":"search_term_string"}}],"inLanguage":"ca"},{"@type":"Organization","@id":"https:\/\/jnegre.com\/ca\/#organization","name":"J. Negre C.","url":"https:\/\/jnegre.com\/ca\/","logo":{"@type":"ImageObject","inLanguage":"ca","@id":"https:\/\/jnegre.com\/ca\/#\/schema\/logo\/image\/","url":"https:\/\/jnegre.com\/wp-content\/uploads\/2021\/05\/jnegre-logo-tagline.png","contentUrl":"https:\/\/jnegre.com\/wp-content\/uploads\/2021\/05\/jnegre-logo-tagline.png","width":1411,"height":380,"caption":"J. Negre C."},"image":{"@id":"https:\/\/jnegre.com\/ca\/#\/schema\/logo\/image\/"}}]}},"_links":{"self":[{"href":"https:\/\/jnegre.com\/ca\/wp-json\/wp\/v2\/product\/4289","targetHints":{"allow":["GET"]}}],"collection":[{"href":"https:\/\/jnegre.com\/ca\/wp-json\/wp\/v2\/product"}],"about":[{"href":"https:\/\/jnegre.com\/ca\/wp-json\/wp\/v2\/types\/product"}],"wp:featuredmedia":[{"embeddable":true,"href":"https:\/\/jnegre.com\/ca\/wp-json\/wp\/v2\/media\/3954"}],"wp:attachment":[{"href":"https:\/\/jnegre.com\/ca\/wp-json\/wp\/v2\/media?parent=4289"}],"wp:term":[{"taxonomy":"product_brand","embeddable":true,"href":"https:\/\/jnegre.com\/ca\/wp-json\/wp\/v2\/product_brand?post=4289"},{"taxonomy":"product_cat","embeddable":true,"href":"https:\/\/jnegre.com\/ca\/wp-json\/wp\/v2\/product_cat?post=4289"},{"taxonomy":"product_tag","embeddable":true,"href":"https:\/\/jnegre.com\/ca\/wp-json\/wp\/v2\/product_tag?post=4289"}],"curies":[{"name":"wp","href":"https:\/\/api.w.org\/{rel}","templated":true}]}}