{"id":4288,"date":"2021-03-19T10:55:07","date_gmt":"2021-03-19T10:55:07","guid":{"rendered":"https:\/\/jnegre.com\/producto\/control-remot-tractament-daigua\/"},"modified":"2021-03-30T08:00:09","modified_gmt":"2021-03-30T08:00:09","slug":"control-remot-tractament-daigua","status":"publish","type":"product","link":"https:\/\/jnegre.com\/ca\/producto\/control-remot-tractament-daigua\/","title":{"rendered":"Control remot tractament d&#8217;aigua"},"content":{"rendered":"<div class=\"wpb-content-wrapper\"><p>[vc_row el_class=&#8221;screen-reader-text&#8221;][vc_column][vc_column_text]<\/p>\n<h2>Control remot tractament d&#8217;aigua<\/h2>\n<p>Control remot tractament d&#8217;aigua mitjan\u00e7ant l&#8217;automatitzaci\u00f3 d&#8217;instal\u00b7lacions permetent el seu control i gesti\u00f3 de manera remota.<\/p>\n<p>Automatitzem les instal\u00b7lacions permetent el seu control i gesti\u00f3 de forma<br \/>\nremota via internet o telefonia m\u00f2bil.<\/p>\n<h5>Documentaci\u00f3<\/h5>\n<p><a href=\"https:\/\/jnegre.com\/wp-content\/uploads\/pdf\/jnegre-folleto-tratamiento-de-agua-2018.pdf\" target=\"_blank\" rel=\"noopener noreferrer\">Descarregar Cat\u00e0leg<\/a>[\/vc_column_text][\/vc_column][\/vc_row][vc_row][vc_column width=&#8221;3\/4&#8243;][vc_single_image image=&#8221;3426&#8243; img_size=&#8221;full&#8221;][\/vc_column][vc_column width=&#8221;1\/4&#8243;][vc_column_text]Automatitzem les instal\u00b7lacions permetent el seu control i gesti\u00f3 de manera remota via internet o telefonia m\u00f2bil.[\/vc_column_text][\/vc_column][\/vc_row][vc_row][vc_column][vc_empty_space height=&#8221;65px&#8221;][vc_column_text]En funci\u00f3 dels valors recollits per les diferents sondes, s&#8217;operen els equips espec\u00edfics de cada instal\u00b7laci\u00f3, portant-se tamb\u00e9 els registres dels par\u00e0metres obligatoris per llei.<\/p>\n<p>En cas de desviaci\u00f3, el sistema via correu electr\u00f2nic o missatge SMS avisa als responsables designats perqu\u00e8 executin les mesures correctores.<br \/>\nPoden afegir-se de manera addicional gestions pr\u00f2pies de la instal\u00b7laci\u00f3, com a monitoratge de valors, modificacions de consignes, control d&#8217;arrencades i aturs o gesti\u00f3 de variadors de freq\u00fc\u00e8ncia.[\/vc_column_text][\/vc_column][\/vc_row][vc_row][vc_column][vc_empty_space height=&#8221;65px&#8221;][vc_column_text]<\/p>\n<h5>Gesti\u00f3 d&#8217;un circuit de Torre de Refrigeraci\u00f3<\/h5>\n<p>[\/vc_column_text][vc_empty_space][\/vc_column][\/vc_row][vc_row][vc_column width=&#8221;1\/2&#8243;][vc_column_text]<\/p>\n<h5>Es controla:<\/h5>\n<ul>\n<li>Consum d&#8217;aigua d&#8217;aportaci\u00f3.<\/li>\n<li>Consum d&#8217;aigua de purga.<\/li>\n<li>Conductivitat en circuit (opcionalment i en casos especials tamb\u00e9 en aportaci\u00f3)<\/li>\n<li>Nivell de biocida en l&#8217;aigua.<\/li>\n<li>Nivells de productes a dosar en els envasos.<\/li>\n<\/ul>\n<h5>I en funci\u00f3 d&#8217;aquestes dades s&#8217;accionen:<\/h5>\n<ul>\n<li>Bombes dosificadores &#8211; V\u00e0lvules de purga<\/li>\n<\/ul>\n<p>Es porta el registre diari del nivell de Biocida.[\/vc_column_text][\/vc_column][vc_column width=&#8221;1\/2&#8243;][vc_single_image image=&#8221;3427&#8243; img_size=&#8221;full&#8221;][\/vc_column][\/vc_row][vc_row][vc_column][vc_empty_space height=&#8221;65px&#8221;][vc_column_text]<\/p>\n<h5>Gesti\u00f3 de circuits d&#8217;aigua freda i aigua calenta sanit\u00e0ria<\/h5>\n<p>[\/vc_column_text][vc_empty_space][\/vc_column][\/vc_row][vc_row][vc_column width=&#8221;1\/3&#8243;][vc_single_image image=&#8221;3428&#8243; img_size=&#8221;full&#8221;][\/vc_column][vc_column width=&#8221;2\/3&#8243;][vc_column_text]<\/p>\n<h5>Es pot controlar:<\/h5>\n<ul>\n<li>Clor residual en dip\u00f2sits.<\/li>\n<li>Temperatura dels acumuladors d&#8217;aigua calenta.<\/li>\n<li>Temperatura en el circuit de retorn de l&#8217;aigua calenta en els sistemes amb recirculaci\u00f3.<\/li>\n<\/ul>\n<h5>I en funci\u00f3 d&#8217;aquestes dades \u00e9s pot:<\/h5>\n<ul>\n<li>Accionar bombes dosificadores.<\/li>\n<li>Si la caldera ho permet, modificar la consigna per a realitzar desinfeccions t\u00e8rmiques en els acumuladors de manera peri\u00f2dica.<\/li>\n<li>Dosificar desinfectants espec\u00edfics en cas d&#8217;anomalies en la temperatura.<\/li>\n<\/ul>\n<p>Es porta el registre diari de les temperatures dels acumuladors.[\/vc_column_text][\/vc_column][\/vc_row][vc_row][vc_column][vc_empty_space height=&#8221;65px&#8221;][vc_single_image image=&#8221;3429&#8243; img_size=&#8221;full&#8221;][\/vc_column][\/vc_row]<\/p>\n<\/div>","protected":false},"excerpt":{"rendered":"<p>Automatitzem les instal\u00b7lacions permetent el seu control i gesti\u00f3 de forma<br \/>\nremota via internet o telefonia m\u00f2bil.<\/p>\n<h5>Documentaci\u00f3<\/h5>\n<p><a href=\"https:\/\/jnegre.com\/wp-content\/uploads\/pdf\/jnegre-folleto-tratamiento-de-agua-2018.pdf\" target=\"_blank\" rel=\"noopener noreferrer\">Descarregar Cat\u00e0leg<\/a><\/p>\n","protected":false},"featured_media":4189,"template":"","meta":[],"product_brand":[],"product_cat":[117],"product_tag":[],"class_list":{"0":"post-4288","1":"product","2":"type-product","3":"status-publish","4":"has-post-thumbnail","6":"product_cat-tractaments-daigua","8":"first","9":"instock","10":"shipping-taxable","11":"product-type-simple"},"yoast_head":"<!-- This site is optimized with the Yoast SEO plugin v27.5 - https:\/\/yoast.com\/product\/yoast-seo-wordpress\/ -->\n<title>Control remot tractament d&#039;aigua en remot | J.Negre | Expertos en Intercambio T\u00e9rmico y Refrigeraci\u00f3n Industrial desde 1978<\/title>\n<meta name=\"description\" content=\"Control remot tractament d&#039;aigua mitjan\u00e7ant l&#039;automatitzaci\u00f3 d&#039;instal\u00b7lacions permetent el seu control i gesti\u00f3 de manera remota.\" \/>\n<meta name=\"robots\" content=\"index, follow, max-snippet:-1, max-image-preview:large, max-video-preview:-1\" \/>\n<link rel=\"canonical\" href=\"https:\/\/jnegre.com\/ca\/producto\/control-remot-tractament-daigua\/\" \/>\n<meta property=\"og:locale\" content=\"ca_ES\" \/>\n<meta property=\"og:type\" content=\"article\" \/>\n<meta property=\"og:title\" content=\"Control remot tractament d&#039;aigua en remot | J.Negre | Expertos en Intercambio T\u00e9rmico y Refrigeraci\u00f3n Industrial desde 1978\" \/>\n<meta property=\"og:description\" content=\"Control remot tractament d&#039;aigua mitjan\u00e7ant l&#039;automatitzaci\u00f3 d&#039;instal\u00b7lacions permetent el seu control i gesti\u00f3 de manera remota.\" \/>\n<meta property=\"og:url\" content=\"https:\/\/jnegre.com\/ca\/producto\/control-remot-tractament-daigua\/\" \/>\n<meta property=\"og:site_name\" content=\"J.Negre | Expertos en Intercambio T\u00e9rmico y Refrigeraci\u00f3n Industrial desde 1978\" \/>\n<meta property=\"article:modified_time\" content=\"2021-03-30T08:00:09+00:00\" \/>\n<meta property=\"og:image\" content=\"https:\/\/jnegre.com\/wp-content\/uploads\/2020\/09\/jnegre-control-remoto-dest.jpg\" \/>\n\t<meta property=\"og:image:width\" content=\"800\" \/>\n\t<meta property=\"og:image:height\" content=\"800\" \/>\n\t<meta property=\"og:image:type\" content=\"image\/jpeg\" \/>\n<meta name=\"twitter:card\" content=\"summary_large_image\" \/>\n<meta name=\"twitter:label1\" content=\"Temps estimat de lectura\" \/>\n\t<meta name=\"twitter:data1\" content=\"2 minuts\" \/>\n<script type=\"application\/ld+json\" class=\"yoast-schema-graph\">{\"@context\":\"https:\\\/\\\/schema.org\",\"@graph\":[{\"@type\":\"WebPage\",\"@id\":\"https:\\\/\\\/jnegre.com\\\/ca\\\/producto\\\/control-remot-tractament-daigua\\\/\",\"url\":\"https:\\\/\\\/jnegre.com\\\/ca\\\/producto\\\/control-remot-tractament-daigua\\\/\",\"name\":\"Control remot tractament d'aigua en remot | J.Negre | Expertos en Intercambio T\u00e9rmico y Refrigeraci\u00f3n Industrial desde 1978\",\"isPartOf\":{\"@id\":\"https:\\\/\\\/jnegre.com\\\/ca\\\/#website\"},\"primaryImageOfPage\":{\"@id\":\"https:\\\/\\\/jnegre.com\\\/ca\\\/producto\\\/control-remot-tractament-daigua\\\/#primaryimage\"},\"image\":{\"@id\":\"https:\\\/\\\/jnegre.com\\\/ca\\\/producto\\\/control-remot-tractament-daigua\\\/#primaryimage\"},\"thumbnailUrl\":\"https:\\\/\\\/jnegre.com\\\/wp-content\\\/uploads\\\/2020\\\/09\\\/jnegre-control-remoto-dest.jpg\",\"datePublished\":\"2021-03-19T10:55:07+00:00\",\"dateModified\":\"2021-03-30T08:00:09+00:00\",\"description\":\"Control remot tractament d'aigua mitjan\u00e7ant l'automatitzaci\u00f3 d'instal\u00b7lacions permetent el seu control i gesti\u00f3 de manera remota.\",\"breadcrumb\":{\"@id\":\"https:\\\/\\\/jnegre.com\\\/ca\\\/producto\\\/control-remot-tractament-daigua\\\/#breadcrumb\"},\"inLanguage\":\"ca\",\"potentialAction\":[{\"@type\":\"ReadAction\",\"target\":[\"https:\\\/\\\/jnegre.com\\\/ca\\\/producto\\\/control-remot-tractament-daigua\\\/\"]}]},{\"@type\":\"ImageObject\",\"inLanguage\":\"ca\",\"@id\":\"https:\\\/\\\/jnegre.com\\\/ca\\\/producto\\\/control-remot-tractament-daigua\\\/#primaryimage\",\"url\":\"https:\\\/\\\/jnegre.com\\\/wp-content\\\/uploads\\\/2020\\\/09\\\/jnegre-control-remoto-dest.jpg\",\"contentUrl\":\"https:\\\/\\\/jnegre.com\\\/wp-content\\\/uploads\\\/2020\\\/09\\\/jnegre-control-remoto-dest.jpg\",\"width\":800,\"height\":800,\"caption\":\"JNEGRE - Control remot tractament d'aigua\"},{\"@type\":\"BreadcrumbList\",\"@id\":\"https:\\\/\\\/jnegre.com\\\/ca\\\/producto\\\/control-remot-tractament-daigua\\\/#breadcrumb\",\"itemListElement\":[{\"@type\":\"ListItem\",\"position\":1,\"name\":\"Inicio\",\"item\":\"https:\\\/\\\/jnegre.com\\\/ca\\\/\"},{\"@type\":\"ListItem\",\"position\":2,\"name\":\"Tienda\",\"item\":\"https:\\\/\\\/jnegre.com\\\/ca\\\/tienda\\\/\"},{\"@type\":\"ListItem\",\"position\":3,\"name\":\"Tractaments d&#039;aigua\",\"item\":\"https:\\\/\\\/jnegre.com\\\/ca\\\/categoria-producto\\\/tractaments-daigua\\\/\"},{\"@type\":\"ListItem\",\"position\":4,\"name\":\"Control remot tractament d&#8217;aigua\"}]},{\"@type\":\"WebSite\",\"@id\":\"https:\\\/\\\/jnegre.com\\\/ca\\\/#website\",\"url\":\"https:\\\/\\\/jnegre.com\\\/ca\\\/\",\"name\":\"J.Negre | Expertos en Intercambio T\u00e9rmico y Refrigeraci\u00f3n Industrial desde 1978\",\"description\":\"Intercambiadores de placas Sondex, torres de refrigeraci\u00f3n, enfriadoras magn\u00e9ticas y m\u00e1s. Servicio t\u00e9cnico y suministro con m\u00e1s de 30 a\u00f1os de experiencia\",\"publisher\":{\"@id\":\"https:\\\/\\\/jnegre.com\\\/ca\\\/#organization\"},\"potentialAction\":[{\"@type\":\"SearchAction\",\"target\":{\"@type\":\"EntryPoint\",\"urlTemplate\":\"https:\\\/\\\/jnegre.com\\\/ca\\\/?s={search_term_string}\"},\"query-input\":{\"@type\":\"PropertyValueSpecification\",\"valueRequired\":true,\"valueName\":\"search_term_string\"}}],\"inLanguage\":\"ca\"},{\"@type\":\"Organization\",\"@id\":\"https:\\\/\\\/jnegre.com\\\/ca\\\/#organization\",\"name\":\"J. Negre C.\",\"url\":\"https:\\\/\\\/jnegre.com\\\/ca\\\/\",\"logo\":{\"@type\":\"ImageObject\",\"inLanguage\":\"ca\",\"@id\":\"https:\\\/\\\/jnegre.com\\\/ca\\\/#\\\/schema\\\/logo\\\/image\\\/\",\"url\":\"https:\\\/\\\/jnegre.com\\\/wp-content\\\/uploads\\\/2021\\\/05\\\/jnegre-logo-tagline.png\",\"contentUrl\":\"https:\\\/\\\/jnegre.com\\\/wp-content\\\/uploads\\\/2021\\\/05\\\/jnegre-logo-tagline.png\",\"width\":1411,\"height\":380,\"caption\":\"J. Negre C.\"},\"image\":{\"@id\":\"https:\\\/\\\/jnegre.com\\\/ca\\\/#\\\/schema\\\/logo\\\/image\\\/\"}}]}<\/script>\n<!-- \/ Yoast SEO plugin. -->","yoast_head_json":{"title":"Control remot tractament d'aigua en remot | J.Negre | Expertos en Intercambio T\u00e9rmico y Refrigeraci\u00f3n Industrial desde 1978","description":"Control remot tractament d'aigua mitjan\u00e7ant l'automatitzaci\u00f3 d'instal\u00b7lacions permetent el seu control i gesti\u00f3 de manera remota.","robots":{"index":"index","follow":"follow","max-snippet":"max-snippet:-1","max-image-preview":"max-image-preview:large","max-video-preview":"max-video-preview:-1"},"canonical":"https:\/\/jnegre.com\/ca\/producto\/control-remot-tractament-daigua\/","og_locale":"ca_ES","og_type":"article","og_title":"Control remot tractament d'aigua en remot | J.Negre | Expertos en Intercambio T\u00e9rmico y Refrigeraci\u00f3n Industrial desde 1978","og_description":"Control remot tractament d'aigua mitjan\u00e7ant l'automatitzaci\u00f3 d'instal\u00b7lacions permetent el seu control i gesti\u00f3 de manera remota.","og_url":"https:\/\/jnegre.com\/ca\/producto\/control-remot-tractament-daigua\/","og_site_name":"J.Negre | Expertos en Intercambio T\u00e9rmico y Refrigeraci\u00f3n Industrial desde 1978","article_modified_time":"2021-03-30T08:00:09+00:00","og_image":[{"width":800,"height":800,"url":"https:\/\/jnegre.com\/wp-content\/uploads\/2020\/09\/jnegre-control-remoto-dest.jpg","type":"image\/jpeg"}],"twitter_card":"summary_large_image","twitter_misc":{"Temps estimat de lectura":"2 minuts"},"schema":{"@context":"https:\/\/schema.org","@graph":[{"@type":"WebPage","@id":"https:\/\/jnegre.com\/ca\/producto\/control-remot-tractament-daigua\/","url":"https:\/\/jnegre.com\/ca\/producto\/control-remot-tractament-daigua\/","name":"Control remot tractament d'aigua en remot | J.Negre | Expertos en Intercambio T\u00e9rmico y Refrigeraci\u00f3n Industrial desde 1978","isPartOf":{"@id":"https:\/\/jnegre.com\/ca\/#website"},"primaryImageOfPage":{"@id":"https:\/\/jnegre.com\/ca\/producto\/control-remot-tractament-daigua\/#primaryimage"},"image":{"@id":"https:\/\/jnegre.com\/ca\/producto\/control-remot-tractament-daigua\/#primaryimage"},"thumbnailUrl":"https:\/\/jnegre.com\/wp-content\/uploads\/2020\/09\/jnegre-control-remoto-dest.jpg","datePublished":"2021-03-19T10:55:07+00:00","dateModified":"2021-03-30T08:00:09+00:00","description":"Control remot tractament d'aigua mitjan\u00e7ant l'automatitzaci\u00f3 d'instal\u00b7lacions permetent el seu control i gesti\u00f3 de manera remota.","breadcrumb":{"@id":"https:\/\/jnegre.com\/ca\/producto\/control-remot-tractament-daigua\/#breadcrumb"},"inLanguage":"ca","potentialAction":[{"@type":"ReadAction","target":["https:\/\/jnegre.com\/ca\/producto\/control-remot-tractament-daigua\/"]}]},{"@type":"ImageObject","inLanguage":"ca","@id":"https:\/\/jnegre.com\/ca\/producto\/control-remot-tractament-daigua\/#primaryimage","url":"https:\/\/jnegre.com\/wp-content\/uploads\/2020\/09\/jnegre-control-remoto-dest.jpg","contentUrl":"https:\/\/jnegre.com\/wp-content\/uploads\/2020\/09\/jnegre-control-remoto-dest.jpg","width":800,"height":800,"caption":"JNEGRE - Control remot tractament d'aigua"},{"@type":"BreadcrumbList","@id":"https:\/\/jnegre.com\/ca\/producto\/control-remot-tractament-daigua\/#breadcrumb","itemListElement":[{"@type":"ListItem","position":1,"name":"Inicio","item":"https:\/\/jnegre.com\/ca\/"},{"@type":"ListItem","position":2,"name":"Tienda","item":"https:\/\/jnegre.com\/ca\/tienda\/"},{"@type":"ListItem","position":3,"name":"Tractaments d&#039;aigua","item":"https:\/\/jnegre.com\/ca\/categoria-producto\/tractaments-daigua\/"},{"@type":"ListItem","position":4,"name":"Control remot tractament d&#8217;aigua"}]},{"@type":"WebSite","@id":"https:\/\/jnegre.com\/ca\/#website","url":"https:\/\/jnegre.com\/ca\/","name":"J.Negre | Expertos en Intercambio T\u00e9rmico y Refrigeraci\u00f3n Industrial desde 1978","description":"Intercambiadores de placas Sondex, torres de refrigeraci\u00f3n, enfriadoras magn\u00e9ticas y m\u00e1s. Servicio t\u00e9cnico y suministro con m\u00e1s de 30 a\u00f1os de experiencia","publisher":{"@id":"https:\/\/jnegre.com\/ca\/#organization"},"potentialAction":[{"@type":"SearchAction","target":{"@type":"EntryPoint","urlTemplate":"https:\/\/jnegre.com\/ca\/?s={search_term_string}"},"query-input":{"@type":"PropertyValueSpecification","valueRequired":true,"valueName":"search_term_string"}}],"inLanguage":"ca"},{"@type":"Organization","@id":"https:\/\/jnegre.com\/ca\/#organization","name":"J. Negre C.","url":"https:\/\/jnegre.com\/ca\/","logo":{"@type":"ImageObject","inLanguage":"ca","@id":"https:\/\/jnegre.com\/ca\/#\/schema\/logo\/image\/","url":"https:\/\/jnegre.com\/wp-content\/uploads\/2021\/05\/jnegre-logo-tagline.png","contentUrl":"https:\/\/jnegre.com\/wp-content\/uploads\/2021\/05\/jnegre-logo-tagline.png","width":1411,"height":380,"caption":"J. Negre C."},"image":{"@id":"https:\/\/jnegre.com\/ca\/#\/schema\/logo\/image\/"}}]}},"_links":{"self":[{"href":"https:\/\/jnegre.com\/ca\/wp-json\/wp\/v2\/product\/4288","targetHints":{"allow":["GET"]}}],"collection":[{"href":"https:\/\/jnegre.com\/ca\/wp-json\/wp\/v2\/product"}],"about":[{"href":"https:\/\/jnegre.com\/ca\/wp-json\/wp\/v2\/types\/product"}],"wp:featuredmedia":[{"embeddable":true,"href":"https:\/\/jnegre.com\/ca\/wp-json\/wp\/v2\/media\/4189"}],"wp:attachment":[{"href":"https:\/\/jnegre.com\/ca\/wp-json\/wp\/v2\/media?parent=4288"}],"wp:term":[{"taxonomy":"product_brand","embeddable":true,"href":"https:\/\/jnegre.com\/ca\/wp-json\/wp\/v2\/product_brand?post=4288"},{"taxonomy":"product_cat","embeddable":true,"href":"https:\/\/jnegre.com\/ca\/wp-json\/wp\/v2\/product_cat?post=4288"},{"taxonomy":"product_tag","embeddable":true,"href":"https:\/\/jnegre.com\/ca\/wp-json\/wp\/v2\/product_tag?post=4288"}],"curies":[{"name":"wp","href":"https:\/\/api.w.org\/{rel}","templated":true}]}}