{"id":3663,"date":"2021-03-18T12:51:24","date_gmt":"2021-03-18T12:51:24","guid":{"rendered":"https:\/\/jnegre.com\/producto\/panell-humit\/"},"modified":"2021-03-30T07:59:41","modified_gmt":"2021-03-30T07:59:41","slug":"panell-humit","status":"publish","type":"product","link":"https:\/\/jnegre.com\/ca\/producto\/panell-humit\/","title":{"rendered":"Panell Humit"},"content":{"rendered":"<div class=\"wpb-content-wrapper\"><p>[vc_row el_class=&#8221;screen-reader-text&#8221;][vc_column][vc_column_text]<\/p>\n<h2>Panell Humit<\/h2>\n<p>Aeroadiab\u00e0tics. Panell Humit. Dissenyat per a refrigerar aigua assegurant un m\u00ednim cost de funcionament. Assessorament i instal\u00b7laci\u00f3.<\/p>\n<p>Dissenyat per a refrigerar aigua assegurant un m\u00ednim cost de funcionament gr\u00e0cies a la combinaci\u00f3 de dues maneres de funcionament, sec i humit.<\/p>\n<h5>Documentaci\u00f3<\/h5>\n<p><a href=\"https:\/\/jnegre.com\/wp-content\/uploads\/pdf\/jnegre-dry-tower-catalogo-espanol.pdf\" target=\"_blank\" rel=\"noopener noreferrer\">Descarregar Cat\u00e0leg<\/a><br \/>\n<a href=\"https:\/\/jnegre.com\/wp-content\/uploads\/pdf\/jnegre-tabla-datos.pdf\" target=\"_blank\" rel=\"noopener noreferrer\">Models<\/a>[\/vc_column_text][\/vc_column][\/vc_row][vc_row css=&#8221;.vc_custom_1597572673760{margin-bottom: 65px !important;}&#8221;][vc_column][vc_video link=&#8221;https:\/\/youtu.be\/US21Ifp3kPU&#8221;][vc_empty_space height=&#8221;65px&#8221;][\/vc_column][\/vc_row][vc_row][vc_column width=&#8221;1\/2&#8243;][vc_column_text]<\/p>\n<h5>Principi de Funcionament: Condensadors Adiab\u00e0tics.<\/h5>\n<p>El funcionament en sec consisteix a refredar el fluid que circula a trav\u00e9s del aero refrigerador amb l&#8217;aire a temperatura ambient. El sistema adiab\u00e0tic o funcionament en humit s&#8217;utilitzar\u00e0 en els moments de l&#8217;any m\u00e9s calorosos i consisteix a saturar l&#8217;aire d&#8217;entrada d&#8217;humitat rebaixant aix\u00ed la temperatura d&#8217;aquest i permetent aconseguir temperatures del fluid a refredar per sota de la temperatura ambient.[\/vc_column_text][\/vc_column][vc_column width=&#8221;1\/2&#8243;][vc_column_text]<\/p>\n<h5>Avantatges dels Aerorefredadors adiab\u00e0tics:<\/h5>\n<p>Els Aerorefredadors adiab\u00e0tics ofereixen grans avantatges, respecte als Dry-coolers i a les Torres de refrigeraci\u00f3, per exemple:<\/p>\n<ul>\n<li>Circuit tancat, exempt de contaminaci\u00f3 ambiental<\/li>\n<li>Exempt de Legionel\u00b7la i en conseq\u00fc\u00e8ncia d&#8217;aplicar qualsevol tractament d&#8217;aigua contra la legionel\u00b7la.<\/li>\n<li>Exempt de formacions calc\u00e0ries<\/li>\n<li>No requereix tractament d&#8217;aigua<\/li>\n<li>Alt rendiment quan la temperatura ambient supera els 40 \u00b0C<\/li>\n<li>El millor intercanviador en les condicions de bulb sec (Aire-Aigua intercanvio de 5 \u00b0C)<\/li>\n<li>Baix nivell sonor<\/li>\n<li>Equips modulars per a ampliar la capacitat de refredament.<\/li>\n<li>Autodrenatge, per a evitar l&#8217;acumulaci\u00f3 d&#8217;aigua.<\/li>\n<\/ul>\n<p>[\/vc_column_text][\/vc_column][\/vc_row]<\/p>\n<\/div>","protected":false},"excerpt":{"rendered":"<p>Dissenyat per a refrigerar aigua assegurant un m\u00ednim cost de funcionament gr\u00e0cies a la combinaci\u00f3 de dues maneres de funcionament, sec i humit.<\/p>\n<h5>Documentaci\u00f3<\/h5>\n<p><a href=\"https:\/\/jnegre.com\/wp-content\/uploads\/pdf\/jnegre-dry-tower-catalogo-espanol.pdf\" target=\"_blank\" rel=\"noopener noreferrer\">Descarregar Cat\u00e0leg<\/a><br \/>\n<a href=\"https:\/\/jnegre.com\/wp-content\/uploads\/pdf\/jnegre-tabla-datos.pdf\" target=\"_blank\" rel=\"noopener noreferrer\">Models<\/a><\/p>\n","protected":false},"featured_media":3736,"template":"","meta":[],"product_brand":[],"product_cat":[104],"product_tag":[],"class_list":{"0":"post-3663","1":"product","2":"type-product","3":"status-publish","4":"has-post-thumbnail","6":"product_cat-aeros-adiabatics","8":"first","9":"instock","10":"shipping-taxable","11":"product-type-simple"},"yoast_head":"<!-- This site is optimized with the Yoast SEO plugin v27.5 - https:\/\/yoast.com\/product\/yoast-seo-wordpress\/ -->\n<title>Panell Humit | Aero Adiab\u00e0tic - J.Negre | Expertos en Intercambio T\u00e9rmico y Refrigeraci\u00f3n Industrial desde 1978<\/title>\n<meta name=\"description\" content=\"Aero adiab\u00e0tics. Panell Humit. Dissenyat per a refrigerar aigua assegurant un m\u00ednim cost de funcionament. Assessorament i instal\u00b7laci\u00f3.\" \/>\n<meta name=\"robots\" content=\"index, follow, max-snippet:-1, max-image-preview:large, max-video-preview:-1\" \/>\n<link rel=\"canonical\" href=\"https:\/\/jnegre.com\/ca\/producto\/panell-humit\/\" \/>\n<meta property=\"og:locale\" content=\"ca_ES\" \/>\n<meta property=\"og:type\" content=\"article\" \/>\n<meta property=\"og:title\" content=\"Panell Humit | Aero Adiab\u00e0tic - J.Negre | Expertos en Intercambio T\u00e9rmico y Refrigeraci\u00f3n Industrial desde 1978\" \/>\n<meta property=\"og:description\" content=\"Aero adiab\u00e0tics. Panell Humit. Dissenyat per a refrigerar aigua assegurant un m\u00ednim cost de funcionament. Assessorament i instal\u00b7laci\u00f3.\" \/>\n<meta property=\"og:url\" content=\"https:\/\/jnegre.com\/ca\/producto\/panell-humit\/\" \/>\n<meta property=\"og:site_name\" content=\"J.Negre | Expertos en Intercambio T\u00e9rmico y Refrigeraci\u00f3n Industrial desde 1978\" \/>\n<meta property=\"article:modified_time\" content=\"2021-03-30T07:59:41+00:00\" \/>\n<meta property=\"og:image\" content=\"https:\/\/jnegre.com\/wp-content\/uploads\/2020\/08\/jnegre-aereos-adiabaticos-panel-humedo.jpg\" \/>\n\t<meta property=\"og:image:width\" content=\"800\" \/>\n\t<meta property=\"og:image:height\" content=\"800\" \/>\n\t<meta property=\"og:image:type\" content=\"image\/jpeg\" \/>\n<meta name=\"twitter:card\" content=\"summary_large_image\" \/>\n<meta name=\"twitter:label1\" content=\"Temps estimat de lectura\" \/>\n\t<meta name=\"twitter:data1\" content=\"1 minut\" \/>\n<script type=\"application\/ld+json\" class=\"yoast-schema-graph\">{\"@context\":\"https:\\\/\\\/schema.org\",\"@graph\":[{\"@type\":\"WebPage\",\"@id\":\"https:\\\/\\\/jnegre.com\\\/ca\\\/producto\\\/panell-humit\\\/\",\"url\":\"https:\\\/\\\/jnegre.com\\\/ca\\\/producto\\\/panell-humit\\\/\",\"name\":\"Panell Humit | Aero Adiab\u00e0tic - J.Negre | Expertos en Intercambio T\u00e9rmico y Refrigeraci\u00f3n Industrial desde 1978\",\"isPartOf\":{\"@id\":\"https:\\\/\\\/jnegre.com\\\/ca\\\/#website\"},\"primaryImageOfPage\":{\"@id\":\"https:\\\/\\\/jnegre.com\\\/ca\\\/producto\\\/panell-humit\\\/#primaryimage\"},\"image\":{\"@id\":\"https:\\\/\\\/jnegre.com\\\/ca\\\/producto\\\/panell-humit\\\/#primaryimage\"},\"thumbnailUrl\":\"https:\\\/\\\/jnegre.com\\\/wp-content\\\/uploads\\\/2020\\\/08\\\/jnegre-aereos-adiabaticos-panel-humedo.jpg\",\"datePublished\":\"2021-03-18T12:51:24+00:00\",\"dateModified\":\"2021-03-30T07:59:41+00:00\",\"description\":\"Aero adiab\u00e0tics. Panell Humit. Dissenyat per a refrigerar aigua assegurant un m\u00ednim cost de funcionament. Assessorament i instal\u00b7laci\u00f3.\",\"breadcrumb\":{\"@id\":\"https:\\\/\\\/jnegre.com\\\/ca\\\/producto\\\/panell-humit\\\/#breadcrumb\"},\"inLanguage\":\"ca\",\"potentialAction\":[{\"@type\":\"ReadAction\",\"target\":[\"https:\\\/\\\/jnegre.com\\\/ca\\\/producto\\\/panell-humit\\\/\"]}]},{\"@type\":\"ImageObject\",\"inLanguage\":\"ca\",\"@id\":\"https:\\\/\\\/jnegre.com\\\/ca\\\/producto\\\/panell-humit\\\/#primaryimage\",\"url\":\"https:\\\/\\\/jnegre.com\\\/wp-content\\\/uploads\\\/2020\\\/08\\\/jnegre-aereos-adiabaticos-panel-humedo.jpg\",\"contentUrl\":\"https:\\\/\\\/jnegre.com\\\/wp-content\\\/uploads\\\/2020\\\/08\\\/jnegre-aereos-adiabaticos-panel-humedo.jpg\",\"width\":800,\"height\":800,\"caption\":\"Aero adiab\u00e0tics, panell humit\"},{\"@type\":\"BreadcrumbList\",\"@id\":\"https:\\\/\\\/jnegre.com\\\/ca\\\/producto\\\/panell-humit\\\/#breadcrumb\",\"itemListElement\":[{\"@type\":\"ListItem\",\"position\":1,\"name\":\"Inicio\",\"item\":\"https:\\\/\\\/jnegre.com\\\/ca\\\/\"},{\"@type\":\"ListItem\",\"position\":2,\"name\":\"Tienda\",\"item\":\"https:\\\/\\\/jnegre.com\\\/ca\\\/tienda\\\/\"},{\"@type\":\"ListItem\",\"position\":3,\"name\":\"Aeros Adiab\u00e0tics\",\"item\":\"https:\\\/\\\/jnegre.com\\\/ca\\\/categoria-producto\\\/aeros-adiabatics\\\/\"},{\"@type\":\"ListItem\",\"position\":4,\"name\":\"Panell Humit\"}]},{\"@type\":\"WebSite\",\"@id\":\"https:\\\/\\\/jnegre.com\\\/ca\\\/#website\",\"url\":\"https:\\\/\\\/jnegre.com\\\/ca\\\/\",\"name\":\"J.Negre | Expertos en Intercambio T\u00e9rmico y Refrigeraci\u00f3n Industrial desde 1978\",\"description\":\"Intercambiadores de placas Sondex, torres de refrigeraci\u00f3n, enfriadoras magn\u00e9ticas y m\u00e1s. Servicio t\u00e9cnico y suministro con m\u00e1s de 30 a\u00f1os de experiencia\",\"publisher\":{\"@id\":\"https:\\\/\\\/jnegre.com\\\/ca\\\/#organization\"},\"potentialAction\":[{\"@type\":\"SearchAction\",\"target\":{\"@type\":\"EntryPoint\",\"urlTemplate\":\"https:\\\/\\\/jnegre.com\\\/ca\\\/?s={search_term_string}\"},\"query-input\":{\"@type\":\"PropertyValueSpecification\",\"valueRequired\":true,\"valueName\":\"search_term_string\"}}],\"inLanguage\":\"ca\"},{\"@type\":\"Organization\",\"@id\":\"https:\\\/\\\/jnegre.com\\\/ca\\\/#organization\",\"name\":\"J. Negre C.\",\"url\":\"https:\\\/\\\/jnegre.com\\\/ca\\\/\",\"logo\":{\"@type\":\"ImageObject\",\"inLanguage\":\"ca\",\"@id\":\"https:\\\/\\\/jnegre.com\\\/ca\\\/#\\\/schema\\\/logo\\\/image\\\/\",\"url\":\"https:\\\/\\\/jnegre.com\\\/wp-content\\\/uploads\\\/2021\\\/05\\\/jnegre-logo-tagline.png\",\"contentUrl\":\"https:\\\/\\\/jnegre.com\\\/wp-content\\\/uploads\\\/2021\\\/05\\\/jnegre-logo-tagline.png\",\"width\":1411,\"height\":380,\"caption\":\"J. Negre C.\"},\"image\":{\"@id\":\"https:\\\/\\\/jnegre.com\\\/ca\\\/#\\\/schema\\\/logo\\\/image\\\/\"}}]}<\/script>\n<!-- \/ Yoast SEO plugin. -->","yoast_head_json":{"title":"Panell Humit | Aero Adiab\u00e0tic - J.Negre | Expertos en Intercambio T\u00e9rmico y Refrigeraci\u00f3n Industrial desde 1978","description":"Aero adiab\u00e0tics. Panell Humit. Dissenyat per a refrigerar aigua assegurant un m\u00ednim cost de funcionament. Assessorament i instal\u00b7laci\u00f3.","robots":{"index":"index","follow":"follow","max-snippet":"max-snippet:-1","max-image-preview":"max-image-preview:large","max-video-preview":"max-video-preview:-1"},"canonical":"https:\/\/jnegre.com\/ca\/producto\/panell-humit\/","og_locale":"ca_ES","og_type":"article","og_title":"Panell Humit | Aero Adiab\u00e0tic - J.Negre | Expertos en Intercambio T\u00e9rmico y Refrigeraci\u00f3n Industrial desde 1978","og_description":"Aero adiab\u00e0tics. Panell Humit. Dissenyat per a refrigerar aigua assegurant un m\u00ednim cost de funcionament. Assessorament i instal\u00b7laci\u00f3.","og_url":"https:\/\/jnegre.com\/ca\/producto\/panell-humit\/","og_site_name":"J.Negre | Expertos en Intercambio T\u00e9rmico y Refrigeraci\u00f3n Industrial desde 1978","article_modified_time":"2021-03-30T07:59:41+00:00","og_image":[{"width":800,"height":800,"url":"https:\/\/jnegre.com\/wp-content\/uploads\/2020\/08\/jnegre-aereos-adiabaticos-panel-humedo.jpg","type":"image\/jpeg"}],"twitter_card":"summary_large_image","twitter_misc":{"Temps estimat de lectura":"1 minut"},"schema":{"@context":"https:\/\/schema.org","@graph":[{"@type":"WebPage","@id":"https:\/\/jnegre.com\/ca\/producto\/panell-humit\/","url":"https:\/\/jnegre.com\/ca\/producto\/panell-humit\/","name":"Panell Humit | Aero Adiab\u00e0tic - J.Negre | Expertos en Intercambio T\u00e9rmico y Refrigeraci\u00f3n Industrial desde 1978","isPartOf":{"@id":"https:\/\/jnegre.com\/ca\/#website"},"primaryImageOfPage":{"@id":"https:\/\/jnegre.com\/ca\/producto\/panell-humit\/#primaryimage"},"image":{"@id":"https:\/\/jnegre.com\/ca\/producto\/panell-humit\/#primaryimage"},"thumbnailUrl":"https:\/\/jnegre.com\/wp-content\/uploads\/2020\/08\/jnegre-aereos-adiabaticos-panel-humedo.jpg","datePublished":"2021-03-18T12:51:24+00:00","dateModified":"2021-03-30T07:59:41+00:00","description":"Aero adiab\u00e0tics. Panell Humit. Dissenyat per a refrigerar aigua assegurant un m\u00ednim cost de funcionament. Assessorament i instal\u00b7laci\u00f3.","breadcrumb":{"@id":"https:\/\/jnegre.com\/ca\/producto\/panell-humit\/#breadcrumb"},"inLanguage":"ca","potentialAction":[{"@type":"ReadAction","target":["https:\/\/jnegre.com\/ca\/producto\/panell-humit\/"]}]},{"@type":"ImageObject","inLanguage":"ca","@id":"https:\/\/jnegre.com\/ca\/producto\/panell-humit\/#primaryimage","url":"https:\/\/jnegre.com\/wp-content\/uploads\/2020\/08\/jnegre-aereos-adiabaticos-panel-humedo.jpg","contentUrl":"https:\/\/jnegre.com\/wp-content\/uploads\/2020\/08\/jnegre-aereos-adiabaticos-panel-humedo.jpg","width":800,"height":800,"caption":"Aero adiab\u00e0tics, panell humit"},{"@type":"BreadcrumbList","@id":"https:\/\/jnegre.com\/ca\/producto\/panell-humit\/#breadcrumb","itemListElement":[{"@type":"ListItem","position":1,"name":"Inicio","item":"https:\/\/jnegre.com\/ca\/"},{"@type":"ListItem","position":2,"name":"Tienda","item":"https:\/\/jnegre.com\/ca\/tienda\/"},{"@type":"ListItem","position":3,"name":"Aeros Adiab\u00e0tics","item":"https:\/\/jnegre.com\/ca\/categoria-producto\/aeros-adiabatics\/"},{"@type":"ListItem","position":4,"name":"Panell Humit"}]},{"@type":"WebSite","@id":"https:\/\/jnegre.com\/ca\/#website","url":"https:\/\/jnegre.com\/ca\/","name":"J.Negre | Expertos en Intercambio T\u00e9rmico y Refrigeraci\u00f3n Industrial desde 1978","description":"Intercambiadores de placas Sondex, torres de refrigeraci\u00f3n, enfriadoras magn\u00e9ticas y m\u00e1s. Servicio t\u00e9cnico y suministro con m\u00e1s de 30 a\u00f1os de experiencia","publisher":{"@id":"https:\/\/jnegre.com\/ca\/#organization"},"potentialAction":[{"@type":"SearchAction","target":{"@type":"EntryPoint","urlTemplate":"https:\/\/jnegre.com\/ca\/?s={search_term_string}"},"query-input":{"@type":"PropertyValueSpecification","valueRequired":true,"valueName":"search_term_string"}}],"inLanguage":"ca"},{"@type":"Organization","@id":"https:\/\/jnegre.com\/ca\/#organization","name":"J. Negre C.","url":"https:\/\/jnegre.com\/ca\/","logo":{"@type":"ImageObject","inLanguage":"ca","@id":"https:\/\/jnegre.com\/ca\/#\/schema\/logo\/image\/","url":"https:\/\/jnegre.com\/wp-content\/uploads\/2021\/05\/jnegre-logo-tagline.png","contentUrl":"https:\/\/jnegre.com\/wp-content\/uploads\/2021\/05\/jnegre-logo-tagline.png","width":1411,"height":380,"caption":"J. Negre C."},"image":{"@id":"https:\/\/jnegre.com\/ca\/#\/schema\/logo\/image\/"}}]}},"_links":{"self":[{"href":"https:\/\/jnegre.com\/ca\/wp-json\/wp\/v2\/product\/3663","targetHints":{"allow":["GET"]}}],"collection":[{"href":"https:\/\/jnegre.com\/ca\/wp-json\/wp\/v2\/product"}],"about":[{"href":"https:\/\/jnegre.com\/ca\/wp-json\/wp\/v2\/types\/product"}],"wp:featuredmedia":[{"embeddable":true,"href":"https:\/\/jnegre.com\/ca\/wp-json\/wp\/v2\/media\/3736"}],"wp:attachment":[{"href":"https:\/\/jnegre.com\/ca\/wp-json\/wp\/v2\/media?parent=3663"}],"wp:term":[{"taxonomy":"product_brand","embeddable":true,"href":"https:\/\/jnegre.com\/ca\/wp-json\/wp\/v2\/product_brand?post=3663"},{"taxonomy":"product_cat","embeddable":true,"href":"https:\/\/jnegre.com\/ca\/wp-json\/wp\/v2\/product_cat?post=3663"},{"taxonomy":"product_tag","embeddable":true,"href":"https:\/\/jnegre.com\/ca\/wp-json\/wp\/v2\/product_tag?post=3663"}],"curies":[{"name":"wp","href":"https:\/\/api.w.org\/{rel}","templated":true}]}}