{"id":3614,"date":"2020-10-21T19:09:58","date_gmt":"2020-10-21T19:09:58","guid":{"rendered":"https:\/\/jnegre.com\/producto\/intercanviadors-de-plaques-termosoldats-brazed-sondex\/"},"modified":"2023-12-21T17:46:39","modified_gmt":"2023-12-21T17:46:39","slug":"intercanviadors-de-plaques-termosoldats-brazed-sondex","status":"publish","type":"product","link":"https:\/\/jnegre.com\/ca\/producto\/intercanviadors-de-plaques-termosoldats-brazed-sondex\/","title":{"rendered":"Intercanviadors de Plaques Termosoldats (Brazed) SONDEX \/ DANFOSS"},"content":{"rendered":"<div class=\"wpb-content-wrapper\"><p>[vc_row el_class=&#8221;screen-reader-text&#8221;][vc_column][vc_column_text]Intercanviadors de plaques termosoldats Sondex \/ Danfoss. Intercanviadors de calor de plaques compactes, amb capacitat de transfer\u00e8ncia de calor extremadament alta<\/p>\n<h5>Intercanviadors de plaques Soldats<\/h5>\n<p>L&#8217;intercanviador de calor de placa soldada consisteix en una s\u00e8rie de plaques d&#8217;acer inoxidable estampades amb precisi\u00f3 i soldades amb fil de coure o inoxidable.<\/p>\n<p>Els paquets de plaques estan soldats amb dues plaques terminals i les seves connexions. La soldadura es realitza en buit a temperatures extremadament altes, la qual cosa proporciona un bescanviador de calor segellada i segur. El resultat final \u00e9s un intercanviador de calor de plaques compacte, amb una capacitat de transfer\u00e8ncia de calor extremadament alta.<\/p>\n<h5>L\u00edmits d&#8217;operaci\u00f3<\/h5>\n<ul>\n<li>Temperatures desde -180 \u00b0 C. fins a 200 \u00b0 C<\/li>\n<li>La pressi\u00f3 de treball m\u00e0xima \u00e9s de 35 bar<\/li>\n<\/ul>\n<h5>Aplicacions<\/h5>\n<ul>\n<li>Intercanviador Aigua calenta Sanit\u00e0ria (ACS)<\/li>\n<li>Intercanviador Llet<\/li>\n<li>Intercanviador Suc<\/li>\n<li>Intercanviador Cervesa<\/li>\n<li>Intercanviador refrigeraci\u00f3<\/li>\n<li>Intercanviador Instal\u00b7lacions solars<\/li>\n<li>Intercanviador oli lubrificant<\/li>\n<li>Intercanviador oli t\u00e8rmic<\/li>\n<li>Intercanviador oli hidr\u00e0ulic<\/li>\n<li>Intercanviador OCR<\/li>\n<li>Intercanviador recuperaci\u00f3<\/li>\n<li>Intercanviador refredament per l\u00e0ser<\/li>\n<li>Etc.<\/li>\n<\/ul>\n<h5>Documentaci\u00f3<\/h5>\n<p><a href=\"https:\/\/jnegre.com\/wp-content\/uploads\/pdf\/intercambiadores-placas-sondex-jnegre.pdf\" target=\"_blank\" rel=\"noopener noreferrer\">Descarregar Cat\u00e0leg<\/a><br \/>\n<a href=\"https:\/\/jnegre.com\/wp-content\/uploads\/pdf\/manual-intercambiadores-soldados.pdf\" target=\"_blank\" rel=\"noopener noreferrer\">Descarregar Manuals<\/a>[\/vc_column_text][\/vc_column][\/vc_row][vc_row el_class=&#8221;screen-reader-text&#8221;][vc_column][vc_column_text]<\/p>\n<h2>Intercanviadors de Plaques Termosoldats (Brazed) SONDEX \/ DANFOSS<\/h2>\n<p>Intercanviadors de plaques termosoldats Sondex \/ Danfoss. Intercanviadors de calor de plaques compactes, amb capacitat de transfer\u00e8ncia de calor extremadament alta<\/p>\n<h5>Intercanviadors de plaques Soldats<\/h5>\n<p>L&#8217;intercanviador de calor de placa soldada consisteix en una s\u00e8rie de plaques d&#8217;acer inoxidable estampades amb precisi\u00f3 i soldades amb fil de coure o inoxidable.<\/p>\n<p>Els paquets de plaques estan soldats amb dues plaques terminals i les seves connexions. La soldadura es realitza en buit a temperatures extremadament altes, la qual cosa proporciona un bescanviador de calor segellada i segur. El resultat final \u00e9s un intercanviador de calor de plaques compacte, amb una capacitat de transfer\u00e8ncia de calor extremadament alta.<\/p>\n<h5>L\u00edmits d&#8217;operaci\u00f3<\/h5>\n<ul>\n<li>Temperatures desde -180 \u00b0 C. fins a 200 \u00b0 C<\/li>\n<li>La pressi\u00f3 de treball m\u00e0xima \u00e9s de 35 bar<\/li>\n<\/ul>\n<h5>Aplicacions<\/h5>\n<ul>\n<li>Intercanviador Aigua calenta Sanit\u00e0ria (ACS)<\/li>\n<li>Intercanviador Llet<\/li>\n<li>Intercanviador Suc<\/li>\n<li>Intercanviador Cervesa<\/li>\n<li>Intercanviador refrigeraci\u00f3<\/li>\n<li>Intercanviador Instal\u00b7lacions solars<\/li>\n<li>Intercanviador oli lubrificant<\/li>\n<li>Intercanviador oli t\u00e8rmic<\/li>\n<li>Intercanviador oli hidr\u00e0ulic<\/li>\n<li>Intercanviador OCR<\/li>\n<li>Intercanviador recuperaci\u00f3<\/li>\n<li>Intercanviador refredament per l\u00e0ser<\/li>\n<li>Etc\u2026<\/li>\n<\/ul>\n<h5>Documentaci\u00f3<\/h5>\n<p><a href=\"https:\/\/jnegre.com\/wp-content\/uploads\/pdf\/intercambiadores-placas-sondex-jnegre.pdf\" target=\"_blank\" rel=\"noopener noreferrer\">Descarregar Cat\u00e0leg<\/a><br \/>\n<a href=\"https:\/\/jnegre.com\/wp-content\/uploads\/pdf\/manual-intercambiadores-soldados.pdf\" target=\"_blank\" rel=\"noopener noreferrer\">Descarregar Manuals<\/a>[\/vc_column_text][\/vc_column][\/vc_row]<\/p>\n<\/div>","protected":false},"excerpt":{"rendered":"<h5>Intercanviadors de plaques Soldats<\/h5>\n<p>L&#8217;intercanviador de calor de placa soldada consisteix en una s\u00e8rie de plaques d&#8217;acer inoxidable estampades amb precisi\u00f3 i soldades amb fil de coure o inoxidable.<\/p>\n<p>Els paquets de plaques estan soldats amb dues plaques terminals i les seves connexions. La soldadura es realitza en buit a temperatures extremadament altes, la qual cosa proporciona un bescanviador de calor segellada i segur. El resultat final \u00e9s un intercanviador de calor de plaques compacte, amb una capacitat de transfer\u00e8ncia de calor extremadament alta.<\/p>\n<h5>L\u00edmits d&#8217;operaci\u00f3<\/h5>\n<ul>\n<li>Temperatures desde -180 \u00b0 C. fins a 200 \u00b0 C<\/li>\n<li>La pressi\u00f3 de treball m\u00e0xima \u00e9s de 35 bar<\/li>\n<\/ul>\n<h5>Aplicacions<\/h5>\n<ul>\n<li>Intercanviador Aigua calenta Sanit\u00e0ria (ACS)<\/li>\n<li>Intercanviador Llet<\/li>\n<li>Intercanviador Suc<\/li>\n<li>Intercanviador Cervesa<\/li>\n<li>Intercanviador refrigeraci\u00f3<\/li>\n<li>Intercanviador Instal\u00b7lacions solars<\/li>\n<li>Intercanviador oli lubrificant<\/li>\n<li>Intercanviador oli t\u00e8rmic<\/li>\n<li>Intercanviador oli hidr\u00e0ulic<\/li>\n<li>Intercanviador OCR<\/li>\n<li>Intercanviador recuperaci\u00f3<\/li>\n<li>Intercanviador refredament per l\u00e0ser<\/li>\n<li>Etc.<\/li>\n<\/ul>\n<h5>Documentaci\u00f3<\/h5>\n<p><a href=\"https:\/\/jnegre.com\/wp-content\/uploads\/pdf\/intercambiadores-placas-sondex-jnegre.pdf\" target=\"_blank\" rel=\"noopener noreferrer\">Descarregar Cat\u00e0leg<\/a><br \/>\n<a href=\"https:\/\/jnegre.com\/wp-content\/uploads\/pdf\/manual-intercambiadores-soldados.pdf\" target=\"_blank\" rel=\"noopener noreferrer\">Descarregar Manuals<\/a><\/p>\n","protected":false},"featured_media":3884,"template":"","meta":[],"product_brand":[],"product_cat":[107],"product_tag":[],"class_list":{"0":"post-3614","1":"product","2":"type-product","3":"status-publish","4":"has-post-thumbnail","6":"product_cat-intercanviadors-de-calor","8":"first","9":"instock","10":"shipping-taxable","11":"product-type-simple"},"yoast_head":"<!-- This site is optimized with the Yoast SEO plugin v27.5 - https:\/\/yoast.com\/product\/yoast-seo-wordpress\/ -->\n<title>Intercanviadors de Plaques Termosoldats (Brazed) SONDEX \/ DANFOSS | J.Negre | Expertos en Intercambio T\u00e9rmico y Refrigeraci\u00f3n Industrial desde 1978<\/title>\n<meta name=\"description\" content=\"Intercanviadors de plaques termosoldados Sondex, amb capacitat de transfer\u00e8ncia de calor extremadament alta.\" \/>\n<meta name=\"robots\" content=\"index, follow, max-snippet:-1, max-image-preview:large, max-video-preview:-1\" \/>\n<link rel=\"canonical\" href=\"https:\/\/jnegre.com\/ca\/producto\/intercanviadors-de-plaques-termosoldats-brazed-sondex\/\" \/>\n<meta property=\"og:locale\" content=\"ca_ES\" \/>\n<meta property=\"og:type\" content=\"article\" \/>\n<meta property=\"og:title\" content=\"Intercanviadors de Plaques Termosoldats (Brazed) SONDEX \/ DANFOSS | J.Negre | Expertos en Intercambio T\u00e9rmico y Refrigeraci\u00f3n Industrial desde 1978\" \/>\n<meta property=\"og:description\" content=\"Intercanviadors de plaques termosoldados Sondex, amb capacitat de transfer\u00e8ncia de calor extremadament alta.\" \/>\n<meta property=\"og:url\" content=\"https:\/\/jnegre.com\/ca\/producto\/intercanviadors-de-plaques-termosoldats-brazed-sondex\/\" \/>\n<meta property=\"og:site_name\" content=\"J.Negre | Expertos en Intercambio T\u00e9rmico y Refrigeraci\u00f3n Industrial desde 1978\" \/>\n<meta property=\"article:modified_time\" content=\"2023-12-21T17:46:39+00:00\" \/>\n<meta property=\"og:image\" content=\"https:\/\/jnegre.com\/wp-content\/uploads\/2020\/10\/jnegre-intercambiadores-de-placas-termosoldados-brazed-sondex.jpg\" \/>\n\t<meta property=\"og:image:width\" content=\"727\" \/>\n\t<meta property=\"og:image:height\" content=\"721\" \/>\n\t<meta property=\"og:image:type\" content=\"image\/jpeg\" \/>\n<meta name=\"twitter:card\" content=\"summary_large_image\" \/>\n<meta name=\"twitter:label1\" content=\"Temps estimat de lectura\" \/>\n\t<meta name=\"twitter:data1\" content=\"2 minuts\" \/>\n<script type=\"application\/ld+json\" class=\"yoast-schema-graph\">{\"@context\":\"https:\\\/\\\/schema.org\",\"@graph\":[{\"@type\":\"WebPage\",\"@id\":\"https:\\\/\\\/jnegre.com\\\/ca\\\/producto\\\/intercanviadors-de-plaques-termosoldats-brazed-sondex\\\/\",\"url\":\"https:\\\/\\\/jnegre.com\\\/ca\\\/producto\\\/intercanviadors-de-plaques-termosoldats-brazed-sondex\\\/\",\"name\":\"Intercanviadors de Plaques Termosoldats (Brazed) SONDEX \\\/ DANFOSS | J.Negre | Expertos en Intercambio T\u00e9rmico y Refrigeraci\u00f3n Industrial desde 1978\",\"isPartOf\":{\"@id\":\"https:\\\/\\\/jnegre.com\\\/ca\\\/#website\"},\"primaryImageOfPage\":{\"@id\":\"https:\\\/\\\/jnegre.com\\\/ca\\\/producto\\\/intercanviadors-de-plaques-termosoldats-brazed-sondex\\\/#primaryimage\"},\"image\":{\"@id\":\"https:\\\/\\\/jnegre.com\\\/ca\\\/producto\\\/intercanviadors-de-plaques-termosoldats-brazed-sondex\\\/#primaryimage\"},\"thumbnailUrl\":\"https:\\\/\\\/jnegre.com\\\/wp-content\\\/uploads\\\/2020\\\/10\\\/jnegre-intercambiadores-de-placas-termosoldados-brazed-sondex.jpg\",\"datePublished\":\"2020-10-21T19:09:58+00:00\",\"dateModified\":\"2023-12-21T17:46:39+00:00\",\"description\":\"Intercanviadors de plaques termosoldados Sondex, amb capacitat de transfer\u00e8ncia de calor extremadament alta.\",\"breadcrumb\":{\"@id\":\"https:\\\/\\\/jnegre.com\\\/ca\\\/producto\\\/intercanviadors-de-plaques-termosoldats-brazed-sondex\\\/#breadcrumb\"},\"inLanguage\":\"ca\",\"potentialAction\":[{\"@type\":\"ReadAction\",\"target\":[\"https:\\\/\\\/jnegre.com\\\/ca\\\/producto\\\/intercanviadors-de-plaques-termosoldats-brazed-sondex\\\/\"]}]},{\"@type\":\"ImageObject\",\"inLanguage\":\"ca\",\"@id\":\"https:\\\/\\\/jnegre.com\\\/ca\\\/producto\\\/intercanviadors-de-plaques-termosoldats-brazed-sondex\\\/#primaryimage\",\"url\":\"https:\\\/\\\/jnegre.com\\\/wp-content\\\/uploads\\\/2020\\\/10\\\/jnegre-intercambiadores-de-placas-termosoldados-brazed-sondex.jpg\",\"contentUrl\":\"https:\\\/\\\/jnegre.com\\\/wp-content\\\/uploads\\\/2020\\\/10\\\/jnegre-intercambiadores-de-placas-termosoldados-brazed-sondex.jpg\",\"width\":727,\"height\":721,\"caption\":\"Intercanvis de plaques termosoldats Brazed Sondex\"},{\"@type\":\"BreadcrumbList\",\"@id\":\"https:\\\/\\\/jnegre.com\\\/ca\\\/producto\\\/intercanviadors-de-plaques-termosoldats-brazed-sondex\\\/#breadcrumb\",\"itemListElement\":[{\"@type\":\"ListItem\",\"position\":1,\"name\":\"Inicio\",\"item\":\"https:\\\/\\\/jnegre.com\\\/ca\\\/\"},{\"@type\":\"ListItem\",\"position\":2,\"name\":\"Tienda\",\"item\":\"https:\\\/\\\/jnegre.com\\\/ca\\\/tienda\\\/\"},{\"@type\":\"ListItem\",\"position\":3,\"name\":\"Intercanviadors de calor\",\"item\":\"https:\\\/\\\/jnegre.com\\\/ca\\\/categoria-producto\\\/intercanviadors-de-calor\\\/\"},{\"@type\":\"ListItem\",\"position\":4,\"name\":\"Intercanviadors de Plaques Termosoldats (Brazed) SONDEX \\\/ DANFOSS\"}]},{\"@type\":\"WebSite\",\"@id\":\"https:\\\/\\\/jnegre.com\\\/ca\\\/#website\",\"url\":\"https:\\\/\\\/jnegre.com\\\/ca\\\/\",\"name\":\"J.Negre | Expertos en Intercambio T\u00e9rmico y Refrigeraci\u00f3n Industrial desde 1978\",\"description\":\"Intercambiadores de placas Sondex, torres de refrigeraci\u00f3n, enfriadoras magn\u00e9ticas y m\u00e1s. Servicio t\u00e9cnico y suministro con m\u00e1s de 30 a\u00f1os de experiencia\",\"publisher\":{\"@id\":\"https:\\\/\\\/jnegre.com\\\/ca\\\/#organization\"},\"potentialAction\":[{\"@type\":\"SearchAction\",\"target\":{\"@type\":\"EntryPoint\",\"urlTemplate\":\"https:\\\/\\\/jnegre.com\\\/ca\\\/?s={search_term_string}\"},\"query-input\":{\"@type\":\"PropertyValueSpecification\",\"valueRequired\":true,\"valueName\":\"search_term_string\"}}],\"inLanguage\":\"ca\"},{\"@type\":\"Organization\",\"@id\":\"https:\\\/\\\/jnegre.com\\\/ca\\\/#organization\",\"name\":\"J. Negre C.\",\"url\":\"https:\\\/\\\/jnegre.com\\\/ca\\\/\",\"logo\":{\"@type\":\"ImageObject\",\"inLanguage\":\"ca\",\"@id\":\"https:\\\/\\\/jnegre.com\\\/ca\\\/#\\\/schema\\\/logo\\\/image\\\/\",\"url\":\"https:\\\/\\\/jnegre.com\\\/wp-content\\\/uploads\\\/2021\\\/05\\\/jnegre-logo-tagline.png\",\"contentUrl\":\"https:\\\/\\\/jnegre.com\\\/wp-content\\\/uploads\\\/2021\\\/05\\\/jnegre-logo-tagline.png\",\"width\":1411,\"height\":380,\"caption\":\"J. Negre C.\"},\"image\":{\"@id\":\"https:\\\/\\\/jnegre.com\\\/ca\\\/#\\\/schema\\\/logo\\\/image\\\/\"}}]}<\/script>\n<!-- \/ Yoast SEO plugin. -->","yoast_head_json":{"title":"Intercanviadors de Plaques Termosoldats (Brazed) SONDEX \/ DANFOSS | J.Negre | Expertos en Intercambio T\u00e9rmico y Refrigeraci\u00f3n Industrial desde 1978","description":"Intercanviadors de plaques termosoldados Sondex, amb capacitat de transfer\u00e8ncia de calor extremadament alta.","robots":{"index":"index","follow":"follow","max-snippet":"max-snippet:-1","max-image-preview":"max-image-preview:large","max-video-preview":"max-video-preview:-1"},"canonical":"https:\/\/jnegre.com\/ca\/producto\/intercanviadors-de-plaques-termosoldats-brazed-sondex\/","og_locale":"ca_ES","og_type":"article","og_title":"Intercanviadors de Plaques Termosoldats (Brazed) SONDEX \/ DANFOSS | J.Negre | Expertos en Intercambio T\u00e9rmico y Refrigeraci\u00f3n Industrial desde 1978","og_description":"Intercanviadors de plaques termosoldados Sondex, amb capacitat de transfer\u00e8ncia de calor extremadament alta.","og_url":"https:\/\/jnegre.com\/ca\/producto\/intercanviadors-de-plaques-termosoldats-brazed-sondex\/","og_site_name":"J.Negre | Expertos en Intercambio T\u00e9rmico y Refrigeraci\u00f3n Industrial desde 1978","article_modified_time":"2023-12-21T17:46:39+00:00","og_image":[{"width":727,"height":721,"url":"https:\/\/jnegre.com\/wp-content\/uploads\/2020\/10\/jnegre-intercambiadores-de-placas-termosoldados-brazed-sondex.jpg","type":"image\/jpeg"}],"twitter_card":"summary_large_image","twitter_misc":{"Temps estimat de lectura":"2 minuts"},"schema":{"@context":"https:\/\/schema.org","@graph":[{"@type":"WebPage","@id":"https:\/\/jnegre.com\/ca\/producto\/intercanviadors-de-plaques-termosoldats-brazed-sondex\/","url":"https:\/\/jnegre.com\/ca\/producto\/intercanviadors-de-plaques-termosoldats-brazed-sondex\/","name":"Intercanviadors de Plaques Termosoldats (Brazed) SONDEX \/ DANFOSS | J.Negre | Expertos en Intercambio T\u00e9rmico y Refrigeraci\u00f3n Industrial desde 1978","isPartOf":{"@id":"https:\/\/jnegre.com\/ca\/#website"},"primaryImageOfPage":{"@id":"https:\/\/jnegre.com\/ca\/producto\/intercanviadors-de-plaques-termosoldats-brazed-sondex\/#primaryimage"},"image":{"@id":"https:\/\/jnegre.com\/ca\/producto\/intercanviadors-de-plaques-termosoldats-brazed-sondex\/#primaryimage"},"thumbnailUrl":"https:\/\/jnegre.com\/wp-content\/uploads\/2020\/10\/jnegre-intercambiadores-de-placas-termosoldados-brazed-sondex.jpg","datePublished":"2020-10-21T19:09:58+00:00","dateModified":"2023-12-21T17:46:39+00:00","description":"Intercanviadors de plaques termosoldados Sondex, amb capacitat de transfer\u00e8ncia de calor extremadament alta.","breadcrumb":{"@id":"https:\/\/jnegre.com\/ca\/producto\/intercanviadors-de-plaques-termosoldats-brazed-sondex\/#breadcrumb"},"inLanguage":"ca","potentialAction":[{"@type":"ReadAction","target":["https:\/\/jnegre.com\/ca\/producto\/intercanviadors-de-plaques-termosoldats-brazed-sondex\/"]}]},{"@type":"ImageObject","inLanguage":"ca","@id":"https:\/\/jnegre.com\/ca\/producto\/intercanviadors-de-plaques-termosoldats-brazed-sondex\/#primaryimage","url":"https:\/\/jnegre.com\/wp-content\/uploads\/2020\/10\/jnegre-intercambiadores-de-placas-termosoldados-brazed-sondex.jpg","contentUrl":"https:\/\/jnegre.com\/wp-content\/uploads\/2020\/10\/jnegre-intercambiadores-de-placas-termosoldados-brazed-sondex.jpg","width":727,"height":721,"caption":"Intercanvis de plaques termosoldats Brazed Sondex"},{"@type":"BreadcrumbList","@id":"https:\/\/jnegre.com\/ca\/producto\/intercanviadors-de-plaques-termosoldats-brazed-sondex\/#breadcrumb","itemListElement":[{"@type":"ListItem","position":1,"name":"Inicio","item":"https:\/\/jnegre.com\/ca\/"},{"@type":"ListItem","position":2,"name":"Tienda","item":"https:\/\/jnegre.com\/ca\/tienda\/"},{"@type":"ListItem","position":3,"name":"Intercanviadors de calor","item":"https:\/\/jnegre.com\/ca\/categoria-producto\/intercanviadors-de-calor\/"},{"@type":"ListItem","position":4,"name":"Intercanviadors de Plaques Termosoldats (Brazed) SONDEX \/ DANFOSS"}]},{"@type":"WebSite","@id":"https:\/\/jnegre.com\/ca\/#website","url":"https:\/\/jnegre.com\/ca\/","name":"J.Negre | Expertos en Intercambio T\u00e9rmico y Refrigeraci\u00f3n Industrial desde 1978","description":"Intercambiadores de placas Sondex, torres de refrigeraci\u00f3n, enfriadoras magn\u00e9ticas y m\u00e1s. Servicio t\u00e9cnico y suministro con m\u00e1s de 30 a\u00f1os de experiencia","publisher":{"@id":"https:\/\/jnegre.com\/ca\/#organization"},"potentialAction":[{"@type":"SearchAction","target":{"@type":"EntryPoint","urlTemplate":"https:\/\/jnegre.com\/ca\/?s={search_term_string}"},"query-input":{"@type":"PropertyValueSpecification","valueRequired":true,"valueName":"search_term_string"}}],"inLanguage":"ca"},{"@type":"Organization","@id":"https:\/\/jnegre.com\/ca\/#organization","name":"J. Negre C.","url":"https:\/\/jnegre.com\/ca\/","logo":{"@type":"ImageObject","inLanguage":"ca","@id":"https:\/\/jnegre.com\/ca\/#\/schema\/logo\/image\/","url":"https:\/\/jnegre.com\/wp-content\/uploads\/2021\/05\/jnegre-logo-tagline.png","contentUrl":"https:\/\/jnegre.com\/wp-content\/uploads\/2021\/05\/jnegre-logo-tagline.png","width":1411,"height":380,"caption":"J. Negre C."},"image":{"@id":"https:\/\/jnegre.com\/ca\/#\/schema\/logo\/image\/"}}]}},"_links":{"self":[{"href":"https:\/\/jnegre.com\/ca\/wp-json\/wp\/v2\/product\/3614","targetHints":{"allow":["GET"]}}],"collection":[{"href":"https:\/\/jnegre.com\/ca\/wp-json\/wp\/v2\/product"}],"about":[{"href":"https:\/\/jnegre.com\/ca\/wp-json\/wp\/v2\/types\/product"}],"wp:featuredmedia":[{"embeddable":true,"href":"https:\/\/jnegre.com\/ca\/wp-json\/wp\/v2\/media\/3884"}],"wp:attachment":[{"href":"https:\/\/jnegre.com\/ca\/wp-json\/wp\/v2\/media?parent=3614"}],"wp:term":[{"taxonomy":"product_brand","embeddable":true,"href":"https:\/\/jnegre.com\/ca\/wp-json\/wp\/v2\/product_brand?post=3614"},{"taxonomy":"product_cat","embeddable":true,"href":"https:\/\/jnegre.com\/ca\/wp-json\/wp\/v2\/product_cat?post=3614"},{"taxonomy":"product_tag","embeddable":true,"href":"https:\/\/jnegre.com\/ca\/wp-json\/wp\/v2\/product_tag?post=3614"}],"curies":[{"name":"wp","href":"https:\/\/api.w.org\/{rel}","templated":true}]}}