{"id":3604,"date":"2020-10-17T19:20:06","date_gmt":"2020-10-17T19:20:06","guid":{"rendered":"https:\/\/jnegre.com\/producto\/evaporadors-y-condensadors\/"},"modified":"2023-12-21T17:49:23","modified_gmt":"2023-12-21T17:49:23","slug":"evaporadors-i-condensadors","status":"publish","type":"product","link":"https:\/\/jnegre.com\/ca\/producto\/evaporadors-i-condensadors\/","title":{"rendered":"Evaporadors y Condensadors"},"content":{"rendered":"<div class=\"wpb-content-wrapper\"><p>[vc_row el_class=&#8221;screen-reader-text&#8221;][vc_column][vc_column_text]<\/p>\n<h2>Evaporadors y Condensadors<\/h2>\n<p>Evaporadors y Condensadors. Dissenyat per a les ind\u00fastries sucrera i alcoh\u00f2lica. Extremadament rentable.<\/p>\n<p>Els intercanviadors de carcassa i plaques Vahtreus, Barriquand i Sondex \/ Danfoss, s\u00f3n una excel\u00b7lent alternativa als condensadors i evaporadors de carcassa i tubs. En els tres casos s&#8217;aconsegueixen grans millores en l&#8217;acostament de temperatures entre circuits que permeten grans estalvis energ\u00e8tics i una major condensaci\u00f3 o evaporaci\u00f3.<\/p>\n<h5>Documentaci\u00f3<\/h5>\n<p><a href=\"https:\/\/jnegre.com\/wp-content\/uploads\/pdf\/jnegre-catalogo-vahterus-b.pdf\" target=\"_blank\" rel=\"noopener noreferrer\">Descarregar Cat\u00e0leg Condensador Vahterus<\/a><br \/>\n<a href=\"https:\/\/jnegre.com\/wp-content\/uploads\/pdf\/jnegre-catalogo-platular-esp-logo\" target=\"_blank\" rel=\"noopener noreferrer\">Descarregar Cat\u00e0leg Condensador Barriquand<\/a><br \/>\n<a href=\"https:\/\/jnegre.com\/wp-content\/uploads\/pdf\/jnegre-folleto-condensador-de-placas.pdf\" target=\"_blank\" rel=\"noopener noreferrer\">Descarregar Cat\u00e0leg Condensador Sondex \/ Danfoss<\/a><br \/>\n<a href=\"https:\/\/jnegre.com\/wp-content\/uploads\/pdf\/jnegre-folleto-evaporador-de-placas.pdf\" target=\"_blank\" rel=\"noopener noreferrer\">Descarregar Cat\u00e0leg Evaporador Sondex \/ Danfoss<\/a>[\/vc_column_text][\/vc_column][\/vc_row][vc_row][vc_column width=&#8221;1\/2&#8243;][vc_empty_space][vc_column_text]<\/p>\n<h5>Condensador de dissolvents<\/h5>\n<p>Els condensadors de dissolvent de carcassa i plaques s\u00f3n una soluci\u00f3 eficient i segura per a processos \u201cBatch\u201d.<\/p>\n<p>Els intercanviadors de carcassa i plaques poden condensar diferents tipus de dissolvents, augmentar la capacitat de proc\u00e9s i reduir els costos d&#8217;energia. Aquests Intercanviadors tenen cicles de condensaci\u00f3 m\u00e9s curts i permeten millors acostaments entre les temperatures de tots dos circuits en comparaci\u00f3 als tradicionals carcassa i tubs.[\/vc_column_text][vc_empty_space][\/vc_column][vc_column width=&#8221;1\/2&#8243;][vc_empty_space][vc_column_text]<\/p>\n<h5>Beneficis del condensador\/evaporador de carcassa i plaques:<\/h5>\n<ul>\n<li>Mida compacte<\/li>\n<li>Possibilitat d&#8217;eliminaci\u00f3 d&#8217;inertes i condensats<\/li>\n<li>En cas de necessitat, baixa perduda de c\u00e0rrega<\/li>\n<li>Temperatures d&#8217;aproximaci\u00f3 pr\u00f2ximes<\/li>\n<li>Poc pes, ideals per a posar en caps de columnes o reactors<\/li>\n<li>Material resistent a la corrosi\u00f3 disponible (Hastelloy, Titani, etc.)<\/li>\n<li>Disseny flexible<\/li>\n<li>R\u00e0pid control del proc\u00e9s<\/li>\n<li>Sense juntes, ideal per a condensaci\u00f3 de dissolvents que puguin degradar les juntes<\/li>\n<li>S&#8217;utilitza especialment en processos \u201cBatch\u201d en ind\u00fastries farmac\u00e8utiques, qu\u00edmiques fines etc.<\/li>\n<\/ul>\n<p>[\/vc_column_text][vc_empty_space][\/vc_column][\/vc_row][vc_row][vc_column width=&#8221;1\/2&#8243;][vc_empty_space][vc_column_text]<\/p>\n<h5>Aquests intercanviadors tenen un disseny molt flexible que pot incorporar:<\/h5>\n<ul>\n<li>Conexions de ventilaci\u00f3<\/li>\n<li>Drenatge amb o sense brides<\/li>\n<li>Conexions CIP<\/li>\n<li>Etc.<\/li>\n<\/ul>\n<p>Segons les necessitats de proc\u00e9s. La soluci\u00f3 m\u00e9s comuna \u00e9s col\u00b7locar l&#8217;entrada de dissolvents en el lateral del bescanviador de calor. El condensador es pot drenar completament des de la part inferior de la carcassa. Hi ha una connexi\u00f3 en la part superior de l&#8217;intercanviador de calor des de la qual es poden ventilar f\u00e0cilment els gasos inerts i no condensables.[\/vc_column_text][vc_empty_space][\/vc_column][vc_column width=&#8221;1\/2&#8243;][vc_empty_space][vc_column_text]<\/p>\n<h5>Aplicacions<\/h5>\n<ul>\n<li>Condensador Vapor<\/li>\n<li>Condensador dissolvents<\/li>\n<li>Condensador Metanol<\/li>\n<li>Condensador Etanol<\/li>\n<li>Condensador Acetona<\/li>\n<li>Condensador Tolu\u00e8<\/li>\n<li>Condensador Clorur de Metil\u00e8<\/li>\n<li>Condensador Acetat de Vinil<\/li>\n<li>Condensador Prop\u00e0<\/li>\n<li>Condensador de ventilaci\u00f3<\/li>\n<li>Generador de vapor<\/li>\n<li>Etc.<\/li>\n<\/ul>\n<p>[\/vc_column_text][vc_empty_space][\/vc_column][\/vc_row][vc_row][vc_column][vc_empty_space][vc_video link=&#8221;https:\/\/youtu.be\/A1OtVs5YLyc&#8221; align=&#8221;center&#8221;][\/vc_column][\/vc_row]<\/p>\n<\/div>","protected":false},"excerpt":{"rendered":"<p>Els intercanviadors de carcassa i plaques Vahtreus, Barriquand i Sondex \/ Danfoss, s\u00f3n una excel\u00b7lent alternativa als condensadors i evaporadors de carcassa i tubs. En els tres casos s&#8217;aconsegueixen grans millores en l&#8217;acostament de temperatures entre circuits que permeten grans estalvis energ\u00e8tics i una major condensaci\u00f3 o evaporaci\u00f3.<\/p>\n<h5>Documentaci\u00f3<\/h5>\n<p><a href=\"https:\/\/jnegre.com\/wp-content\/uploads\/pdf\/jnegre-catalogo-vahterus-b.pdf\" target=\"_blank\" rel=\"noopener noreferrer\">Descarregar Cat\u00e0leg Condensador Vahterus<\/a><br \/>\n<a href=\"https:\/\/jnegre.com\/wp-content\/uploads\/pdf\/jnegre-catalogo-platular-esp-logo\" target=\"_blank\" rel=\"noopener noreferrer\">Descarregar Cat\u00e0leg Condensador Barriquand<\/a><br \/>\n<a href=\"https:\/\/jnegre.com\/wp-content\/uploads\/pdf\/jnegre-folleto-condensador-de-placas.pdf\" target=\"_blank\" rel=\"noopener noreferrer\">Descarregar Cat\u00e0leg Condensador Sondex \/ Danfoss<\/a><br \/>\n<a href=\"https:\/\/jnegre.com\/wp-content\/uploads\/pdf\/jnegre-folleto-evaporador-de-placas.pdf\" target=\"_blank\" rel=\"noopener noreferrer\">Descarregar Cat\u00e0leg Evaporador Sondex \/ Danfoss<\/a><\/p>\n","protected":false},"featured_media":3879,"template":"","meta":[],"product_brand":[],"product_cat":[107],"product_tag":[],"class_list":{"0":"post-3604","1":"product","2":"type-product","3":"status-publish","4":"has-post-thumbnail","6":"product_cat-intercanviadors-de-calor","8":"first","9":"instock","10":"shipping-taxable","11":"product-type-simple"},"yoast_head":"<!-- This site is optimized with the Yoast SEO plugin v27.5 - https:\/\/yoast.com\/product\/yoast-seo-wordpress\/ -->\n<title>Evaporadors y Condensadors | Intercanviadors de calor - J.Negre | Expertos en Intercambio T\u00e9rmico y Refrigeraci\u00f3n Industrial desde 1978<\/title>\n<meta name=\"description\" content=\"Evaporadors i Condensadors. Dissenyat per a les ind\u00fastries sucrera i alcoh\u00f2lica. Extremadament rentable.\" \/>\n<meta name=\"robots\" content=\"index, follow, max-snippet:-1, max-image-preview:large, max-video-preview:-1\" \/>\n<link rel=\"canonical\" href=\"https:\/\/jnegre.com\/ca\/producto\/evaporadors-i-condensadors\/\" \/>\n<meta property=\"og:locale\" content=\"ca_ES\" \/>\n<meta property=\"og:type\" content=\"article\" \/>\n<meta property=\"og:title\" content=\"Evaporadors y Condensadors | Intercanviadors de calor - J.Negre | Expertos en Intercambio T\u00e9rmico y Refrigeraci\u00f3n Industrial desde 1978\" \/>\n<meta property=\"og:description\" content=\"Evaporadors i Condensadors. Dissenyat per a les ind\u00fastries sucrera i alcoh\u00f2lica. Extremadament rentable.\" \/>\n<meta property=\"og:url\" content=\"https:\/\/jnegre.com\/ca\/producto\/evaporadors-i-condensadors\/\" \/>\n<meta property=\"og:site_name\" content=\"J.Negre | Expertos en Intercambio T\u00e9rmico y Refrigeraci\u00f3n Industrial desde 1978\" \/>\n<meta property=\"article:modified_time\" content=\"2023-12-21T17:49:23+00:00\" \/>\n<meta property=\"og:image\" content=\"https:\/\/jnegre.com\/wp-content\/uploads\/2020\/10\/jnegre-evaporadores-condensadores.jpg\" \/>\n\t<meta property=\"og:image:width\" content=\"800\" \/>\n\t<meta property=\"og:image:height\" content=\"800\" \/>\n\t<meta property=\"og:image:type\" content=\"image\/jpeg\" \/>\n<meta name=\"twitter:card\" content=\"summary_large_image\" \/>\n<meta name=\"twitter:label1\" content=\"Temps estimat de lectura\" \/>\n\t<meta name=\"twitter:data1\" content=\"2 minuts\" \/>\n<script type=\"application\/ld+json\" class=\"yoast-schema-graph\">{\"@context\":\"https:\\\/\\\/schema.org\",\"@graph\":[{\"@type\":\"WebPage\",\"@id\":\"https:\\\/\\\/jnegre.com\\\/ca\\\/producto\\\/evaporadors-i-condensadors\\\/\",\"url\":\"https:\\\/\\\/jnegre.com\\\/ca\\\/producto\\\/evaporadors-i-condensadors\\\/\",\"name\":\"Evaporadors y Condensadors | Intercanviadors de calor - J.Negre | Expertos en Intercambio T\u00e9rmico y Refrigeraci\u00f3n Industrial desde 1978\",\"isPartOf\":{\"@id\":\"https:\\\/\\\/jnegre.com\\\/ca\\\/#website\"},\"primaryImageOfPage\":{\"@id\":\"https:\\\/\\\/jnegre.com\\\/ca\\\/producto\\\/evaporadors-i-condensadors\\\/#primaryimage\"},\"image\":{\"@id\":\"https:\\\/\\\/jnegre.com\\\/ca\\\/producto\\\/evaporadors-i-condensadors\\\/#primaryimage\"},\"thumbnailUrl\":\"https:\\\/\\\/jnegre.com\\\/wp-content\\\/uploads\\\/2020\\\/10\\\/jnegre-evaporadores-condensadores.jpg\",\"datePublished\":\"2020-10-17T19:20:06+00:00\",\"dateModified\":\"2023-12-21T17:49:23+00:00\",\"description\":\"Evaporadors i Condensadors. Dissenyat per a les ind\u00fastries sucrera i alcoh\u00f2lica. Extremadament rentable.\",\"breadcrumb\":{\"@id\":\"https:\\\/\\\/jnegre.com\\\/ca\\\/producto\\\/evaporadors-i-condensadors\\\/#breadcrumb\"},\"inLanguage\":\"ca\",\"potentialAction\":[{\"@type\":\"ReadAction\",\"target\":[\"https:\\\/\\\/jnegre.com\\\/ca\\\/producto\\\/evaporadors-i-condensadors\\\/\"]}]},{\"@type\":\"ImageObject\",\"inLanguage\":\"ca\",\"@id\":\"https:\\\/\\\/jnegre.com\\\/ca\\\/producto\\\/evaporadors-i-condensadors\\\/#primaryimage\",\"url\":\"https:\\\/\\\/jnegre.com\\\/wp-content\\\/uploads\\\/2020\\\/10\\\/jnegre-evaporadores-condensadores.jpg\",\"contentUrl\":\"https:\\\/\\\/jnegre.com\\\/wp-content\\\/uploads\\\/2020\\\/10\\\/jnegre-evaporadores-condensadores.jpg\",\"width\":800,\"height\":800,\"caption\":\"Evaporadors Condensadors\"},{\"@type\":\"BreadcrumbList\",\"@id\":\"https:\\\/\\\/jnegre.com\\\/ca\\\/producto\\\/evaporadors-i-condensadors\\\/#breadcrumb\",\"itemListElement\":[{\"@type\":\"ListItem\",\"position\":1,\"name\":\"Inicio\",\"item\":\"https:\\\/\\\/jnegre.com\\\/ca\\\/\"},{\"@type\":\"ListItem\",\"position\":2,\"name\":\"Tienda\",\"item\":\"https:\\\/\\\/jnegre.com\\\/ca\\\/tienda\\\/\"},{\"@type\":\"ListItem\",\"position\":3,\"name\":\"Intercanviadors de calor\",\"item\":\"https:\\\/\\\/jnegre.com\\\/ca\\\/categoria-producto\\\/intercanviadors-de-calor\\\/\"},{\"@type\":\"ListItem\",\"position\":4,\"name\":\"Evaporadors y Condensadors\"}]},{\"@type\":\"WebSite\",\"@id\":\"https:\\\/\\\/jnegre.com\\\/ca\\\/#website\",\"url\":\"https:\\\/\\\/jnegre.com\\\/ca\\\/\",\"name\":\"J.Negre | Expertos en Intercambio T\u00e9rmico y Refrigeraci\u00f3n Industrial desde 1978\",\"description\":\"Intercambiadores de placas Sondex, torres de refrigeraci\u00f3n, enfriadoras magn\u00e9ticas y m\u00e1s. Servicio t\u00e9cnico y suministro con m\u00e1s de 30 a\u00f1os de experiencia\",\"publisher\":{\"@id\":\"https:\\\/\\\/jnegre.com\\\/ca\\\/#organization\"},\"potentialAction\":[{\"@type\":\"SearchAction\",\"target\":{\"@type\":\"EntryPoint\",\"urlTemplate\":\"https:\\\/\\\/jnegre.com\\\/ca\\\/?s={search_term_string}\"},\"query-input\":{\"@type\":\"PropertyValueSpecification\",\"valueRequired\":true,\"valueName\":\"search_term_string\"}}],\"inLanguage\":\"ca\"},{\"@type\":\"Organization\",\"@id\":\"https:\\\/\\\/jnegre.com\\\/ca\\\/#organization\",\"name\":\"J. Negre C.\",\"url\":\"https:\\\/\\\/jnegre.com\\\/ca\\\/\",\"logo\":{\"@type\":\"ImageObject\",\"inLanguage\":\"ca\",\"@id\":\"https:\\\/\\\/jnegre.com\\\/ca\\\/#\\\/schema\\\/logo\\\/image\\\/\",\"url\":\"https:\\\/\\\/jnegre.com\\\/wp-content\\\/uploads\\\/2021\\\/05\\\/jnegre-logo-tagline.png\",\"contentUrl\":\"https:\\\/\\\/jnegre.com\\\/wp-content\\\/uploads\\\/2021\\\/05\\\/jnegre-logo-tagline.png\",\"width\":1411,\"height\":380,\"caption\":\"J. Negre C.\"},\"image\":{\"@id\":\"https:\\\/\\\/jnegre.com\\\/ca\\\/#\\\/schema\\\/logo\\\/image\\\/\"}}]}<\/script>\n<!-- \/ Yoast SEO plugin. -->","yoast_head_json":{"title":"Evaporadors y Condensadors | Intercanviadors de calor - J.Negre | Expertos en Intercambio T\u00e9rmico y Refrigeraci\u00f3n Industrial desde 1978","description":"Evaporadors i Condensadors. Dissenyat per a les ind\u00fastries sucrera i alcoh\u00f2lica. Extremadament rentable.","robots":{"index":"index","follow":"follow","max-snippet":"max-snippet:-1","max-image-preview":"max-image-preview:large","max-video-preview":"max-video-preview:-1"},"canonical":"https:\/\/jnegre.com\/ca\/producto\/evaporadors-i-condensadors\/","og_locale":"ca_ES","og_type":"article","og_title":"Evaporadors y Condensadors | Intercanviadors de calor - J.Negre | Expertos en Intercambio T\u00e9rmico y Refrigeraci\u00f3n Industrial desde 1978","og_description":"Evaporadors i Condensadors. Dissenyat per a les ind\u00fastries sucrera i alcoh\u00f2lica. Extremadament rentable.","og_url":"https:\/\/jnegre.com\/ca\/producto\/evaporadors-i-condensadors\/","og_site_name":"J.Negre | Expertos en Intercambio T\u00e9rmico y Refrigeraci\u00f3n Industrial desde 1978","article_modified_time":"2023-12-21T17:49:23+00:00","og_image":[{"width":800,"height":800,"url":"https:\/\/jnegre.com\/wp-content\/uploads\/2020\/10\/jnegre-evaporadores-condensadores.jpg","type":"image\/jpeg"}],"twitter_card":"summary_large_image","twitter_misc":{"Temps estimat de lectura":"2 minuts"},"schema":{"@context":"https:\/\/schema.org","@graph":[{"@type":"WebPage","@id":"https:\/\/jnegre.com\/ca\/producto\/evaporadors-i-condensadors\/","url":"https:\/\/jnegre.com\/ca\/producto\/evaporadors-i-condensadors\/","name":"Evaporadors y Condensadors | Intercanviadors de calor - J.Negre | Expertos en Intercambio T\u00e9rmico y Refrigeraci\u00f3n Industrial desde 1978","isPartOf":{"@id":"https:\/\/jnegre.com\/ca\/#website"},"primaryImageOfPage":{"@id":"https:\/\/jnegre.com\/ca\/producto\/evaporadors-i-condensadors\/#primaryimage"},"image":{"@id":"https:\/\/jnegre.com\/ca\/producto\/evaporadors-i-condensadors\/#primaryimage"},"thumbnailUrl":"https:\/\/jnegre.com\/wp-content\/uploads\/2020\/10\/jnegre-evaporadores-condensadores.jpg","datePublished":"2020-10-17T19:20:06+00:00","dateModified":"2023-12-21T17:49:23+00:00","description":"Evaporadors i Condensadors. Dissenyat per a les ind\u00fastries sucrera i alcoh\u00f2lica. Extremadament rentable.","breadcrumb":{"@id":"https:\/\/jnegre.com\/ca\/producto\/evaporadors-i-condensadors\/#breadcrumb"},"inLanguage":"ca","potentialAction":[{"@type":"ReadAction","target":["https:\/\/jnegre.com\/ca\/producto\/evaporadors-i-condensadors\/"]}]},{"@type":"ImageObject","inLanguage":"ca","@id":"https:\/\/jnegre.com\/ca\/producto\/evaporadors-i-condensadors\/#primaryimage","url":"https:\/\/jnegre.com\/wp-content\/uploads\/2020\/10\/jnegre-evaporadores-condensadores.jpg","contentUrl":"https:\/\/jnegre.com\/wp-content\/uploads\/2020\/10\/jnegre-evaporadores-condensadores.jpg","width":800,"height":800,"caption":"Evaporadors Condensadors"},{"@type":"BreadcrumbList","@id":"https:\/\/jnegre.com\/ca\/producto\/evaporadors-i-condensadors\/#breadcrumb","itemListElement":[{"@type":"ListItem","position":1,"name":"Inicio","item":"https:\/\/jnegre.com\/ca\/"},{"@type":"ListItem","position":2,"name":"Tienda","item":"https:\/\/jnegre.com\/ca\/tienda\/"},{"@type":"ListItem","position":3,"name":"Intercanviadors de calor","item":"https:\/\/jnegre.com\/ca\/categoria-producto\/intercanviadors-de-calor\/"},{"@type":"ListItem","position":4,"name":"Evaporadors y Condensadors"}]},{"@type":"WebSite","@id":"https:\/\/jnegre.com\/ca\/#website","url":"https:\/\/jnegre.com\/ca\/","name":"J.Negre | Expertos en Intercambio T\u00e9rmico y Refrigeraci\u00f3n Industrial desde 1978","description":"Intercambiadores de placas Sondex, torres de refrigeraci\u00f3n, enfriadoras magn\u00e9ticas y m\u00e1s. Servicio t\u00e9cnico y suministro con m\u00e1s de 30 a\u00f1os de experiencia","publisher":{"@id":"https:\/\/jnegre.com\/ca\/#organization"},"potentialAction":[{"@type":"SearchAction","target":{"@type":"EntryPoint","urlTemplate":"https:\/\/jnegre.com\/ca\/?s={search_term_string}"},"query-input":{"@type":"PropertyValueSpecification","valueRequired":true,"valueName":"search_term_string"}}],"inLanguage":"ca"},{"@type":"Organization","@id":"https:\/\/jnegre.com\/ca\/#organization","name":"J. Negre C.","url":"https:\/\/jnegre.com\/ca\/","logo":{"@type":"ImageObject","inLanguage":"ca","@id":"https:\/\/jnegre.com\/ca\/#\/schema\/logo\/image\/","url":"https:\/\/jnegre.com\/wp-content\/uploads\/2021\/05\/jnegre-logo-tagline.png","contentUrl":"https:\/\/jnegre.com\/wp-content\/uploads\/2021\/05\/jnegre-logo-tagline.png","width":1411,"height":380,"caption":"J. Negre C."},"image":{"@id":"https:\/\/jnegre.com\/ca\/#\/schema\/logo\/image\/"}}]}},"_links":{"self":[{"href":"https:\/\/jnegre.com\/ca\/wp-json\/wp\/v2\/product\/3604","targetHints":{"allow":["GET"]}}],"collection":[{"href":"https:\/\/jnegre.com\/ca\/wp-json\/wp\/v2\/product"}],"about":[{"href":"https:\/\/jnegre.com\/ca\/wp-json\/wp\/v2\/types\/product"}],"wp:featuredmedia":[{"embeddable":true,"href":"https:\/\/jnegre.com\/ca\/wp-json\/wp\/v2\/media\/3879"}],"wp:attachment":[{"href":"https:\/\/jnegre.com\/ca\/wp-json\/wp\/v2\/media?parent=3604"}],"wp:term":[{"taxonomy":"product_brand","embeddable":true,"href":"https:\/\/jnegre.com\/ca\/wp-json\/wp\/v2\/product_brand?post=3604"},{"taxonomy":"product_cat","embeddable":true,"href":"https:\/\/jnegre.com\/ca\/wp-json\/wp\/v2\/product_cat?post=3604"},{"taxonomy":"product_tag","embeddable":true,"href":"https:\/\/jnegre.com\/ca\/wp-json\/wp\/v2\/product_tag?post=3604"}],"curies":[{"name":"wp","href":"https:\/\/api.w.org\/{rel}","templated":true}]}}