{"id":3603,"date":"2020-10-11T12:13:17","date_gmt":"2020-10-11T12:13:17","guid":{"rendered":"https:\/\/jnegre.com\/producto\/servei-tecnic-i-manteniment-intercanviadors-de-calor\/"},"modified":"2024-05-16T11:43:09","modified_gmt":"2024-05-16T11:43:09","slug":"servei-tecnic-i-manteniment-intercanviadors-de-calor","status":"publish","type":"product","link":"https:\/\/jnegre.com\/ca\/producto\/servei-tecnic-i-manteniment-intercanviadors-de-calor\/","title":{"rendered":"Servei t\u00e8cnic i manteniment intercanviadors de calor"},"content":{"rendered":"<div class=\"wpb-content-wrapper\"><p>[vc_row el_class=&#8221;screen-reader-text&#8221;][vc_column][vc_column_text]<\/p>\n<h2>Servei t\u00e8cnic i manteniment intercanviadors de calor<\/h2>\n<p>Servei t\u00e8cnic i manteniment intercanviadors de calor. M\u00e9s de 20 anys d&#8217;experi\u00e8ncia en sectors com l&#8217;industrial i la climatitzaci\u00f3.<\/p>\n<h5>Reparaci\u00f3 i Manteniment en Bescanviadors de Calor<\/h5>\n<p>J. Negre \u00e9s una companyia especialitzada en l&#8217;intercanvi de calor, tenim m\u00e9s de 20 anys de pres\u00e8ncia dins de sectors tan exclusius com l&#8217;industrial i el de la climatitzaci\u00f3. El nostre personal est\u00e0 adequadament format i qualificat, a m\u00e9s de comptar amb una gran experi\u00e8ncia (m\u00e9s de 15 anys), per a desenvolupar totes les \u00e0rees de treball que formen el m\u00f3n dels intercanviadors de calor.<\/p>\n<h5>J. Negre li ofereix per a qualsevol marca o model de bescanviador de plaques, els seg\u00fcents serveis:<\/h5>\n<ul>\n<li>C\u00e0lcul i disseny<\/li>\n<li>Muntatge i prova de pressi\u00f3<\/li>\n<li>Manteniment y reparaci\u00f3<\/li>\n<li>Canvi de juntes<\/li>\n<li>Neteja mec\u00e0nica i\/o qu\u00edmica realitzat en el nostre taller o si el prefereixen in situ<\/li>\n<li>Proves de pressi\u00f3, amb garantia d&#8217;estanquitat<\/li>\n<\/ul>\n<h5>Per a tot aix\u00f2 disposem de:<\/h5>\n<ul>\n<li>5 Operaris propis, servei in situ o en taller<\/li>\n<li>Un centenar d&#8217;equips desmuntables en estoc (Rub\u00ed), fins a DN150.<\/li>\n<li>Al voltant de 30 equips soldats en estoc (Rub\u00ed)<\/li>\n<li>Recanvis en estoc (Rub\u00ed) de fins a 30 models diferents<\/li>\n<li>M\u00e0quina d&#8217;ultrasons per a neteges de plaques<\/li>\n<li>Laboratori per a an\u00e0lisis fisicoqu\u00edmiques<\/li>\n<li>Recanvis per a qualsevol marca o model de intercanviadors de plaques<\/li>\n<li>Pistons hidr\u00e0ulics per a tancament de grans equips<\/li>\n<li>Bomba per a prova de pressi\u00f3 i fugides<\/li>\n<\/ul>\n<p><a href=\"https:\/\/jnegre.com\/ca\/producto\/estoc-intercanviadors-de-calor\/\">Estoc disponible<\/a>[\/vc_column_text][\/vc_column][\/vc_row]<\/p>\n<\/div>","protected":false},"excerpt":{"rendered":"<h5>Reparaci\u00f3 i Manteniment en Intercanviadors de Calor<\/h5>\n<p>J. Negre \u00e9s una companyia especialitzada en l&#8217;intercanvi de calor, tenim m\u00e9s de 20 anys de pres\u00e8ncia dins de sectors tan exclusius com l&#8217;industrial i el de la climatitzaci\u00f3. El nostre personal est\u00e0 adequadament format i qualificat, a m\u00e9s de comptar amb una gran experi\u00e8ncia (m\u00e9s de 15 anys), per a desenvolupar totes les \u00e0rees de treball que formen el m\u00f3n dels intercanviadors de calor.<\/p>\n<h5>J. NEGRE li ofereix per a qualsevol marca o model de bescanviador de plaques, els seg\u00fcents serveis:<\/h5>\n<ul>\n<li>C\u00e0lcul i disseny<\/li>\n<li>Muntatge i prova de pressi\u00f3<\/li>\n<li>Manteniment y reparaci\u00f3<\/li>\n<li>Canvi de juntes<\/li>\n<li>Neteja mec\u00e0nica i\/o qu\u00edmica realitzat en el nostre taller o si el prefereixen in situ<\/li>\n<li>Proves de pressi\u00f3, amb garantia d&#8217;estanquitat<\/li>\n<\/ul>\n<h5>Per a tot aix\u00f2 disposem de:<\/h5>\n<ul>\n<li>5 Operaris propis, servei in situ o en taller<\/li>\n<li>Un centenar d&#8217;equips desmuntables en estoc (Rub\u00ed), fins a DN150.<\/li>\n<li>Al voltant de 30 equips soldats en estoc (Rub\u00ed)<\/li>\n<li>Recanvis en estoc (Rub\u00ed) de fins a 30 models diferents<\/li>\n<li>M\u00e0quina d&#8217;ultrasons per a neteges de plaques<\/li>\n<li>Laboratori per a an\u00e0lisi f\u00edsica qu\u00edmics<\/li>\n<li>Recanvis per a qualsevol marca o model de intercanviadors de plaques<\/li>\n<li>Pistons hidr\u00e0ulics per a tancament de grans equips<\/li>\n<li>Bomba per a prova de pressi\u00f3 i fugides<\/li>\n<\/ul>\n<p><a href=\"https:\/\/jnegre.com\/producto\/stock-intercambiadores-de-calor\/\">Estoc disponible<\/a><\/p>\n","protected":false},"featured_media":3854,"template":"","meta":[],"product_brand":[],"product_cat":[107,109],"product_tag":[],"class_list":{"0":"post-3603","1":"product","2":"type-product","3":"status-publish","4":"has-post-thumbnail","6":"product_cat-intercanviadors-de-calor","7":"product_cat-plaques-i-juntes-intercanviadors","9":"first","10":"instock","11":"shipping-taxable","12":"product-type-simple"},"yoast_head":"<!-- This site is optimized with the Yoast SEO plugin v27.5 - https:\/\/yoast.com\/product\/yoast-seo-wordpress\/ -->\n<title>Servei t\u00e8cnic i manteniment intercanviadors de calor | J.Negre | Expertos en Intercambio T\u00e9rmico y Refrigeraci\u00f3n Industrial desde 1978<\/title>\n<meta name=\"description\" content=\"Servei t\u00e8cnic i manteniment intercanviadors de calor. M\u00e9s de 20 anys d&#039;experi\u00e8ncia en sectors com l&#039;industrial i la climatitzaci\u00f3.\" \/>\n<meta name=\"robots\" content=\"index, follow, max-snippet:-1, max-image-preview:large, max-video-preview:-1\" \/>\n<link rel=\"canonical\" href=\"https:\/\/jnegre.com\/ca\/producto\/servei-tecnic-i-manteniment-intercanviadors-de-calor\/\" \/>\n<meta property=\"og:locale\" content=\"ca_ES\" \/>\n<meta property=\"og:type\" content=\"article\" \/>\n<meta property=\"og:title\" content=\"Servei t\u00e8cnic i manteniment intercanviadors de calor | J.Negre | Expertos en Intercambio T\u00e9rmico y Refrigeraci\u00f3n Industrial desde 1978\" \/>\n<meta property=\"og:description\" content=\"Servei t\u00e8cnic i manteniment intercanviadors de calor. M\u00e9s de 20 anys d&#039;experi\u00e8ncia en sectors com l&#039;industrial i la climatitzaci\u00f3.\" \/>\n<meta property=\"og:url\" content=\"https:\/\/jnegre.com\/ca\/producto\/servei-tecnic-i-manteniment-intercanviadors-de-calor\/\" \/>\n<meta property=\"og:site_name\" content=\"J.Negre | Expertos en Intercambio T\u00e9rmico y Refrigeraci\u00f3n Industrial desde 1978\" \/>\n<meta property=\"article:modified_time\" content=\"2024-05-16T11:43:09+00:00\" \/>\n<meta property=\"og:image\" content=\"https:\/\/jnegre.com\/wp-content\/uploads\/2020\/09\/jnegre-servicio-tecnico-mantenimiento-intercambiadores-de-calor-01.jpg\" \/>\n\t<meta property=\"og:image:width\" content=\"800\" \/>\n\t<meta property=\"og:image:height\" content=\"800\" \/>\n\t<meta property=\"og:image:type\" content=\"image\/jpeg\" \/>\n<meta name=\"twitter:card\" content=\"summary_large_image\" \/>\n<meta name=\"twitter:label1\" content=\"Temps estimat de lectura\" \/>\n\t<meta name=\"twitter:data1\" content=\"2 minuts\" \/>\n<script type=\"application\/ld+json\" class=\"yoast-schema-graph\">{\"@context\":\"https:\\\/\\\/schema.org\",\"@graph\":[{\"@type\":\"WebPage\",\"@id\":\"https:\\\/\\\/jnegre.com\\\/ca\\\/producto\\\/servei-tecnic-i-manteniment-intercanviadors-de-calor\\\/\",\"url\":\"https:\\\/\\\/jnegre.com\\\/ca\\\/producto\\\/servei-tecnic-i-manteniment-intercanviadors-de-calor\\\/\",\"name\":\"Servei t\u00e8cnic i manteniment intercanviadors de calor | J.Negre | Expertos en Intercambio T\u00e9rmico y Refrigeraci\u00f3n Industrial desde 1978\",\"isPartOf\":{\"@id\":\"https:\\\/\\\/jnegre.com\\\/ca\\\/#website\"},\"primaryImageOfPage\":{\"@id\":\"https:\\\/\\\/jnegre.com\\\/ca\\\/producto\\\/servei-tecnic-i-manteniment-intercanviadors-de-calor\\\/#primaryimage\"},\"image\":{\"@id\":\"https:\\\/\\\/jnegre.com\\\/ca\\\/producto\\\/servei-tecnic-i-manteniment-intercanviadors-de-calor\\\/#primaryimage\"},\"thumbnailUrl\":\"https:\\\/\\\/jnegre.com\\\/wp-content\\\/uploads\\\/2020\\\/09\\\/jnegre-servicio-tecnico-mantenimiento-intercambiadores-de-calor-01.jpg\",\"datePublished\":\"2020-10-11T12:13:17+00:00\",\"dateModified\":\"2024-05-16T11:43:09+00:00\",\"description\":\"Servei t\u00e8cnic i manteniment intercanviadors de calor. M\u00e9s de 20 anys d'experi\u00e8ncia en sectors com l'industrial i la climatitzaci\u00f3.\",\"breadcrumb\":{\"@id\":\"https:\\\/\\\/jnegre.com\\\/ca\\\/producto\\\/servei-tecnic-i-manteniment-intercanviadors-de-calor\\\/#breadcrumb\"},\"inLanguage\":\"ca\",\"potentialAction\":[{\"@type\":\"ReadAction\",\"target\":[\"https:\\\/\\\/jnegre.com\\\/ca\\\/producto\\\/servei-tecnic-i-manteniment-intercanviadors-de-calor\\\/\"]}]},{\"@type\":\"ImageObject\",\"inLanguage\":\"ca\",\"@id\":\"https:\\\/\\\/jnegre.com\\\/ca\\\/producto\\\/servei-tecnic-i-manteniment-intercanviadors-de-calor\\\/#primaryimage\",\"url\":\"https:\\\/\\\/jnegre.com\\\/wp-content\\\/uploads\\\/2020\\\/09\\\/jnegre-servicio-tecnico-mantenimiento-intercambiadores-de-calor-01.jpg\",\"contentUrl\":\"https:\\\/\\\/jnegre.com\\\/wp-content\\\/uploads\\\/2020\\\/09\\\/jnegre-servicio-tecnico-mantenimiento-intercambiadores-de-calor-01.jpg\",\"width\":800,\"height\":800,\"caption\":\"Servei t\u00e8cnic de manteniment en bescanviadors de calor de J.Negre\"},{\"@type\":\"BreadcrumbList\",\"@id\":\"https:\\\/\\\/jnegre.com\\\/ca\\\/producto\\\/servei-tecnic-i-manteniment-intercanviadors-de-calor\\\/#breadcrumb\",\"itemListElement\":[{\"@type\":\"ListItem\",\"position\":1,\"name\":\"Inicio\",\"item\":\"https:\\\/\\\/jnegre.com\\\/ca\\\/\"},{\"@type\":\"ListItem\",\"position\":2,\"name\":\"Tienda\",\"item\":\"https:\\\/\\\/jnegre.com\\\/ca\\\/tienda\\\/\"},{\"@type\":\"ListItem\",\"position\":3,\"name\":\"Intercanviadors de calor\",\"item\":\"https:\\\/\\\/jnegre.com\\\/ca\\\/categoria-producto\\\/intercanviadors-de-calor\\\/\"},{\"@type\":\"ListItem\",\"position\":4,\"name\":\"Servei t\u00e8cnic i manteniment intercanviadors de calor\"}]},{\"@type\":\"WebSite\",\"@id\":\"https:\\\/\\\/jnegre.com\\\/ca\\\/#website\",\"url\":\"https:\\\/\\\/jnegre.com\\\/ca\\\/\",\"name\":\"J.Negre | Expertos en Intercambio T\u00e9rmico y Refrigeraci\u00f3n Industrial desde 1978\",\"description\":\"Intercambiadores de placas Sondex, torres de refrigeraci\u00f3n, enfriadoras magn\u00e9ticas y m\u00e1s. Servicio t\u00e9cnico y suministro con m\u00e1s de 30 a\u00f1os de experiencia\",\"publisher\":{\"@id\":\"https:\\\/\\\/jnegre.com\\\/ca\\\/#organization\"},\"potentialAction\":[{\"@type\":\"SearchAction\",\"target\":{\"@type\":\"EntryPoint\",\"urlTemplate\":\"https:\\\/\\\/jnegre.com\\\/ca\\\/?s={search_term_string}\"},\"query-input\":{\"@type\":\"PropertyValueSpecification\",\"valueRequired\":true,\"valueName\":\"search_term_string\"}}],\"inLanguage\":\"ca\"},{\"@type\":\"Organization\",\"@id\":\"https:\\\/\\\/jnegre.com\\\/ca\\\/#organization\",\"name\":\"J. Negre C.\",\"url\":\"https:\\\/\\\/jnegre.com\\\/ca\\\/\",\"logo\":{\"@type\":\"ImageObject\",\"inLanguage\":\"ca\",\"@id\":\"https:\\\/\\\/jnegre.com\\\/ca\\\/#\\\/schema\\\/logo\\\/image\\\/\",\"url\":\"https:\\\/\\\/jnegre.com\\\/wp-content\\\/uploads\\\/2021\\\/05\\\/jnegre-logo-tagline.png\",\"contentUrl\":\"https:\\\/\\\/jnegre.com\\\/wp-content\\\/uploads\\\/2021\\\/05\\\/jnegre-logo-tagline.png\",\"width\":1411,\"height\":380,\"caption\":\"J. Negre C.\"},\"image\":{\"@id\":\"https:\\\/\\\/jnegre.com\\\/ca\\\/#\\\/schema\\\/logo\\\/image\\\/\"}}]}<\/script>\n<!-- \/ Yoast SEO plugin. -->","yoast_head_json":{"title":"Servei t\u00e8cnic i manteniment intercanviadors de calor | J.Negre | Expertos en Intercambio T\u00e9rmico y Refrigeraci\u00f3n Industrial desde 1978","description":"Servei t\u00e8cnic i manteniment intercanviadors de calor. M\u00e9s de 20 anys d'experi\u00e8ncia en sectors com l'industrial i la climatitzaci\u00f3.","robots":{"index":"index","follow":"follow","max-snippet":"max-snippet:-1","max-image-preview":"max-image-preview:large","max-video-preview":"max-video-preview:-1"},"canonical":"https:\/\/jnegre.com\/ca\/producto\/servei-tecnic-i-manteniment-intercanviadors-de-calor\/","og_locale":"ca_ES","og_type":"article","og_title":"Servei t\u00e8cnic i manteniment intercanviadors de calor | J.Negre | Expertos en Intercambio T\u00e9rmico y Refrigeraci\u00f3n Industrial desde 1978","og_description":"Servei t\u00e8cnic i manteniment intercanviadors de calor. M\u00e9s de 20 anys d'experi\u00e8ncia en sectors com l'industrial i la climatitzaci\u00f3.","og_url":"https:\/\/jnegre.com\/ca\/producto\/servei-tecnic-i-manteniment-intercanviadors-de-calor\/","og_site_name":"J.Negre | Expertos en Intercambio T\u00e9rmico y Refrigeraci\u00f3n Industrial desde 1978","article_modified_time":"2024-05-16T11:43:09+00:00","og_image":[{"width":800,"height":800,"url":"https:\/\/jnegre.com\/wp-content\/uploads\/2020\/09\/jnegre-servicio-tecnico-mantenimiento-intercambiadores-de-calor-01.jpg","type":"image\/jpeg"}],"twitter_card":"summary_large_image","twitter_misc":{"Temps estimat de lectura":"2 minuts"},"schema":{"@context":"https:\/\/schema.org","@graph":[{"@type":"WebPage","@id":"https:\/\/jnegre.com\/ca\/producto\/servei-tecnic-i-manteniment-intercanviadors-de-calor\/","url":"https:\/\/jnegre.com\/ca\/producto\/servei-tecnic-i-manteniment-intercanviadors-de-calor\/","name":"Servei t\u00e8cnic i manteniment intercanviadors de calor | J.Negre | Expertos en Intercambio T\u00e9rmico y Refrigeraci\u00f3n Industrial desde 1978","isPartOf":{"@id":"https:\/\/jnegre.com\/ca\/#website"},"primaryImageOfPage":{"@id":"https:\/\/jnegre.com\/ca\/producto\/servei-tecnic-i-manteniment-intercanviadors-de-calor\/#primaryimage"},"image":{"@id":"https:\/\/jnegre.com\/ca\/producto\/servei-tecnic-i-manteniment-intercanviadors-de-calor\/#primaryimage"},"thumbnailUrl":"https:\/\/jnegre.com\/wp-content\/uploads\/2020\/09\/jnegre-servicio-tecnico-mantenimiento-intercambiadores-de-calor-01.jpg","datePublished":"2020-10-11T12:13:17+00:00","dateModified":"2024-05-16T11:43:09+00:00","description":"Servei t\u00e8cnic i manteniment intercanviadors de calor. M\u00e9s de 20 anys d'experi\u00e8ncia en sectors com l'industrial i la climatitzaci\u00f3.","breadcrumb":{"@id":"https:\/\/jnegre.com\/ca\/producto\/servei-tecnic-i-manteniment-intercanviadors-de-calor\/#breadcrumb"},"inLanguage":"ca","potentialAction":[{"@type":"ReadAction","target":["https:\/\/jnegre.com\/ca\/producto\/servei-tecnic-i-manteniment-intercanviadors-de-calor\/"]}]},{"@type":"ImageObject","inLanguage":"ca","@id":"https:\/\/jnegre.com\/ca\/producto\/servei-tecnic-i-manteniment-intercanviadors-de-calor\/#primaryimage","url":"https:\/\/jnegre.com\/wp-content\/uploads\/2020\/09\/jnegre-servicio-tecnico-mantenimiento-intercambiadores-de-calor-01.jpg","contentUrl":"https:\/\/jnegre.com\/wp-content\/uploads\/2020\/09\/jnegre-servicio-tecnico-mantenimiento-intercambiadores-de-calor-01.jpg","width":800,"height":800,"caption":"Servei t\u00e8cnic de manteniment en bescanviadors de calor de J.Negre"},{"@type":"BreadcrumbList","@id":"https:\/\/jnegre.com\/ca\/producto\/servei-tecnic-i-manteniment-intercanviadors-de-calor\/#breadcrumb","itemListElement":[{"@type":"ListItem","position":1,"name":"Inicio","item":"https:\/\/jnegre.com\/ca\/"},{"@type":"ListItem","position":2,"name":"Tienda","item":"https:\/\/jnegre.com\/ca\/tienda\/"},{"@type":"ListItem","position":3,"name":"Intercanviadors de calor","item":"https:\/\/jnegre.com\/ca\/categoria-producto\/intercanviadors-de-calor\/"},{"@type":"ListItem","position":4,"name":"Servei t\u00e8cnic i manteniment intercanviadors de calor"}]},{"@type":"WebSite","@id":"https:\/\/jnegre.com\/ca\/#website","url":"https:\/\/jnegre.com\/ca\/","name":"J.Negre | Expertos en Intercambio T\u00e9rmico y Refrigeraci\u00f3n Industrial desde 1978","description":"Intercambiadores de placas Sondex, torres de refrigeraci\u00f3n, enfriadoras magn\u00e9ticas y m\u00e1s. Servicio t\u00e9cnico y suministro con m\u00e1s de 30 a\u00f1os de experiencia","publisher":{"@id":"https:\/\/jnegre.com\/ca\/#organization"},"potentialAction":[{"@type":"SearchAction","target":{"@type":"EntryPoint","urlTemplate":"https:\/\/jnegre.com\/ca\/?s={search_term_string}"},"query-input":{"@type":"PropertyValueSpecification","valueRequired":true,"valueName":"search_term_string"}}],"inLanguage":"ca"},{"@type":"Organization","@id":"https:\/\/jnegre.com\/ca\/#organization","name":"J. Negre C.","url":"https:\/\/jnegre.com\/ca\/","logo":{"@type":"ImageObject","inLanguage":"ca","@id":"https:\/\/jnegre.com\/ca\/#\/schema\/logo\/image\/","url":"https:\/\/jnegre.com\/wp-content\/uploads\/2021\/05\/jnegre-logo-tagline.png","contentUrl":"https:\/\/jnegre.com\/wp-content\/uploads\/2021\/05\/jnegre-logo-tagline.png","width":1411,"height":380,"caption":"J. Negre C."},"image":{"@id":"https:\/\/jnegre.com\/ca\/#\/schema\/logo\/image\/"}}]}},"_links":{"self":[{"href":"https:\/\/jnegre.com\/ca\/wp-json\/wp\/v2\/product\/3603","targetHints":{"allow":["GET"]}}],"collection":[{"href":"https:\/\/jnegre.com\/ca\/wp-json\/wp\/v2\/product"}],"about":[{"href":"https:\/\/jnegre.com\/ca\/wp-json\/wp\/v2\/types\/product"}],"wp:featuredmedia":[{"embeddable":true,"href":"https:\/\/jnegre.com\/ca\/wp-json\/wp\/v2\/media\/3854"}],"wp:attachment":[{"href":"https:\/\/jnegre.com\/ca\/wp-json\/wp\/v2\/media?parent=3603"}],"wp:term":[{"taxonomy":"product_brand","embeddable":true,"href":"https:\/\/jnegre.com\/ca\/wp-json\/wp\/v2\/product_brand?post=3603"},{"taxonomy":"product_cat","embeddable":true,"href":"https:\/\/jnegre.com\/ca\/wp-json\/wp\/v2\/product_cat?post=3603"},{"taxonomy":"product_tag","embeddable":true,"href":"https:\/\/jnegre.com\/ca\/wp-json\/wp\/v2\/product_tag?post=3603"}],"curies":[{"name":"wp","href":"https:\/\/api.w.org\/{rel}","templated":true}]}}