{"id":3602,"date":"2020-10-12T12:14:56","date_gmt":"2020-10-12T12:14:56","guid":{"rendered":"https:\/\/jnegre.com\/producto\/recanvis-intercanviadors-de-calor\/"},"modified":"2023-12-21T17:56:04","modified_gmt":"2023-12-21T17:56:04","slug":"recanvis-intercanviadors-de-calor-2","status":"publish","type":"product","link":"https:\/\/jnegre.com\/ca\/producto\/recanvis-intercanviadors-de-calor-2\/","title":{"rendered":"Recanvis Intercanviadors de calor"},"content":{"rendered":"<div class=\"wpb-content-wrapper\"><p>[vc_row el_class=&#8221;screen-reader-text&#8221;][vc_column][vc_column_text]<\/p>\n<h2>Recanvis Intercanviadors de calor<\/h2>\n<p>Recanvis Intercanviadors de calor. Recanvis originals Alfa laval, Tranter, Sondex, Vicarb, APV, Kelvion, Cipriani, Danfoss, Arsopi, SPX, Sedical, Termojet, Indelcasa, etc. amb garantia.<\/p>\n<p>J. Negre posa a la seva disposici\u00f3 tots els recanvis per a Intercanviadors de calor:<\/p>\n<ul>\n<li>Recanvis originals per a la majoria de marques d&#8217;intercanviadors de plaques, Alfa laval, Tranter, Sondex \/ Danfoss, Vicarb, etc.<\/li>\n<li>Recanvis totalment compatibles i amb garantia<\/li>\n<li>La millor Relaci\u00f3 qualitat preu<\/li>\n<li>Juntes Nitrilo, Epdm, Viton etc.<\/li>\n<\/ul>\n<h5>Informaci\u00f3 \u00fatil<\/h5>\n<p><a href=\"https:\/\/jnegre.com\/ca\/productes\/intercanviadors-de-calor\/muntatge-juntes-intercanviadors\/\" target=\"_blank\" rel=\"noopener noreferrer\">Colocaci\u00f3 juntes<\/a><br \/>\n<a href=\"https:\/\/jnegre.com\/ca\/productes\/intercanviadors-de-calor\/conexions\/\" target=\"_blank\" rel=\"noopener noreferrer\">Tipus conexions<\/a><br \/>\n<a href=\"https:\/\/jnegre.com\/ca\/productes\/intercanviadors-de-calor\/dades-geometrics\/\" target=\"_blank\" rel=\"noopener noreferrer\">Dades per oferta<\/a>[\/vc_column_text][\/vc_column][\/vc_row]<\/p>\n<\/div>","protected":false},"excerpt":{"rendered":"<p>J. Negre posa a la seva disposici\u00f3 tots els recanvis per a Intercanviadors de calor:<\/p>\n<ul>\n<li>Recanvis originals per a la majoria de marques d&#8217;intercanviadors de plaques, Alfa laval, Tranter, Vicarb, APV, Kelvion, Cipriani, Danfoss, Arsopi, SPX, Sedical, Termojet, Indelcasa, etc.<\/li>\n<li>Recanvis totalment compatibles i amb garantia<\/li>\n<li>La millor Relaci\u00f3 qualitat preu<\/li>\n<li>Juntes Nitrilo, Epdm, Viton etc.<\/li>\n<\/ul>\n<h5>Informaci\u00f3 \u00fatil<\/h5>\n<p><a href=\"https:\/\/jnegre.com\/productos\/intercambiadores-de-calor\/montaje-juntas-intercambiadores\/\" target=\"_blank\" rel=\"noopener noreferrer\">Colocaci\u00f3 juntes<\/a><br \/>\n<a href=\"https:\/\/jnegre.com\/productos\/intercambiadores-de-calor\/conexiones\/\" target=\"_blank\" rel=\"noopener noreferrer\">Tipus conexions<\/a><br \/>\n<a href=\"https:\/\/jnegre.com\/productos\/intercambiadores-de-calor\/datos-geometricos\/\" target=\"_blank\" rel=\"noopener noreferrer\">Dades per oferta<\/a><\/p>\n","protected":false},"featured_media":3886,"template":"","meta":[],"product_brand":[],"product_cat":[107,109],"product_tag":[],"class_list":{"0":"post-3602","1":"product","2":"type-product","3":"status-publish","4":"has-post-thumbnail","6":"product_cat-intercanviadors-de-calor","7":"product_cat-plaques-i-juntes-intercanviadors","9":"first","10":"instock","11":"shipping-taxable","12":"product-type-simple"},"yoast_head":"<!-- This site is optimized with the Yoast SEO plugin v27.5 - https:\/\/yoast.com\/product\/yoast-seo-wordpress\/ -->\n<title>Recanvis Intercanviadors de calor | J.Negre | Expertos en Intercambio T\u00e9rmico y Refrigeraci\u00f3n Industrial desde 1978<\/title>\n<meta name=\"description\" content=\"Recanvis Intercanviadors de calor. Recanvis originals Alfa laval, Tranter, Sondex, Vicarb, etc. amb garantia.\" \/>\n<meta name=\"robots\" content=\"index, follow, max-snippet:-1, max-image-preview:large, max-video-preview:-1\" \/>\n<link rel=\"canonical\" href=\"https:\/\/jnegre.com\/ca\/producto\/recanvis-intercanviadors-de-calor-2\/\" \/>\n<meta property=\"og:locale\" content=\"ca_ES\" \/>\n<meta property=\"og:type\" content=\"article\" \/>\n<meta property=\"og:title\" content=\"Recanvis Intercanviadors de calor | J.Negre | Expertos en Intercambio T\u00e9rmico y Refrigeraci\u00f3n Industrial desde 1978\" \/>\n<meta property=\"og:description\" content=\"Recanvis Intercanviadors de calor. Recanvis originals Alfa laval, Tranter, Sondex, Vicarb, etc. amb garantia.\" \/>\n<meta property=\"og:url\" content=\"https:\/\/jnegre.com\/ca\/producto\/recanvis-intercanviadors-de-calor-2\/\" \/>\n<meta property=\"og:site_name\" content=\"J.Negre | Expertos en Intercambio T\u00e9rmico y Refrigeraci\u00f3n Industrial desde 1978\" \/>\n<meta property=\"article:modified_time\" content=\"2023-12-21T17:56:04+00:00\" \/>\n<meta property=\"og:image\" content=\"https:\/\/jnegre.com\/wp-content\/uploads\/2020\/10\/jnegre-recambios-intercambiadores-de-calor.jpg\" \/>\n\t<meta property=\"og:image:width\" content=\"800\" \/>\n\t<meta property=\"og:image:height\" content=\"800\" \/>\n\t<meta property=\"og:image:type\" content=\"image\/jpeg\" \/>\n<meta name=\"twitter:card\" content=\"summary_large_image\" \/>\n<meta name=\"twitter:label1\" content=\"Temps estimat de lectura\" \/>\n\t<meta name=\"twitter:data1\" content=\"1 minut\" \/>\n<script type=\"application\/ld+json\" class=\"yoast-schema-graph\">{\"@context\":\"https:\\\/\\\/schema.org\",\"@graph\":[{\"@type\":\"WebPage\",\"@id\":\"https:\\\/\\\/jnegre.com\\\/ca\\\/producto\\\/recanvis-intercanviadors-de-calor-2\\\/\",\"url\":\"https:\\\/\\\/jnegre.com\\\/ca\\\/producto\\\/recanvis-intercanviadors-de-calor-2\\\/\",\"name\":\"Recanvis Intercanviadors de calor | J.Negre | Expertos en Intercambio T\u00e9rmico y Refrigeraci\u00f3n Industrial desde 1978\",\"isPartOf\":{\"@id\":\"https:\\\/\\\/jnegre.com\\\/ca\\\/#website\"},\"primaryImageOfPage\":{\"@id\":\"https:\\\/\\\/jnegre.com\\\/ca\\\/producto\\\/recanvis-intercanviadors-de-calor-2\\\/#primaryimage\"},\"image\":{\"@id\":\"https:\\\/\\\/jnegre.com\\\/ca\\\/producto\\\/recanvis-intercanviadors-de-calor-2\\\/#primaryimage\"},\"thumbnailUrl\":\"https:\\\/\\\/jnegre.com\\\/wp-content\\\/uploads\\\/2020\\\/10\\\/jnegre-recambios-intercambiadores-de-calor.jpg\",\"datePublished\":\"2020-10-12T12:14:56+00:00\",\"dateModified\":\"2023-12-21T17:56:04+00:00\",\"description\":\"Recanvis Intercanviadors de calor. Recanvis originals Alfa laval, Tranter, Sondex, Vicarb, etc. amb garantia.\",\"breadcrumb\":{\"@id\":\"https:\\\/\\\/jnegre.com\\\/ca\\\/producto\\\/recanvis-intercanviadors-de-calor-2\\\/#breadcrumb\"},\"inLanguage\":\"ca\",\"potentialAction\":[{\"@type\":\"ReadAction\",\"target\":[\"https:\\\/\\\/jnegre.com\\\/ca\\\/producto\\\/recanvis-intercanviadors-de-calor-2\\\/\"]}]},{\"@type\":\"ImageObject\",\"inLanguage\":\"ca\",\"@id\":\"https:\\\/\\\/jnegre.com\\\/ca\\\/producto\\\/recanvis-intercanviadors-de-calor-2\\\/#primaryimage\",\"url\":\"https:\\\/\\\/jnegre.com\\\/wp-content\\\/uploads\\\/2020\\\/10\\\/jnegre-recambios-intercambiadores-de-calor.jpg\",\"contentUrl\":\"https:\\\/\\\/jnegre.com\\\/wp-content\\\/uploads\\\/2020\\\/10\\\/jnegre-recambios-intercambiadores-de-calor.jpg\",\"width\":800,\"height\":800,\"caption\":\"Recanvis intercanviadors de calor\"},{\"@type\":\"BreadcrumbList\",\"@id\":\"https:\\\/\\\/jnegre.com\\\/ca\\\/producto\\\/recanvis-intercanviadors-de-calor-2\\\/#breadcrumb\",\"itemListElement\":[{\"@type\":\"ListItem\",\"position\":1,\"name\":\"Inicio\",\"item\":\"https:\\\/\\\/jnegre.com\\\/ca\\\/\"},{\"@type\":\"ListItem\",\"position\":2,\"name\":\"Tienda\",\"item\":\"https:\\\/\\\/jnegre.com\\\/ca\\\/tienda\\\/\"},{\"@type\":\"ListItem\",\"position\":3,\"name\":\"Intercanviadors de calor\",\"item\":\"https:\\\/\\\/jnegre.com\\\/ca\\\/categoria-producto\\\/intercanviadors-de-calor\\\/\"},{\"@type\":\"ListItem\",\"position\":4,\"name\":\"Recanvis Intercanviadors de calor\"}]},{\"@type\":\"WebSite\",\"@id\":\"https:\\\/\\\/jnegre.com\\\/ca\\\/#website\",\"url\":\"https:\\\/\\\/jnegre.com\\\/ca\\\/\",\"name\":\"J.Negre | Expertos en Intercambio T\u00e9rmico y Refrigeraci\u00f3n Industrial desde 1978\",\"description\":\"Intercambiadores de placas Sondex, torres de refrigeraci\u00f3n, enfriadoras magn\u00e9ticas y m\u00e1s. Servicio t\u00e9cnico y suministro con m\u00e1s de 30 a\u00f1os de experiencia\",\"publisher\":{\"@id\":\"https:\\\/\\\/jnegre.com\\\/ca\\\/#organization\"},\"potentialAction\":[{\"@type\":\"SearchAction\",\"target\":{\"@type\":\"EntryPoint\",\"urlTemplate\":\"https:\\\/\\\/jnegre.com\\\/ca\\\/?s={search_term_string}\"},\"query-input\":{\"@type\":\"PropertyValueSpecification\",\"valueRequired\":true,\"valueName\":\"search_term_string\"}}],\"inLanguage\":\"ca\"},{\"@type\":\"Organization\",\"@id\":\"https:\\\/\\\/jnegre.com\\\/ca\\\/#organization\",\"name\":\"J. Negre C.\",\"url\":\"https:\\\/\\\/jnegre.com\\\/ca\\\/\",\"logo\":{\"@type\":\"ImageObject\",\"inLanguage\":\"ca\",\"@id\":\"https:\\\/\\\/jnegre.com\\\/ca\\\/#\\\/schema\\\/logo\\\/image\\\/\",\"url\":\"https:\\\/\\\/jnegre.com\\\/wp-content\\\/uploads\\\/2021\\\/05\\\/jnegre-logo-tagline.png\",\"contentUrl\":\"https:\\\/\\\/jnegre.com\\\/wp-content\\\/uploads\\\/2021\\\/05\\\/jnegre-logo-tagline.png\",\"width\":1411,\"height\":380,\"caption\":\"J. Negre C.\"},\"image\":{\"@id\":\"https:\\\/\\\/jnegre.com\\\/ca\\\/#\\\/schema\\\/logo\\\/image\\\/\"}}]}<\/script>\n<!-- \/ Yoast SEO plugin. -->","yoast_head_json":{"title":"Recanvis Intercanviadors de calor | J.Negre | Expertos en Intercambio T\u00e9rmico y Refrigeraci\u00f3n Industrial desde 1978","description":"Recanvis Intercanviadors de calor. Recanvis originals Alfa laval, Tranter, Sondex, Vicarb, etc. amb garantia.","robots":{"index":"index","follow":"follow","max-snippet":"max-snippet:-1","max-image-preview":"max-image-preview:large","max-video-preview":"max-video-preview:-1"},"canonical":"https:\/\/jnegre.com\/ca\/producto\/recanvis-intercanviadors-de-calor-2\/","og_locale":"ca_ES","og_type":"article","og_title":"Recanvis Intercanviadors de calor | J.Negre | Expertos en Intercambio T\u00e9rmico y Refrigeraci\u00f3n Industrial desde 1978","og_description":"Recanvis Intercanviadors de calor. Recanvis originals Alfa laval, Tranter, Sondex, Vicarb, etc. amb garantia.","og_url":"https:\/\/jnegre.com\/ca\/producto\/recanvis-intercanviadors-de-calor-2\/","og_site_name":"J.Negre | Expertos en Intercambio T\u00e9rmico y Refrigeraci\u00f3n Industrial desde 1978","article_modified_time":"2023-12-21T17:56:04+00:00","og_image":[{"width":800,"height":800,"url":"https:\/\/jnegre.com\/wp-content\/uploads\/2020\/10\/jnegre-recambios-intercambiadores-de-calor.jpg","type":"image\/jpeg"}],"twitter_card":"summary_large_image","twitter_misc":{"Temps estimat de lectura":"1 minut"},"schema":{"@context":"https:\/\/schema.org","@graph":[{"@type":"WebPage","@id":"https:\/\/jnegre.com\/ca\/producto\/recanvis-intercanviadors-de-calor-2\/","url":"https:\/\/jnegre.com\/ca\/producto\/recanvis-intercanviadors-de-calor-2\/","name":"Recanvis Intercanviadors de calor | J.Negre | Expertos en Intercambio T\u00e9rmico y Refrigeraci\u00f3n Industrial desde 1978","isPartOf":{"@id":"https:\/\/jnegre.com\/ca\/#website"},"primaryImageOfPage":{"@id":"https:\/\/jnegre.com\/ca\/producto\/recanvis-intercanviadors-de-calor-2\/#primaryimage"},"image":{"@id":"https:\/\/jnegre.com\/ca\/producto\/recanvis-intercanviadors-de-calor-2\/#primaryimage"},"thumbnailUrl":"https:\/\/jnegre.com\/wp-content\/uploads\/2020\/10\/jnegre-recambios-intercambiadores-de-calor.jpg","datePublished":"2020-10-12T12:14:56+00:00","dateModified":"2023-12-21T17:56:04+00:00","description":"Recanvis Intercanviadors de calor. Recanvis originals Alfa laval, Tranter, Sondex, Vicarb, etc. amb garantia.","breadcrumb":{"@id":"https:\/\/jnegre.com\/ca\/producto\/recanvis-intercanviadors-de-calor-2\/#breadcrumb"},"inLanguage":"ca","potentialAction":[{"@type":"ReadAction","target":["https:\/\/jnegre.com\/ca\/producto\/recanvis-intercanviadors-de-calor-2\/"]}]},{"@type":"ImageObject","inLanguage":"ca","@id":"https:\/\/jnegre.com\/ca\/producto\/recanvis-intercanviadors-de-calor-2\/#primaryimage","url":"https:\/\/jnegre.com\/wp-content\/uploads\/2020\/10\/jnegre-recambios-intercambiadores-de-calor.jpg","contentUrl":"https:\/\/jnegre.com\/wp-content\/uploads\/2020\/10\/jnegre-recambios-intercambiadores-de-calor.jpg","width":800,"height":800,"caption":"Recanvis intercanviadors de calor"},{"@type":"BreadcrumbList","@id":"https:\/\/jnegre.com\/ca\/producto\/recanvis-intercanviadors-de-calor-2\/#breadcrumb","itemListElement":[{"@type":"ListItem","position":1,"name":"Inicio","item":"https:\/\/jnegre.com\/ca\/"},{"@type":"ListItem","position":2,"name":"Tienda","item":"https:\/\/jnegre.com\/ca\/tienda\/"},{"@type":"ListItem","position":3,"name":"Intercanviadors de calor","item":"https:\/\/jnegre.com\/ca\/categoria-producto\/intercanviadors-de-calor\/"},{"@type":"ListItem","position":4,"name":"Recanvis Intercanviadors de calor"}]},{"@type":"WebSite","@id":"https:\/\/jnegre.com\/ca\/#website","url":"https:\/\/jnegre.com\/ca\/","name":"J.Negre | Expertos en Intercambio T\u00e9rmico y Refrigeraci\u00f3n Industrial desde 1978","description":"Intercambiadores de placas Sondex, torres de refrigeraci\u00f3n, enfriadoras magn\u00e9ticas y m\u00e1s. Servicio t\u00e9cnico y suministro con m\u00e1s de 30 a\u00f1os de experiencia","publisher":{"@id":"https:\/\/jnegre.com\/ca\/#organization"},"potentialAction":[{"@type":"SearchAction","target":{"@type":"EntryPoint","urlTemplate":"https:\/\/jnegre.com\/ca\/?s={search_term_string}"},"query-input":{"@type":"PropertyValueSpecification","valueRequired":true,"valueName":"search_term_string"}}],"inLanguage":"ca"},{"@type":"Organization","@id":"https:\/\/jnegre.com\/ca\/#organization","name":"J. Negre C.","url":"https:\/\/jnegre.com\/ca\/","logo":{"@type":"ImageObject","inLanguage":"ca","@id":"https:\/\/jnegre.com\/ca\/#\/schema\/logo\/image\/","url":"https:\/\/jnegre.com\/wp-content\/uploads\/2021\/05\/jnegre-logo-tagline.png","contentUrl":"https:\/\/jnegre.com\/wp-content\/uploads\/2021\/05\/jnegre-logo-tagline.png","width":1411,"height":380,"caption":"J. Negre C."},"image":{"@id":"https:\/\/jnegre.com\/ca\/#\/schema\/logo\/image\/"}}]}},"_links":{"self":[{"href":"https:\/\/jnegre.com\/ca\/wp-json\/wp\/v2\/product\/3602","targetHints":{"allow":["GET"]}}],"collection":[{"href":"https:\/\/jnegre.com\/ca\/wp-json\/wp\/v2\/product"}],"about":[{"href":"https:\/\/jnegre.com\/ca\/wp-json\/wp\/v2\/types\/product"}],"wp:featuredmedia":[{"embeddable":true,"href":"https:\/\/jnegre.com\/ca\/wp-json\/wp\/v2\/media\/3886"}],"wp:attachment":[{"href":"https:\/\/jnegre.com\/ca\/wp-json\/wp\/v2\/media?parent=3602"}],"wp:term":[{"taxonomy":"product_brand","embeddable":true,"href":"https:\/\/jnegre.com\/ca\/wp-json\/wp\/v2\/product_brand?post=3602"},{"taxonomy":"product_cat","embeddable":true,"href":"https:\/\/jnegre.com\/ca\/wp-json\/wp\/v2\/product_cat?post=3602"},{"taxonomy":"product_tag","embeddable":true,"href":"https:\/\/jnegre.com\/ca\/wp-json\/wp\/v2\/product_tag?post=3602"}],"curies":[{"name":"wp","href":"https:\/\/api.w.org\/{rel}","templated":true}]}}