{"id":3652,"date":"2020-08-07T17:21:54","date_gmt":"2020-08-07T16:21:54","guid":{"rendered":"https:\/\/jnegre.com\/politica-cookies\/"},"modified":"2024-04-17T11:54:25","modified_gmt":"2024-04-17T11:54:25","slug":"politica-cookies","status":"publish","type":"page","link":"https:\/\/jnegre.com\/ca\/politica-cookies\/","title":{"rendered":"Pol\u00edtica de Cookies"},"content":{"rendered":"\n<p>A jnegre.com utilitzem cookies per millorar l&#8217;experi\u00e8ncia de navegaci\u00f3 dels nostres usuaris. Les cookies s\u00f3n petits arxius de text que s&#8217;emmagatzemen al seu dispositiu quan visita el nostre lloc web. Ens ajuden a recordar les seves prefer\u00e8ncies i a analitzar com s&#8217;utilitza el nostre lloc per poder oferir-li un servei millor i m\u00e9s personalitzat.<\/p>\n\n<h3 class=\"wp-block-heading\">1. \u00bfQu\u00e8 s\u00f3n les cookies?<\/h3>\n\n<p>Les cookies s\u00f3n arxius de text que es descarreguen al seu dispositiu quan visita un lloc web. Aquests arxius contenen informaci\u00f3 que s&#8217;utilitza per recordar les seves prefer\u00e8ncies i millorar la seva experi\u00e8ncia de navegaci\u00f3. Les cookies poden ser temporals (cookies de sessi\u00f3) o permanents (cookies persistents).<\/p>\n\n<h3 class=\"wp-block-heading\">2. \u00bfCom utilitzem les cookies?<\/h3>\n\n<p>A jnegre.com utilitzem cookies per diversos fins, que inclouen, entre altres:<\/p>\n\n<ul class=\"wp-block-list\">\n<li>Recordar les seves prefer\u00e8ncies d&#8217;idioma i configuraci\u00f3.<\/li>\n\n\n\n<li>Analitzar com s&#8217;utilitza el nostre lloc web per millorar la seva funcionalitat i rendiment.<\/li>\n\n\n\n<li>Proporcionar publicitat personalitzada segons els seus interessos.<\/li>\n<\/ul>\n\n<h3 class=\"wp-block-heading\">3. Tipus de cookies que utilitzem<\/h3>\n\n<ul class=\"wp-block-list\">\n<li><strong>Cookies essencials:<\/strong> Aquestes cookies s\u00f3n necess\u00e0ries per al funcionament b\u00e0sic del nostre lloc web i no es poden desactivar en els nostres sistemes. Per general, nom\u00e9s s&#8217;estableixen en resposta a accions realitzades per vost\u00e8 que equivalen a una sol\u00b7licitud de serveis, com establir les seves prefer\u00e8ncies de privadesa, iniciar la sessi\u00f3 o completar formularis. Pot configurar el seu navegador per bloquejar o alertar sobre aquestes cookies, per\u00f2 algunes parts del lloc no funcionaran correctament.<\/li>\n\n\n\n<li><strong>Cookies de rendiment i an\u00e0lisi:<\/strong> Aquestes cookies ens permeten comptar les visites i fonts de tr\u00e0nsit perqu\u00e8 puguem mesurar i millorar el rendiment del nostre lloc. Ens ajuden a saber quines p\u00e0gines s\u00f3n les m\u00e9s i les menys populars i a veure com els visitants naveguen pel lloc. Tota la informaci\u00f3 que recopilen aquestes cookies \u00e9s agregada i, per tant, an\u00f2nima. Si no permet aquestes cookies, no sabrem quan va visitar el nostre lloc i no podrem controlar el seu rendiment.<\/li>\n\n\n\n<li><strong>Cookies de publicitat:<\/strong> Aquestes cookies poden ser establertes a trav\u00e9s del nostre lloc per els nostres socis de publicitat. Poden ser utilitzades per aquestes empreses per crear un perfil dels seus interessos i mostrar-li anuncis rellevants en altres llocs. No emmagatzemen directament informaci\u00f3 personal, sin\u00f3 que es basen en la identificaci\u00f3 \u00fanica del seu navegador i dispositiu d&#8217;Internet. Si no permet aquestes cookies, experimentar\u00e0 publicitat menys dirigida.<\/li>\n<\/ul>\n\n<h3 class=\"wp-block-heading\">4. Gesti\u00f3 de cookies<\/h3>\n\n<p>Pot controlar i administrar l&#8217;\u00fas de cookies al seu navegador. La majoria dels navegadors web li permeten configurar les seves prefer\u00e8ncies de cookies des del men\u00fa de configuraci\u00f3. Tanmateix, desactivar certes cookies pot afectar la funcionalitat del nostre lloc web i limitar la seva experi\u00e8ncia de navegaci\u00f3.<\/p>\n\n<h3 class=\"wp-block-heading\">5. Canvis en la nostra pol\u00edtica de cookies<\/h3>\n\n<p>Ens reservem el dret de modificar aquesta pol\u00edtica de cookies en qualsevol moment. Qualsevol canvi significatiu es comunicar\u00e0 clarament al nostre lloc web o mitjan\u00e7ant altres mitjans adequats.<\/p>\n\n<h3 class=\"wp-block-heading\">6. M\u00e9s informaci\u00f3<\/h3>\n\n<p>Si t\u00e9 alguna pregunta o necessita m\u00e9s informaci\u00f3 sobre la nostra pol\u00edtica de cookies, no dubti en posar-se en contacte amb nosaltres.<\/p>\n\n<div style=\"height:100px\" aria-hidden=\"true\" class=\"wp-block-spacer\"><\/div>\n","protected":false},"excerpt":{"rendered":"<p>A jnegre.com utilitzem cookies per millorar l&#8217;experi\u00e8ncia de navegaci\u00f3 dels nostres usuaris. Les cookies s\u00f3n petits arxius de text que s&#8217;emmagatzemen al seu dispositiu quan visita el nostre lloc web. Ens ajuden a recordar les seves prefer\u00e8ncies i a analitzar com s&#8217;utilitza el nostre lloc per poder oferir-li un servei millor i m\u00e9s personalitzat. 1. [&hellip;]<\/p>\n","protected":false},"author":2,"featured_media":0,"parent":0,"menu_order":0,"comment_status":"closed","ping_status":"closed","template":"","meta":{"footnotes":""},"class_list":["post-3652","page","type-page","status-publish","hentry"],"yoast_head":"<!-- This site is optimized with the Yoast SEO plugin v27.5 - https:\/\/yoast.com\/product\/yoast-seo-wordpress\/ -->\n<title>Pol\u00edtica de Cookies | J.Negre | Expertos en Intercambio T\u00e9rmico y Refrigeraci\u00f3n Industrial desde 1978<\/title>\n<meta name=\"robots\" content=\"index, follow, max-snippet:-1, max-image-preview:large, max-video-preview:-1\" \/>\n<link rel=\"canonical\" href=\"https:\/\/jnegre.com\/ca\/politica-cookies\/\" \/>\n<meta property=\"og:locale\" content=\"ca_ES\" \/>\n<meta property=\"og:type\" content=\"article\" \/>\n<meta property=\"og:title\" content=\"Pol\u00edtica de Cookies | J.Negre | Expertos en Intercambio T\u00e9rmico y Refrigeraci\u00f3n Industrial desde 1978\" \/>\n<meta property=\"og:description\" content=\"A jnegre.com utilitzem cookies per millorar l&#8217;experi\u00e8ncia de navegaci\u00f3 dels nostres usuaris. Les cookies s\u00f3n petits arxius de text que s&#8217;emmagatzemen al seu dispositiu quan visita el nostre lloc web. Ens ajuden a recordar les seves prefer\u00e8ncies i a analitzar com s&#8217;utilitza el nostre lloc per poder oferir-li un servei millor i m\u00e9s personalitzat. 1. [&hellip;]\" \/>\n<meta property=\"og:url\" content=\"https:\/\/jnegre.com\/ca\/politica-cookies\/\" \/>\n<meta property=\"og:site_name\" content=\"J.Negre | Expertos en Intercambio T\u00e9rmico y Refrigeraci\u00f3n Industrial desde 1978\" \/>\n<meta property=\"article:modified_time\" content=\"2024-04-17T11:54:25+00:00\" \/>\n<meta property=\"og:image\" content=\"https:\/\/jnegre.com\/wp-content\/uploads\/2020\/08\/jnegre-hospital-universitario-bellvitge-barcelona.jpg\" \/>\n\t<meta property=\"og:image:width\" content=\"840\" \/>\n\t<meta property=\"og:image:height\" content=\"424\" \/>\n\t<meta property=\"og:image:type\" content=\"image\/jpeg\" \/>\n<meta name=\"twitter:card\" content=\"summary_large_image\" \/>\n<meta name=\"twitter:label1\" content=\"Temps estimat de lectura\" \/>\n\t<meta name=\"twitter:data1\" content=\"3 minuts\" \/>\n<script type=\"application\/ld+json\" class=\"yoast-schema-graph\">{\"@context\":\"https:\\\/\\\/schema.org\",\"@graph\":[{\"@type\":\"WebPage\",\"@id\":\"https:\\\/\\\/jnegre.com\\\/ca\\\/politica-cookies\\\/\",\"url\":\"https:\\\/\\\/jnegre.com\\\/ca\\\/politica-cookies\\\/\",\"name\":\"Pol\u00edtica de Cookies | J.Negre | Expertos en Intercambio T\u00e9rmico y Refrigeraci\u00f3n Industrial desde 1978\",\"isPartOf\":{\"@id\":\"https:\\\/\\\/jnegre.com\\\/ca\\\/#website\"},\"datePublished\":\"2020-08-07T16:21:54+00:00\",\"dateModified\":\"2024-04-17T11:54:25+00:00\",\"breadcrumb\":{\"@id\":\"https:\\\/\\\/jnegre.com\\\/ca\\\/politica-cookies\\\/#breadcrumb\"},\"inLanguage\":\"ca\",\"potentialAction\":[{\"@type\":\"ReadAction\",\"target\":[\"https:\\\/\\\/jnegre.com\\\/ca\\\/politica-cookies\\\/\"]}]},{\"@type\":\"BreadcrumbList\",\"@id\":\"https:\\\/\\\/jnegre.com\\\/ca\\\/politica-cookies\\\/#breadcrumb\",\"itemListElement\":[{\"@type\":\"ListItem\",\"position\":1,\"name\":\"Inicio\",\"item\":\"https:\\\/\\\/jnegre.com\\\/ca\\\/\"},{\"@type\":\"ListItem\",\"position\":2,\"name\":\"Pol\u00edtica de Cookies\"}]},{\"@type\":\"WebSite\",\"@id\":\"https:\\\/\\\/jnegre.com\\\/ca\\\/#website\",\"url\":\"https:\\\/\\\/jnegre.com\\\/ca\\\/\",\"name\":\"J.Negre | Expertos en Intercambio T\u00e9rmico y Refrigeraci\u00f3n Industrial desde 1978\",\"description\":\"Intercambiadores de placas Sondex, torres de refrigeraci\u00f3n, enfriadoras magn\u00e9ticas y m\u00e1s. Servicio t\u00e9cnico y suministro con m\u00e1s de 30 a\u00f1os de experiencia\",\"publisher\":{\"@id\":\"https:\\\/\\\/jnegre.com\\\/ca\\\/#organization\"},\"potentialAction\":[{\"@type\":\"SearchAction\",\"target\":{\"@type\":\"EntryPoint\",\"urlTemplate\":\"https:\\\/\\\/jnegre.com\\\/ca\\\/?s={search_term_string}\"},\"query-input\":{\"@type\":\"PropertyValueSpecification\",\"valueRequired\":true,\"valueName\":\"search_term_string\"}}],\"inLanguage\":\"ca\"},{\"@type\":\"Organization\",\"@id\":\"https:\\\/\\\/jnegre.com\\\/ca\\\/#organization\",\"name\":\"J. Negre C.\",\"url\":\"https:\\\/\\\/jnegre.com\\\/ca\\\/\",\"logo\":{\"@type\":\"ImageObject\",\"inLanguage\":\"ca\",\"@id\":\"https:\\\/\\\/jnegre.com\\\/ca\\\/#\\\/schema\\\/logo\\\/image\\\/\",\"url\":\"https:\\\/\\\/jnegre.com\\\/wp-content\\\/uploads\\\/2021\\\/05\\\/jnegre-logo-tagline.png\",\"contentUrl\":\"https:\\\/\\\/jnegre.com\\\/wp-content\\\/uploads\\\/2021\\\/05\\\/jnegre-logo-tagline.png\",\"width\":1411,\"height\":380,\"caption\":\"J. Negre C.\"},\"image\":{\"@id\":\"https:\\\/\\\/jnegre.com\\\/ca\\\/#\\\/schema\\\/logo\\\/image\\\/\"}}]}<\/script>\n<!-- \/ Yoast SEO plugin. -->","yoast_head_json":{"title":"Pol\u00edtica de Cookies | J.Negre | Expertos en Intercambio T\u00e9rmico y Refrigeraci\u00f3n Industrial desde 1978","robots":{"index":"index","follow":"follow","max-snippet":"max-snippet:-1","max-image-preview":"max-image-preview:large","max-video-preview":"max-video-preview:-1"},"canonical":"https:\/\/jnegre.com\/ca\/politica-cookies\/","og_locale":"ca_ES","og_type":"article","og_title":"Pol\u00edtica de Cookies | J.Negre | Expertos en Intercambio T\u00e9rmico y Refrigeraci\u00f3n Industrial desde 1978","og_description":"A jnegre.com utilitzem cookies per millorar l&#8217;experi\u00e8ncia de navegaci\u00f3 dels nostres usuaris. Les cookies s\u00f3n petits arxius de text que s&#8217;emmagatzemen al seu dispositiu quan visita el nostre lloc web. Ens ajuden a recordar les seves prefer\u00e8ncies i a analitzar com s&#8217;utilitza el nostre lloc per poder oferir-li un servei millor i m\u00e9s personalitzat. 1. [&hellip;]","og_url":"https:\/\/jnegre.com\/ca\/politica-cookies\/","og_site_name":"J.Negre | Expertos en Intercambio T\u00e9rmico y Refrigeraci\u00f3n Industrial desde 1978","article_modified_time":"2024-04-17T11:54:25+00:00","og_image":[{"width":840,"height":424,"url":"https:\/\/jnegre.com\/wp-content\/uploads\/2020\/08\/jnegre-hospital-universitario-bellvitge-barcelona.jpg","type":"image\/jpeg"}],"twitter_card":"summary_large_image","twitter_misc":{"Temps estimat de lectura":"3 minuts"},"schema":{"@context":"https:\/\/schema.org","@graph":[{"@type":"WebPage","@id":"https:\/\/jnegre.com\/ca\/politica-cookies\/","url":"https:\/\/jnegre.com\/ca\/politica-cookies\/","name":"Pol\u00edtica de Cookies | J.Negre | Expertos en Intercambio T\u00e9rmico y Refrigeraci\u00f3n Industrial desde 1978","isPartOf":{"@id":"https:\/\/jnegre.com\/ca\/#website"},"datePublished":"2020-08-07T16:21:54+00:00","dateModified":"2024-04-17T11:54:25+00:00","breadcrumb":{"@id":"https:\/\/jnegre.com\/ca\/politica-cookies\/#breadcrumb"},"inLanguage":"ca","potentialAction":[{"@type":"ReadAction","target":["https:\/\/jnegre.com\/ca\/politica-cookies\/"]}]},{"@type":"BreadcrumbList","@id":"https:\/\/jnegre.com\/ca\/politica-cookies\/#breadcrumb","itemListElement":[{"@type":"ListItem","position":1,"name":"Inicio","item":"https:\/\/jnegre.com\/ca\/"},{"@type":"ListItem","position":2,"name":"Pol\u00edtica de Cookies"}]},{"@type":"WebSite","@id":"https:\/\/jnegre.com\/ca\/#website","url":"https:\/\/jnegre.com\/ca\/","name":"J.Negre | Expertos en Intercambio T\u00e9rmico y Refrigeraci\u00f3n Industrial desde 1978","description":"Intercambiadores de placas Sondex, torres de refrigeraci\u00f3n, enfriadoras magn\u00e9ticas y m\u00e1s. Servicio t\u00e9cnico y suministro con m\u00e1s de 30 a\u00f1os de experiencia","publisher":{"@id":"https:\/\/jnegre.com\/ca\/#organization"},"potentialAction":[{"@type":"SearchAction","target":{"@type":"EntryPoint","urlTemplate":"https:\/\/jnegre.com\/ca\/?s={search_term_string}"},"query-input":{"@type":"PropertyValueSpecification","valueRequired":true,"valueName":"search_term_string"}}],"inLanguage":"ca"},{"@type":"Organization","@id":"https:\/\/jnegre.com\/ca\/#organization","name":"J. Negre C.","url":"https:\/\/jnegre.com\/ca\/","logo":{"@type":"ImageObject","inLanguage":"ca","@id":"https:\/\/jnegre.com\/ca\/#\/schema\/logo\/image\/","url":"https:\/\/jnegre.com\/wp-content\/uploads\/2021\/05\/jnegre-logo-tagline.png","contentUrl":"https:\/\/jnegre.com\/wp-content\/uploads\/2021\/05\/jnegre-logo-tagline.png","width":1411,"height":380,"caption":"J. Negre C."},"image":{"@id":"https:\/\/jnegre.com\/ca\/#\/schema\/logo\/image\/"}}]}},"_links":{"self":[{"href":"https:\/\/jnegre.com\/ca\/wp-json\/wp\/v2\/pages\/3652","targetHints":{"allow":["GET"]}}],"collection":[{"href":"https:\/\/jnegre.com\/ca\/wp-json\/wp\/v2\/pages"}],"about":[{"href":"https:\/\/jnegre.com\/ca\/wp-json\/wp\/v2\/types\/page"}],"author":[{"embeddable":true,"href":"https:\/\/jnegre.com\/ca\/wp-json\/wp\/v2\/users\/2"}],"replies":[{"embeddable":true,"href":"https:\/\/jnegre.com\/ca\/wp-json\/wp\/v2\/comments?post=3652"}],"version-history":[{"count":5,"href":"https:\/\/jnegre.com\/ca\/wp-json\/wp\/v2\/pages\/3652\/revisions"}],"predecessor-version":[{"id":4928,"href":"https:\/\/jnegre.com\/ca\/wp-json\/wp\/v2\/pages\/3652\/revisions\/4928"}],"wp:attachment":[{"href":"https:\/\/jnegre.com\/ca\/wp-json\/wp\/v2\/media?parent=3652"}],"curies":[{"name":"wp","href":"https:\/\/api.w.org\/{rel}","templated":true}]}}